{"id":1001,"date":"2019-10-24T12:45:11","date_gmt":"2019-10-24T09:45:11","guid":{"rendered":"https:\/\/kolbus.lv\/?page_id=1001"},"modified":"2020-08-23T21:38:46","modified_gmt":"2020-08-23T18:38:46","slug":"sa-260","status":"publish","type":"page","link":"https:\/\/kolbus.lv\/?page_id=1001","title":{"rendered":"SA 260"},"content":{"rendered":"\t\t<div data-elementor-type=\"wp-page\" data-elementor-id=\"1001\" class=\"elementor elementor-1001\">\n\t\t\t\t\t\t<section class=\"elementor-section elementor-top-section elementor-element elementor-element-54737c3 elementor-section-boxed elementor-section-height-default elementor-section-height-default\" data-id=\"54737c3\" data-element_type=\"section\">\n\t\t\t\t\t\t<div class=\"elementor-container elementor-column-gap-default\">\n\t\t\t\t\t<div class=\"elementor-column elementor-col-100 elementor-top-column elementor-element elementor-element-9562e48\" data-id=\"9562e48\" data-element_type=\"column\">\n\t\t\t<div class=\"elementor-widget-wrap elementor-element-populated\">\n\t\t\t\t\t\t<div class=\"elementor-element elementor-element-ccf49bc elementor-widget-divider--view-line elementor-widget elementor-widget-divider\" data-id=\"ccf49bc\" data-element_type=\"widget\" data-widget_type=\"divider.default\">\n\t\t\t\t<div class=\"elementor-widget-container\">\n\t\t\t\t\t\t\t<div class=\"elementor-divider\">\n\t\t\t<span class=\"elementor-divider-separator\">\n\t\t\t\t\t\t<\/span>\n\t\t<\/div>\n\t\t\t\t\t\t<\/div>\n\t\t\t\t<\/div>\n\t\t\t\t<div class=\"elementor-element elementor-element-9bfc3cb elementor-widget elementor-widget-text-editor\" data-id=\"9bfc3cb\" data-element_type=\"widget\" data-widget_type=\"text-editor.default\">\n\t\t\t\t<div class=\"elementor-widget-container\">\n\t\t\t\t\t\t\t\t\t<h3><span style=\"color: #333333;\"><strong>Materi\u0101lu apl\u012bm\u0113\u0161nanas iek\u0101rta SA 260<\/strong><\/span><\/h3>\t\t\t\t\t\t\t\t<\/div>\n\t\t\t\t<\/div>\n\t\t\t\t<div class=\"elementor-element elementor-element-3bcc47f elementor-widget-divider--view-line elementor-widget elementor-widget-divider\" data-id=\"3bcc47f\" data-element_type=\"widget\" data-widget_type=\"divider.default\">\n\t\t\t\t<div class=\"elementor-widget-container\">\n\t\t\t\t\t\t\t<div class=\"elementor-divider\">\n\t\t\t<span class=\"elementor-divider-separator\">\n\t\t\t\t\t\t<\/span>\n\t\t<\/div>\n\t\t\t\t\t\t<\/div>\n\t\t\t\t<\/div>\n\t\t\t\t<div class=\"elementor-element elementor-element-f9b59ff elementor-widget elementor-widget-text-editor\" data-id=\"f9b59ff\" data-element_type=\"widget\" data-widget_type=\"text-editor.default\">\n\t\t\t\t<div class=\"elementor-widget-container\">\n\t\t\t\t\t\t\t\t\t<p>Piln\u012bgi autom\u0101tiskai materi\u0101la apl\u012bm\u0113\u0161anai &#8211; kast\u0113m, gr\u0101matu v\u0101kiem, kalend\u0101ru aizmugur\u0113m u.t.t. l\u012bdz pat 45 cikliem min\u016bt\u0113.<\/p>\t\t\t\t\t\t\t\t<\/div>\n\t\t\t\t<\/div>\n\t\t\t\t<div class=\"elementor-element elementor-element-860bcc9 elementor-widget-divider--view-line elementor-widget elementor-widget-divider\" data-id=\"860bcc9\" data-element_type=\"widget\" data-widget_type=\"divider.default\">\n\t\t\t\t<div class=\"elementor-widget-container\">\n\t\t\t\t\t\t\t<div class=\"elementor-divider\">\n\t\t\t<span class=\"elementor-divider-separator\">\n\t\t\t\t\t\t<\/span>\n\t\t<\/div>\n\t\t\t\t\t\t<\/div>\n\t\t\t\t<\/div>\n\t\t\t\t<div class=\"elementor-element elementor-element-630f40c elementor-widget elementor-widget-image\" data-id=\"630f40c\" data-element_type=\"widget\" data-widget_type=\"image.default\">\n\t\t\t\t<div class=\"elementor-widget-container\">\n\t\t\t\t\t\t\t\t\t\t\t\t<figure class=\"wp-caption\">\n\t\t\t\t\t\t\t\t\t\t\t<a href=\"https:\/\/kolbus.jd.id.lv\/wp-content\/uploads\/2019\/10\/csm_DA-260_perspektivkolbus_27fcc170df.jpg\" data-elementor-open-lightbox=\"yes\" data-elementor-lightbox-title=\"KOLBUS V\u0101ku izgatavo\u0161anas Iek\u0101rta DA 260\" data-elementor-lightbox-description=\"KOLBUS V\u0101ku izgatavo\u0161anas Iek\u0101rta DA 260\" data-e-action-hash=\"#elementor-action%3Aaction%3Dlightbox%26settings%3DeyJpZCI6ODA3LCJ1cmwiOiJodHRwczpcL1wva29sYnVzLmx2XC93cC1jb250ZW50XC91cGxvYWRzXC8yMDE5XC8xMFwvY3NtX0RBLTI2MF9wZXJzcGVrdGl2a29sYnVzXzI3ZmNjMTcwZGYuanBnIn0%3D\">\n\t\t\t\t\t\t\t<img fetchpriority=\"high\" decoding=\"async\" width=\"960\" height=\"500\" src=\"https:\/\/kolbus.lv\/wp-content\/uploads\/2019\/10\/csm_DA-260_perspektivkolbus_27fcc170df.jpg\" class=\"attachment-large size-large wp-image-807\" alt=\"KOLBUS V\u0101ku izgatavo\u0161anas Iek\u0101rta DA 260\" srcset=\"https:\/\/kolbus.lv\/wp-content\/uploads\/2019\/10\/csm_DA-260_perspektivkolbus_27fcc170df.jpg 960w, https:\/\/kolbus.lv\/wp-content\/uploads\/2019\/10\/csm_DA-260_perspektivkolbus_27fcc170df-300x156.jpg 300w, https:\/\/kolbus.lv\/wp-content\/uploads\/2019\/10\/csm_DA-260_perspektivkolbus_27fcc170df-768x400.jpg 768w\" sizes=\"(max-width: 960px) 100vw, 960px\" \/>\t\t\t\t\t\t\t\t<\/a>\n\t\t\t\t\t\t\t\t\t\t\t<figcaption class=\"widget-image-caption wp-caption-text\">Materi\u0101lu apl\u012bm\u0113\u0161nanas iek\u0101rta SA 260<\/figcaption>\n\t\t\t\t\t\t\t\t\t\t<\/figure>\n\t\t\t\t\t\t\t\t\t<\/div>\n\t\t\t\t<\/div>\n\t\t\t\t<div class=\"elementor-element elementor-element-147bcca elementor-widget-divider--view-line elementor-widget elementor-widget-divider\" data-id=\"147bcca\" data-element_type=\"widget\" data-widget_type=\"divider.default\">\n\t\t\t\t<div class=\"elementor-widget-container\">\n\t\t\t\t\t\t\t<div class=\"elementor-divider\">\n\t\t\t<span class=\"elementor-divider-separator\">\n\t\t\t\t\t\t<\/span>\n\t\t<\/div>\n\t\t\t\t\t\t<\/div>\n\t\t\t\t<\/div>\n\t\t\t\t<div class=\"elementor-element elementor-element-aae4fda elementor-widget elementor-widget-text-editor\" data-id=\"aae4fda\" data-element_type=\"widget\" data-widget_type=\"text-editor.default\">\n\t\t\t\t<div class=\"elementor-widget-container\">\n\t\t\t\t\t\t\t\t\t<p><strong>Plusi<\/strong><\/p><ul><li>Ergonomiski perfekti izveidots materi\u0101laievieto\u0161anai un no\u0146em\u0161anai.<\/li><li>Pateicoties atsevi\u0161\u0137\u0101m servo padev\u0113m katr\u0101 proces\u0101 daudz stabil\u0101ks ra\u017e. process iev\u0113rojami maz\u0101k br\u0101\u0137u, un \u0113rt\u0101ka iek\u0101rtas vad\u012bba<\/li><li>Parbaud\u012bta pieredze optim\u0101li izmantojot autom\u0101tikas un manu\u0101los, rokas iestat\u012bjumus<\/li><li>Dubultcilindru sist\u0113ma l\u012bm\u0113\u0161anas sekcij\u0101 , nodro\u0161ina pl\u0101nu un vienm\u0113r\u012bgu l\u012bmes k\u0101rtu.\u00a0<\/li><li>No ma\u0161\u012bnas \u0113rti izvelkama l\u012bme\u0161anas stacija viegl\u0101kai aukst\u0101s un karst\u0101s l\u012bmes apstr\u0101dei, mai\u0146ai.<\/li><\/ul>\t\t\t\t\t\t\t\t<\/div>\n\t\t\t\t<\/div>\n\t\t\t\t<div class=\"elementor-element elementor-element-e81b62d elementor-widget elementor-widget-text-editor\" data-id=\"e81b62d\" data-element_type=\"widget\" data-widget_type=\"text-editor.default\">\n\t\t\t\t<div class=\"elementor-widget-container\">\n\t\t\t\t\t\t\t\t\t<p><strong>Iesp\u0113jas<\/strong><\/p><p>Izmantojot k\u0101 atsevi\u0161\u0137i st\u0101vo\u0161u iek\u0101rtu<\/p><ul><li id=\"mt-result-6\" class=\"mt-translation hover\" aria-haspopup=\"true\"><span class=\"sentence sentence-6-0 hover\"><span class=\"phrase phrase-6-0-1-2-3-4-0-1-2-3 hover\"><span class=\"word word-6-2-2 word-6-3-2 hover\">Lok\u0161\u0146u pa\u0161pielic\u0113ju manu\u0101lai<\/span> <span class=\"word word-6-4-3\">iekrau\u0161anai<\/span><\/span><\/span><\/li><li>Kaudz\u012b\u0161u kr\u0101v\u0113js\u00a0<span class=\"word word-13-3-3\">ar<\/span> <span class=\"word word-13-4-4\">sekojo\u0161u<\/span> <span class=\"word word-13-5-5\">rull\u012b\u0161u<\/span>\u00a0<span class=\"word word-13-6-6\">konveijeru<\/span><\/li><\/ul><p>Apvienojot ar DA 260<\/p><ul><li id=\"mt-result-30\" class=\"mt-translation\" aria-haspopup=\"true\"><span class=\"sentence sentence-30-0\"><span class=\"phrase phrase-30-0-1-2-3-4-5-6-0-1-2-3-4-5\">Lok\u0161\u0146u pa\u0161pielic\u0113j\u00a0<span class=\"word word-30-2-2\">konveijers<\/span> <span class=\"word word-30-3-3 word-30-4-3\">autom\u0101tiskai materi\u0101lu ievad\u012b\u0161anai,<\/span>\u00a0<span class=\"word word-30-6-5\">p\u0101rl\u0101d\u0113\u0161anai<\/span><\/span><\/span><\/li><li>Kaudz\u012b\u0161u kr\u0101v\u0113js\u00a0<span class=\"word word-13-3-3\">ar<\/span> <span class=\"word word-13-4-4\">sekojo\u0161u<\/span> <span class=\"word word-13-5-5\">rull\u012b\u0161u<\/span>\u00a0<span class=\"word word-13-6-6\">konveijeru &#8211; produkcijasizvad\u012b\u0161anai<\/span><\/li><\/ul><p id=\"mt-result-39\" class=\"mt-translation\" aria-haspopup=\"true\"><span class=\"sentence sentence-39-0\"><span class=\"phrase phrase-39-0-1-2-3-4-5-6-7-8-0-1-2-3-4-5-6\"><span class=\"word word-39-2-1 word-39-3-1\">Iek\u0101rtas<\/span>\u00a0<span class=\"word word-39-6-2 sibling-39-6-5\">izmanto\u0161ana<\/span> <span class=\"word word-39-1-3 word-39-4-3 word-39-5-3\">kastu<\/span> <span class=\"word word-39-7-4\">izgatavo\u0161anas<\/span>\u00a0<span class=\"word word-39-8-6\">l\u012bnij\u0101<\/span><\/span><\/span><\/p><ul><li>Viena v\u0101ka padeve<\/li><li>Apgrie\u0161anas ier\u012bce vienam v\u0101kam\u00a0<\/li><li>Viena v\u0101ka izvad\u012b\u0161ana \u0101r\u0101 no iek\u0101rtas\u00a0<\/li><\/ul><div>\u00a0<\/div>\t\t\t\t\t\t\t\t<\/div>\n\t\t\t\t<\/div>\n\t\t\t\t<section class=\"elementor-section elementor-inner-section elementor-element elementor-element-6d62d7f elementor-section-boxed elementor-section-height-default elementor-section-height-default\" data-id=\"6d62d7f\" data-element_type=\"section\">\n\t\t\t\t\t\t<div class=\"elementor-container elementor-column-gap-default\">\n\t\t\t\t\t<div class=\"elementor-column elementor-col-50 elementor-inner-column elementor-element elementor-element-deb659e\" data-id=\"deb659e\" data-element_type=\"column\">\n\t\t\t<div class=\"elementor-widget-wrap elementor-element-populated\">\n\t\t\t\t\t\t<div class=\"elementor-element elementor-element-abe06f1 elementor-widget elementor-widget-image\" data-id=\"abe06f1\" data-element_type=\"widget\" data-widget_type=\"image.default\">\n\t\t\t\t<div class=\"elementor-widget-container\">\n\t\t\t\t\t\t\t\t\t\t\t\t<figure class=\"wp-caption\">\n\t\t\t\t\t\t\t\t\t\t\t<a href=\"https:\/\/kolbus.lv\/wp-content\/uploads\/2020\/08\/csm_sa260-spiegelklebeautomat-spiegeln-5tlgdecken-kolbus_0d28244b0e.jpg\" data-elementor-open-lightbox=\"yes\" data-elementor-lightbox-title=\"csm_sa260-spiegelklebeautomat-spiegeln-5tlgdecken-kolbus_0d28244b0e\" data-e-action-hash=\"#elementor-action%3Aaction%3Dlightbox%26settings%3DeyJpZCI6MTc3MCwidXJsIjoiaHR0cHM6XC9cL2tvbGJ1cy5sdlwvd3AtY29udGVudFwvdXBsb2Fkc1wvMjAyMFwvMDhcL2NzbV9zYTI2MC1zcGllZ2Vsa2xlYmVhdXRvbWF0LXNwaWVnZWxuLTV0bGdkZWNrZW4ta29sYnVzXzBkMjgyNDRiMGUuanBnIn0%3D\">\n\t\t\t\t\t\t\t<img decoding=\"async\" width=\"475\" height=\"357\" src=\"https:\/\/kolbus.lv\/wp-content\/uploads\/2020\/08\/csm_sa260-spiegelklebeautomat-spiegeln-5tlgdecken-kolbus_0d28244b0e.jpg\" class=\"attachment-medium_large size-medium_large wp-image-1770\" alt=\"\" srcset=\"https:\/\/kolbus.lv\/wp-content\/uploads\/2020\/08\/csm_sa260-spiegelklebeautomat-spiegeln-5tlgdecken-kolbus_0d28244b0e.jpg 475w, https:\/\/kolbus.lv\/wp-content\/uploads\/2020\/08\/csm_sa260-spiegelklebeautomat-spiegeln-5tlgdecken-kolbus_0d28244b0e-300x225.jpg 300w\" sizes=\"(max-width: 475px) 100vw, 475px\" \/>\t\t\t\t\t\t\t\t<\/a>\n\t\t\t\t\t\t\t\t\t\t\t<figcaption class=\"widget-image-caption wp-caption-text\">Piln\u012bgi autom\u0101tiska materi\u0101lu apl\u012bm\u0113\u0161ana gr. v\u0101kam no 5 da\u013c\u0101m<\/figcaption>\n\t\t\t\t\t\t\t\t\t\t<\/figure>\n\t\t\t\t\t\t\t\t\t<\/div>\n\t\t\t\t<\/div>\n\t\t\t\t\t<\/div>\n\t\t<\/div>\n\t\t\t\t<div class=\"elementor-column elementor-col-50 elementor-inner-column elementor-element elementor-element-bc19548\" data-id=\"bc19548\" data-element_type=\"column\">\n\t\t\t<div class=\"elementor-widget-wrap elementor-element-populated\">\n\t\t\t\t\t\t<div class=\"elementor-element elementor-element-64dae0a elementor-widget elementor-widget-image\" data-id=\"64dae0a\" data-element_type=\"widget\" data-widget_type=\"image.default\">\n\t\t\t\t<div class=\"elementor-widget-container\">\n\t\t\t\t\t\t\t\t\t\t\t\t<figure class=\"wp-caption\">\n\t\t\t\t\t\t\t\t\t\t\t<a href=\"https:\/\/kolbus.lv\/wp-content\/uploads\/2020\/08\/csm_sa260-wendeeinrichtung-inline-da260-kolbus_e936452a0d.jpg\" data-elementor-open-lightbox=\"yes\" data-elementor-lightbox-title=\"csm_sa260-wendeeinrichtung-inline-da260-kolbus_e936452a0d\" data-e-action-hash=\"#elementor-action%3Aaction%3Dlightbox%26settings%3DeyJpZCI6MTc3MSwidXJsIjoiaHR0cHM6XC9cL2tvbGJ1cy5sdlwvd3AtY29udGVudFwvdXBsb2Fkc1wvMjAyMFwvMDhcL2NzbV9zYTI2MC13ZW5kZWVpbnJpY2h0dW5nLWlubGluZS1kYTI2MC1rb2xidXNfZTkzNjQ1MmEwZC5qcGcifQ%3D%3D\">\n\t\t\t\t\t\t\t<img decoding=\"async\" width=\"475\" height=\"357\" src=\"https:\/\/kolbus.lv\/wp-content\/uploads\/2020\/08\/csm_sa260-wendeeinrichtung-inline-da260-kolbus_e936452a0d.jpg\" class=\"attachment-medium_large size-medium_large wp-image-1771\" alt=\"\" srcset=\"https:\/\/kolbus.lv\/wp-content\/uploads\/2020\/08\/csm_sa260-wendeeinrichtung-inline-da260-kolbus_e936452a0d.jpg 475w, https:\/\/kolbus.lv\/wp-content\/uploads\/2020\/08\/csm_sa260-wendeeinrichtung-inline-da260-kolbus_e936452a0d-300x225.jpg 300w\" sizes=\"(max-width: 475px) 100vw, 475px\" \/>\t\t\t\t\t\t\t\t<\/a>\n\t\t\t\t\t\t\t\t\t\t\t<figcaption class=\"widget-image-caption wp-caption-text\">DA 260 apgrie\u0161anas iek\u0101rta savietojum\u0101 ar SA 260<\/figcaption>\n\t\t\t\t\t\t\t\t\t\t<\/figure>\n\t\t\t\t\t\t\t\t\t<\/div>\n\t\t\t\t<\/div>\n\t\t\t\t\t<\/div>\n\t\t<\/div>\n\t\t\t\t\t<\/div>\n\t\t<\/section>\n\t\t\t\t<div class=\"elementor-element elementor-element-eae2787 elementor-widget-divider--view-line elementor-widget elementor-widget-divider\" data-id=\"eae2787\" data-element_type=\"widget\" data-widget_type=\"divider.default\">\n\t\t\t\t<div class=\"elementor-widget-container\">\n\t\t\t\t\t\t\t<div class=\"elementor-divider\">\n\t\t\t<span class=\"elementor-divider-separator\">\n\t\t\t\t\t\t<\/span>\n\t\t<\/div>\n\t\t\t\t\t\t<\/div>\n\t\t\t\t<\/div>\n\t\t\t\t<div class=\"elementor-element elementor-element-3482f48 elementor-widget elementor-widget-toggle\" data-id=\"3482f48\" data-element_type=\"widget\" data-widget_type=\"toggle.default\">\n\t\t\t\t<div class=\"elementor-widget-container\">\n\t\t\t\t\t\t\t<div class=\"elementor-toggle\">\n\t\t\t\t\t\t\t<div class=\"elementor-toggle-item\">\n\t\t\t\t\t<div id=\"elementor-tab-title-5501\" class=\"elementor-tab-title\" data-tab=\"1\" role=\"button\" aria-controls=\"elementor-tab-content-5501\" aria-expanded=\"false\">\n\t\t\t\t\t\t\t\t\t\t\t\t<span class=\"elementor-toggle-icon elementor-toggle-icon-left\" aria-hidden=\"true\">\n\t\t\t\t\t\t\t\t\t\t\t\t\t\t\t<span class=\"elementor-toggle-icon-closed\"><i class=\"fas fa-caret-right\"><\/i><\/span>\n\t\t\t\t\t\t\t\t<span class=\"elementor-toggle-icon-opened\"><i class=\"elementor-toggle-icon-opened fas fa-caret-up\"><\/i><\/span>\n\t\t\t\t\t\t\t\t\t\t\t\t\t<\/span>\n\t\t\t\t\t\t\t\t\t\t\t\t<a class=\"elementor-toggle-title\" tabindex=\"0\">Tehniskie dati<\/a>\n\t\t\t\t\t<\/div>\n\n\t\t\t\t\t<div id=\"elementor-tab-content-5501\" class=\"elementor-tab-content elementor-clearfix\" data-tab=\"1\" role=\"region\" aria-labelledby=\"elementor-tab-title-5501\"><p><strong>Izm\u0113ru amplit\u016bda<\/strong><\/p><p>min. 205 x 140 mm<br \/>max. 670 x 390 mm<\/p><hr style=\"margin-bottom: 25px;\" \/><p><strong>Biezums<\/strong><\/p><p>\u00a01- 4 mm<\/p><hr style=\"margin-bottom: 25px;\" \/><p><strong>Meh\u0101niskais \u0101trums<\/strong><\/p><p class=\"bodytext\">l\u012bdz pat 45 cikliem\/min<\/p><p class=\"bodytext\"><i>Net production ir atkar\u012bga no izm\u0113riem, materi\u0101liem u.t.t.<\/i><\/p><\/div>\n\t\t\t\t<\/div>\n\t\t\t\t\t\t\t<div class=\"elementor-toggle-item\">\n\t\t\t\t\t<div id=\"elementor-tab-title-5502\" class=\"elementor-tab-title\" data-tab=\"2\" role=\"button\" aria-controls=\"elementor-tab-content-5502\" aria-expanded=\"false\">\n\t\t\t\t\t\t\t\t\t\t\t\t<span class=\"elementor-toggle-icon elementor-toggle-icon-left\" aria-hidden=\"true\">\n\t\t\t\t\t\t\t\t\t\t\t\t\t\t\t<span class=\"elementor-toggle-icon-closed\"><i class=\"fas fa-caret-right\"><\/i><\/span>\n\t\t\t\t\t\t\t\t<span class=\"elementor-toggle-icon-opened\"><i class=\"elementor-toggle-icon-opened fas fa-caret-up\"><\/i><\/span>\n\t\t\t\t\t\t\t\t\t\t\t\t\t<\/span>\n\t\t\t\t\t\t\t\t\t\t\t\t<a class=\"elementor-toggle-title\" tabindex=\"0\">Kontakti<\/a>\n\t\t\t\t\t<\/div>\n\n\t\t\t\t\t<div id=\"elementor-tab-content-5502\" class=\"elementor-tab-content elementor-clearfix\" data-tab=\"2\" role=\"region\" aria-labelledby=\"elementor-tab-title-5502\"><p>P\u0101rdo\u0161anas vad\u012bt\u0101js<br \/>Zandis Zvirbulis<br \/>SIA Kolbus<br \/>Tel. 27769059<br \/><a href=\"mailto:zandis@kolbus.lv\">zandis@kolbus.lv<\/a><\/p><\/div>\n\t\t\t\t<\/div>\n\t\t\t\t\t\t\t\t<\/div>\n\t\t\t\t\t\t<\/div>\n\t\t\t\t<\/div>\n\t\t\t\t\t<\/div>\n\t\t<\/div>\n\t\t\t\t\t<\/div>\n\t\t<\/section>\n\t\t\t\t<\/div>\n\t\t","protected":false},"excerpt":{"rendered":"<p>Materi\u0101lu apl\u012bm\u0113\u0161nanas iek\u0101rta SA 260 Piln\u012bgi autom\u0101tiskai materi\u0101la apl\u012bm\u0113\u0161anai &#8211; kast\u0113m, gr\u0101matu v\u0101kiem, kalend\u0101ru aizmugur\u0113m u.t.t. l\u012bdz pat 45 cikliem min\u016bt\u0113. Materi\u0101lu apl\u012bm\u0113\u0161nanas iek\u0101rta SA 260 Plusi Ergonomiski perfekti izveidots materi\u0101laievieto\u0161anai un no\u0146em\u0161anai. Pateicoties atsevi\u0161\u0137\u0101m servo padev\u0113m katr\u0101 proces\u0101 daudz stabil\u0101ks ra\u017e. process iev\u0113rojami maz\u0101k br\u0101\u0137u, un \u0113rt\u0101ka iek\u0101rtas vad\u012bba Parbaud\u012bta pieredze optim\u0101li izmantojot autom\u0101tikas [&hellip;]<\/p>\n","protected":false},"author":4,"featured_media":0,"parent":1015,"menu_order":0,"comment_status":"closed","ping_status":"closed","template":"","meta":{"_uag_custom_page_level_css":"","ocean_post_layout":"full-width","ocean_both_sidebars_style":"","ocean_both_sidebars_content_width":0,"ocean_both_sidebars_sidebars_width":0,"ocean_sidebar":"0","ocean_second_sidebar":"0","ocean_disable_margins":"enable","ocean_add_body_class":"","ocean_shortcode_before_top_bar":"","ocean_shortcode_after_top_bar":"","ocean_shortcode_before_header":"","ocean_shortcode_after_header":"","ocean_has_shortcode":"","ocean_shortcode_after_title":"","ocean_shortcode_before_footer_widgets":"","ocean_shortcode_after_footer_widgets":"","ocean_shortcode_before_footer_bottom":"","ocean_shortcode_after_footer_bottom":"","ocean_display_top_bar":"default","ocean_display_header":"default","ocean_header_style":"","ocean_center_header_left_menu":"0","ocean_custom_header_template":"0","ocean_custom_logo":0,"ocean_custom_retina_logo":0,"ocean_custom_logo_max_width":0,"ocean_custom_logo_tablet_max_width":0,"ocean_custom_logo_mobile_max_width":0,"ocean_custom_logo_max_height":0,"ocean_custom_logo_tablet_max_height":0,"ocean_custom_logo_mobile_max_height":0,"ocean_header_custom_menu":"0","ocean_menu_typo_font_family":"0","ocean_menu_typo_font_subset":"","ocean_menu_typo_font_size":0,"ocean_menu_typo_font_size_tablet":0,"ocean_menu_typo_font_size_mobile":0,"ocean_menu_typo_font_size_unit":"px","ocean_menu_typo_font_weight":"","ocean_menu_typo_font_weight_tablet":"","ocean_menu_typo_font_weight_mobile":"","ocean_menu_typo_transform":"","ocean_menu_typo_transform_tablet":"","ocean_menu_typo_transform_mobile":"","ocean_menu_typo_line_height":0,"ocean_menu_typo_line_height_tablet":0,"ocean_menu_typo_line_height_mobile":0,"ocean_menu_typo_line_height_unit":"","ocean_menu_typo_spacing":0,"ocean_menu_typo_spacing_tablet":0,"ocean_menu_typo_spacing_mobile":0,"ocean_menu_typo_spacing_unit":"","ocean_menu_link_color":"","ocean_menu_link_color_hover":"","ocean_menu_link_color_active":"","ocean_menu_link_background":"","ocean_menu_link_hover_background":"","ocean_menu_link_active_background":"","ocean_menu_social_links_bg":"","ocean_menu_social_hover_links_bg":"","ocean_menu_social_links_color":"","ocean_menu_social_hover_links_color":"","ocean_disable_title":"default","ocean_disable_heading":"default","ocean_post_title":"","ocean_post_subheading":"","ocean_post_title_style":"background-image","ocean_post_title_background_color":"","ocean_post_title_background":704,"ocean_post_title_bg_image_position":"","ocean_post_title_bg_image_attachment":"","ocean_post_title_bg_image_repeat":"","ocean_post_title_bg_image_size":"","ocean_post_title_height":0,"ocean_post_title_bg_overlay":0.5,"ocean_post_title_bg_overlay_color":"","ocean_disable_breadcrumbs":"default","ocean_breadcrumbs_color":"","ocean_breadcrumbs_separator_color":"","ocean_breadcrumbs_links_color":"","ocean_breadcrumbs_links_hover_color":"","ocean_display_footer_widgets":"default","ocean_display_footer_bottom":"default","ocean_custom_footer_template":"0","footnotes":""},"class_list":["post-1001","page","type-page","status-publish","hentry","entry"],"uagb_featured_image_src":{"full":false,"thumbnail":false,"medium":false,"medium_large":false,"large":false,"1536x1536":false,"2048x2048":false,"ocean-thumb-m":false,"ocean-thumb-ml":false,"ocean-thumb-l":false},"uagb_author_info":{"display_name":"Markuss","author_link":"https:\/\/kolbus.lv\/?author=4"},"uagb_comment_info":0,"uagb_excerpt":"Materi\u0101lu apl\u012bm\u0113\u0161nanas iek\u0101rta SA 260 Piln\u012bgi autom\u0101tiskai materi\u0101la apl\u012bm\u0113\u0161anai &#8211; kast\u0113m, gr\u0101matu v\u0101kiem, kalend\u0101ru aizmugur\u0113m u.t.t. l\u012bdz pat 45 cikliem min\u016bt\u0113. Materi\u0101lu apl\u012bm\u0113\u0161nanas iek\u0101rta SA 260 Plusi Ergonomiski perfekti izveidots materi\u0101laievieto\u0161anai un no\u0146em\u0161anai. Pateicoties atsevi\u0161\u0137\u0101m servo padev\u0113m katr\u0101 proces\u0101 daudz stabil\u0101ks ra\u017e. process iev\u0113rojami maz\u0101k br\u0101\u0137u, un \u0113rt\u0101ka iek\u0101rtas vad\u012bba Parbaud\u012bta pieredze optim\u0101li izmantojot autom\u0101tikas&hellip;","_links":{"self":[{"href":"https:\/\/kolbus.lv\/index.php?rest_route=\/wp\/v2\/pages\/1001","targetHints":{"allow":["GET"]}}],"collection":[{"href":"https:\/\/kolbus.lv\/index.php?rest_route=\/wp\/v2\/pages"}],"about":[{"href":"https:\/\/kolbus.lv\/index.php?rest_route=\/wp\/v2\/types\/page"}],"author":[{"embeddable":true,"href":"https:\/\/kolbus.lv\/index.php?rest_route=\/wp\/v2\/users\/4"}],"replies":[{"embeddable":true,"href":"https:\/\/kolbus.lv\/index.php?rest_route=%2Fwp%2Fv2%2Fcomments&post=1001"}],"version-history":[{"count":12,"href":"https:\/\/kolbus.lv\/index.php?rest_route=\/wp\/v2\/pages\/1001\/revisions"}],"predecessor-version":[{"id":1772,"href":"https:\/\/kolbus.lv\/index.php?rest_route=\/wp\/v2\/pages\/1001\/revisions\/1772"}],"up":[{"embeddable":true,"href":"https:\/\/kolbus.lv\/index.php?rest_route=\/wp\/v2\/pages\/1015"}],"wp:attachment":[{"href":"https:\/\/kolbus.lv\/index.php?rest_route=%2Fwp%2Fv2%2Fmedia&parent=1001"}],"curies":[{"name":"wp","href":"https:\/\/api.w.org\/{rel}","templated":true}]}}