{"id":1019,"date":"2019-10-24T13:36:21","date_gmt":"2019-10-24T10:36:21","guid":{"rendered":"https:\/\/kolbus.lv\/?page_id=1019"},"modified":"2020-08-23T19:32:51","modified_gmt":"2020-08-23T16:32:51","slug":"pe-312","status":"publish","type":"page","link":"https:\/\/kolbus.lv\/?page_id=1019","title":{"rendered":"PE 312"},"content":{"rendered":"\t\t<div data-elementor-type=\"wp-page\" data-elementor-id=\"1019\" class=\"elementor elementor-1019\">\n\t\t\t\t\t\t<section class=\"elementor-section elementor-top-section elementor-element elementor-element-54737c3 elementor-section-boxed elementor-section-height-default elementor-section-height-default\" data-id=\"54737c3\" data-element_type=\"section\">\n\t\t\t\t\t\t<div class=\"elementor-container elementor-column-gap-default\">\n\t\t\t\t\t<div class=\"elementor-column elementor-col-100 elementor-top-column elementor-element elementor-element-9562e48\" data-id=\"9562e48\" data-element_type=\"column\">\n\t\t\t<div class=\"elementor-widget-wrap elementor-element-populated\">\n\t\t\t\t\t\t<div class=\"elementor-element elementor-element-ccf49bc elementor-widget-divider--view-line elementor-widget elementor-widget-divider\" data-id=\"ccf49bc\" data-element_type=\"widget\" data-widget_type=\"divider.default\">\n\t\t\t\t<div class=\"elementor-widget-container\">\n\t\t\t\t\t\t\t<div class=\"elementor-divider\">\n\t\t\t<span class=\"elementor-divider-separator\">\n\t\t\t\t\t\t<\/span>\n\t\t<\/div>\n\t\t\t\t\t\t<\/div>\n\t\t\t\t<\/div>\n\t\t\t\t<div class=\"elementor-element elementor-element-9bfc3cb elementor-widget elementor-widget-text-editor\" data-id=\"9bfc3cb\" data-element_type=\"widget\" data-widget_type=\"text-editor.default\">\n\t\t\t\t<div class=\"elementor-widget-container\">\n\t\t\t\t\t\t\t\t\t<h3><span style=\"color: #333333;\"><strong>Prese iespiedumam un folijas uzne\u0161anai PE 312<\/strong><\/span><\/h3>\t\t\t\t\t\t\t\t<\/div>\n\t\t\t\t<\/div>\n\t\t\t\t<div class=\"elementor-element elementor-element-7c82ad4 elementor-widget-divider--view-line elementor-widget elementor-widget-divider\" data-id=\"7c82ad4\" data-element_type=\"widget\" data-widget_type=\"divider.default\">\n\t\t\t\t<div class=\"elementor-widget-container\">\n\t\t\t\t\t\t\t<div class=\"elementor-divider\">\n\t\t\t<span class=\"elementor-divider-separator\">\n\t\t\t\t\t\t<\/span>\n\t\t<\/div>\n\t\t\t\t\t\t<\/div>\n\t\t\t\t<\/div>\n\t\t\t\t<div class=\"elementor-element elementor-element-f9b59ff elementor-widget elementor-widget-text-editor\" data-id=\"f9b59ff\" data-element_type=\"widget\" data-widget_type=\"text-editor.default\">\n\t\t\t\t<div class=\"elementor-widget-container\">\n\t\t\t\t\t\t\t\t\t<p>Stingru un lokanu materi\u0101lu, kartona un ar\u012b plastmasas v\u0101ku iespie\u0161anai l\u012bdz pat 80 cikliem\/min\u016bt\u0113<\/p>\t\t\t\t\t\t\t\t<\/div>\n\t\t\t\t<\/div>\n\t\t\t\t<div class=\"elementor-element elementor-element-860bcc9 elementor-widget-divider--view-line elementor-widget elementor-widget-divider\" data-id=\"860bcc9\" data-element_type=\"widget\" data-widget_type=\"divider.default\">\n\t\t\t\t<div class=\"elementor-widget-container\">\n\t\t\t\t\t\t\t<div class=\"elementor-divider\">\n\t\t\t<span class=\"elementor-divider-separator\">\n\t\t\t\t\t\t<\/span>\n\t\t<\/div>\n\t\t\t\t\t\t<\/div>\n\t\t\t\t<\/div>\n\t\t\t\t<div class=\"elementor-element elementor-element-630f40c elementor-widget elementor-widget-image\" data-id=\"630f40c\" data-element_type=\"widget\" data-widget_type=\"image.default\">\n\t\t\t\t<div class=\"elementor-widget-container\">\n\t\t\t\t\t\t\t\t\t\t\t\t<figure class=\"wp-caption\">\n\t\t\t\t\t\t\t\t\t\t\t<a href=\"https:\/\/kolbus.lv\/wp-content\/uploads\/2020\/04\/pe312-praegepresse-copilot-kolbus.jpg\" data-elementor-open-lightbox=\"yes\" data-elementor-lightbox-title=\"pe312-praegepresse-copilot-kolbus\" data-e-action-hash=\"#elementor-action%3Aaction%3Dlightbox%26settings%3DeyJpZCI6MTQ4NSwidXJsIjoiaHR0cHM6XC9cL2tvbGJ1cy5sdlwvd3AtY29udGVudFwvdXBsb2Fkc1wvMjAyMFwvMDRcL3BlMzEyLXByYWVnZXByZXNzZS1jb3BpbG90LWtvbGJ1cy5qcGcifQ%3D%3D\">\n\t\t\t\t\t\t\t<img fetchpriority=\"high\" decoding=\"async\" width=\"960\" height=\"720\" src=\"https:\/\/kolbus.lv\/wp-content\/uploads\/2020\/04\/pe312-praegepresse-copilot-kolbus.jpg\" class=\"attachment-large size-large wp-image-1485\" alt=\"\" srcset=\"https:\/\/kolbus.lv\/wp-content\/uploads\/2020\/04\/pe312-praegepresse-copilot-kolbus.jpg 960w, https:\/\/kolbus.lv\/wp-content\/uploads\/2020\/04\/pe312-praegepresse-copilot-kolbus-300x225.jpg 300w, https:\/\/kolbus.lv\/wp-content\/uploads\/2020\/04\/pe312-praegepresse-copilot-kolbus-768x576.jpg 768w\" sizes=\"(max-width: 960px) 100vw, 960px\" \/>\t\t\t\t\t\t\t\t<\/a>\n\t\t\t\t\t\t\t\t\t\t\t<figcaption class=\"widget-image-caption wp-caption-text\">PE 312<\/figcaption>\n\t\t\t\t\t\t\t\t\t\t<\/figure>\n\t\t\t\t\t\t\t\t\t<\/div>\n\t\t\t\t<\/div>\n\t\t\t\t<div class=\"elementor-element elementor-element-147bcca elementor-widget-divider--view-line elementor-widget elementor-widget-divider\" data-id=\"147bcca\" data-element_type=\"widget\" data-widget_type=\"divider.default\">\n\t\t\t\t<div class=\"elementor-widget-container\">\n\t\t\t\t\t\t\t<div class=\"elementor-divider\">\n\t\t\t<span class=\"elementor-divider-separator\">\n\t\t\t\t\t\t<\/span>\n\t\t<\/div>\n\t\t\t\t\t\t<\/div>\n\t\t\t\t<\/div>\n\t\t\t\t<div class=\"elementor-element elementor-element-aae4fda elementor-widget elementor-widget-text-editor\" data-id=\"aae4fda\" data-element_type=\"widget\" data-widget_type=\"text-editor.default\">\n\t\t\t\t<div class=\"elementor-widget-container\">\n\t\t\t\t\t\t\t\t\t<p><strong>Plusi<\/strong><\/p><p>PE 312 apstr\u0101d\u0101 visa veida materi\u0101lus<\/p>\t\t\t\t\t\t\t\t<\/div>\n\t\t\t\t<\/div>\n\t\t\t\t<div class=\"elementor-element elementor-element-e81b62d elementor-widget elementor-widget-text-editor\" data-id=\"e81b62d\" data-element_type=\"widget\" data-widget_type=\"text-editor.default\">\n\t\t\t\t<div class=\"elementor-widget-container\">\n\t\t\t\t\t\t\t\t\t<p><strong>Iesp\u0113jas<\/strong><\/p><p>Iesp\u0113jams piem\u0113rot optim\u0101lai iespie\u0161anai ar vienk\u0101r\u0161u temperat\u016bras, spiediena regul\u0101ciju (10 sekund\u017eu laik\u0101). Matriksa plate ar caurumainu pamatni pievienojamiem iespied\u0113ju blokiem\u00a0<\/p>\t\t\t\t\t\t\t\t<\/div>\n\t\t\t\t<\/div>\n\t\t\t\t<div class=\"elementor-element elementor-element-03d0ddf elementor-widget-divider--view-line elementor-widget elementor-widget-divider\" data-id=\"03d0ddf\" data-element_type=\"widget\" data-widget_type=\"divider.default\">\n\t\t\t\t<div class=\"elementor-widget-container\">\n\t\t\t\t\t\t\t<div class=\"elementor-divider\">\n\t\t\t<span class=\"elementor-divider-separator\">\n\t\t\t\t\t\t<\/span>\n\t\t<\/div>\n\t\t\t\t\t\t<\/div>\n\t\t\t\t<\/div>\n\t\t\t\t<section class=\"elementor-section elementor-inner-section elementor-element elementor-element-6d62d7f elementor-section-boxed elementor-section-height-default elementor-section-height-default\" data-id=\"6d62d7f\" data-element_type=\"section\">\n\t\t\t\t\t\t<div class=\"elementor-container elementor-column-gap-default\">\n\t\t\t\t\t<div class=\"elementor-column elementor-col-33 elementor-inner-column elementor-element elementor-element-bc19548\" data-id=\"bc19548\" data-element_type=\"column\">\n\t\t\t<div class=\"elementor-widget-wrap elementor-element-populated\">\n\t\t\t\t\t\t<div class=\"elementor-element elementor-element-09f1eb9 elementor-widget elementor-widget-image\" data-id=\"09f1eb9\" data-element_type=\"widget\" data-widget_type=\"image.default\">\n\t\t\t\t<div class=\"elementor-widget-container\">\n\t\t\t\t\t\t\t\t\t\t\t\t<figure class=\"wp-caption\">\n\t\t\t\t\t\t\t\t\t\t\t<a href=\"https:\/\/kolbus.lv\/wp-content\/uploads\/2020\/04\/csm_pe312-praegepresse-einfuhr-buchdecke-kolbus_b077124691.jpg\" data-elementor-open-lightbox=\"yes\" data-elementor-lightbox-title=\"csm_pe312-praegepresse-einfuhr-buchdecke-kolbus_b077124691\" data-e-action-hash=\"#elementor-action%3Aaction%3Dlightbox%26settings%3DeyJpZCI6MTQ4OCwidXJsIjoiaHR0cHM6XC9cL2tvbGJ1cy5sdlwvd3AtY29udGVudFwvdXBsb2Fkc1wvMjAyMFwvMDRcL2NzbV9wZTMxMi1wcmFlZ2VwcmVzc2UtZWluZnVoci1idWNoZGVja2Uta29sYnVzX2IwNzcxMjQ2OTEuanBnIn0%3D\">\n\t\t\t\t\t\t\t<img decoding=\"async\" width=\"768\" height=\"576\" src=\"https:\/\/kolbus.lv\/wp-content\/uploads\/2020\/04\/csm_pe312-praegepresse-einfuhr-buchdecke-kolbus_b077124691-768x576.jpg\" class=\"attachment-medium_large size-medium_large wp-image-1488\" alt=\"\" srcset=\"https:\/\/kolbus.lv\/wp-content\/uploads\/2020\/04\/csm_pe312-praegepresse-einfuhr-buchdecke-kolbus_b077124691-768x576.jpg 768w, https:\/\/kolbus.lv\/wp-content\/uploads\/2020\/04\/csm_pe312-praegepresse-einfuhr-buchdecke-kolbus_b077124691-300x225.jpg 300w, https:\/\/kolbus.lv\/wp-content\/uploads\/2020\/04\/csm_pe312-praegepresse-einfuhr-buchdecke-kolbus_b077124691.jpg 800w\" sizes=\"(max-width: 768px) 100vw, 768px\" \/>\t\t\t\t\t\t\t\t<\/a>\n\t\t\t\t\t\t\t\t\t\t\t<figcaption class=\"widget-image-caption wp-caption-text\">Materi\u0101lu padeve<\/figcaption>\n\t\t\t\t\t\t\t\t\t\t<\/figure>\n\t\t\t\t\t\t\t\t\t<\/div>\n\t\t\t\t<\/div>\n\t\t\t\t\t<\/div>\n\t\t<\/div>\n\t\t\t\t<div class=\"elementor-column elementor-col-33 elementor-inner-column elementor-element elementor-element-b6ab7bc\" data-id=\"b6ab7bc\" data-element_type=\"column\">\n\t\t\t<div class=\"elementor-widget-wrap elementor-element-populated\">\n\t\t\t\t\t\t<div class=\"elementor-element elementor-element-3297553 elementor-widget elementor-widget-image\" data-id=\"3297553\" data-element_type=\"widget\" data-widget_type=\"image.default\">\n\t\t\t\t<div class=\"elementor-widget-container\">\n\t\t\t\t\t\t\t\t\t\t\t\t<figure class=\"wp-caption\">\n\t\t\t\t\t\t\t\t\t\t\t<a href=\"https:\/\/kolbus.lv\/wp-content\/uploads\/2020\/04\/csm_pe312-praegevorgang-buchdecke-kolbus_80d1692ba0.jpg\" data-elementor-open-lightbox=\"yes\" data-elementor-lightbox-title=\"csm_pe312-praegevorgang-buchdecke-kolbus_80d1692ba0\" data-e-action-hash=\"#elementor-action%3Aaction%3Dlightbox%26settings%3DeyJpZCI6MTQ4OSwidXJsIjoiaHR0cHM6XC9cL2tvbGJ1cy5sdlwvd3AtY29udGVudFwvdXBsb2Fkc1wvMjAyMFwvMDRcL2NzbV9wZTMxMi1wcmFlZ2V2b3JnYW5nLWJ1Y2hkZWNrZS1rb2xidXNfODBkMTY5MmJhMC5qcGcifQ%3D%3D\">\n\t\t\t\t\t\t\t<img decoding=\"async\" width=\"768\" height=\"576\" src=\"https:\/\/kolbus.lv\/wp-content\/uploads\/2020\/04\/csm_pe312-praegevorgang-buchdecke-kolbus_80d1692ba0-768x576.jpg\" class=\"attachment-medium_large size-medium_large wp-image-1489\" alt=\"\" srcset=\"https:\/\/kolbus.lv\/wp-content\/uploads\/2020\/04\/csm_pe312-praegevorgang-buchdecke-kolbus_80d1692ba0-768x576.jpg 768w, https:\/\/kolbus.lv\/wp-content\/uploads\/2020\/04\/csm_pe312-praegevorgang-buchdecke-kolbus_80d1692ba0-300x225.jpg 300w, https:\/\/kolbus.lv\/wp-content\/uploads\/2020\/04\/csm_pe312-praegevorgang-buchdecke-kolbus_80d1692ba0.jpg 800w\" sizes=\"(max-width: 768px) 100vw, 768px\" \/>\t\t\t\t\t\t\t\t<\/a>\n\t\t\t\t\t\t\t\t\t\t\t<figcaption class=\"widget-image-caption wp-caption-text\">Apstr\u0101de<\/figcaption>\n\t\t\t\t\t\t\t\t\t\t<\/figure>\n\t\t\t\t\t\t\t\t\t<\/div>\n\t\t\t\t<\/div>\n\t\t\t\t\t<\/div>\n\t\t<\/div>\n\t\t\t\t<div class=\"elementor-column elementor-col-33 elementor-inner-column elementor-element elementor-element-5d9ac28\" data-id=\"5d9ac28\" data-element_type=\"column\">\n\t\t\t<div class=\"elementor-widget-wrap elementor-element-populated\">\n\t\t\t\t\t\t<div class=\"elementor-element elementor-element-e551091 elementor-widget elementor-widget-image\" data-id=\"e551091\" data-element_type=\"widget\" data-widget_type=\"image.default\">\n\t\t\t\t<div class=\"elementor-widget-container\">\n\t\t\t\t\t\t\t\t\t\t\t\t<figure class=\"wp-caption\">\n\t\t\t\t\t\t\t\t\t\t\t<a href=\"https:\/\/kolbus.lv\/wp-content\/uploads\/2020\/04\/csm_pe312-praegepresse-ausfuhr-buchdecke-kolbus_6aaef4c1cb.jpg\" data-elementor-open-lightbox=\"yes\" data-elementor-lightbox-title=\"csm_pe312-praegepresse-ausfuhr-buchdecke-kolbus_6aaef4c1cb\" data-e-action-hash=\"#elementor-action%3Aaction%3Dlightbox%26settings%3DeyJpZCI6MTQ4NywidXJsIjoiaHR0cHM6XC9cL2tvbGJ1cy5sdlwvd3AtY29udGVudFwvdXBsb2Fkc1wvMjAyMFwvMDRcL2NzbV9wZTMxMi1wcmFlZ2VwcmVzc2UtYXVzZnVoci1idWNoZGVja2Uta29sYnVzXzZhYWVmNGMxY2IuanBnIn0%3D\">\n\t\t\t\t\t\t\t<img loading=\"lazy\" decoding=\"async\" width=\"768\" height=\"576\" src=\"https:\/\/kolbus.lv\/wp-content\/uploads\/2020\/04\/csm_pe312-praegepresse-ausfuhr-buchdecke-kolbus_6aaef4c1cb-768x576.jpg\" class=\"attachment-medium_large size-medium_large wp-image-1487\" alt=\"\" srcset=\"https:\/\/kolbus.lv\/wp-content\/uploads\/2020\/04\/csm_pe312-praegepresse-ausfuhr-buchdecke-kolbus_6aaef4c1cb-768x576.jpg 768w, https:\/\/kolbus.lv\/wp-content\/uploads\/2020\/04\/csm_pe312-praegepresse-ausfuhr-buchdecke-kolbus_6aaef4c1cb-300x225.jpg 300w, https:\/\/kolbus.lv\/wp-content\/uploads\/2020\/04\/csm_pe312-praegepresse-ausfuhr-buchdecke-kolbus_6aaef4c1cb.jpg 800w\" sizes=\"(max-width: 768px) 100vw, 768px\" \/>\t\t\t\t\t\t\t\t<\/a>\n\t\t\t\t\t\t\t\t\t\t\t<figcaption class=\"widget-image-caption wp-caption-text\">Izvads<\/figcaption>\n\t\t\t\t\t\t\t\t\t\t<\/figure>\n\t\t\t\t\t\t\t\t\t<\/div>\n\t\t\t\t<\/div>\n\t\t\t\t\t<\/div>\n\t\t<\/div>\n\t\t\t\t\t<\/div>\n\t\t<\/section>\n\t\t\t\t<div class=\"elementor-element elementor-element-eae2787 elementor-widget-divider--view-line elementor-widget elementor-widget-divider\" data-id=\"eae2787\" data-element_type=\"widget\" data-widget_type=\"divider.default\">\n\t\t\t\t<div class=\"elementor-widget-container\">\n\t\t\t\t\t\t\t<div class=\"elementor-divider\">\n\t\t\t<span class=\"elementor-divider-separator\">\n\t\t\t\t\t\t<\/span>\n\t\t<\/div>\n\t\t\t\t\t\t<\/div>\n\t\t\t\t<\/div>\n\t\t\t\t<div class=\"elementor-element elementor-element-3482f48 elementor-widget elementor-widget-toggle\" data-id=\"3482f48\" data-element_type=\"widget\" data-widget_type=\"toggle.default\">\n\t\t\t\t<div class=\"elementor-widget-container\">\n\t\t\t\t\t\t\t<div class=\"elementor-toggle\">\n\t\t\t\t\t\t\t<div class=\"elementor-toggle-item\">\n\t\t\t\t\t<div id=\"elementor-tab-title-5501\" class=\"elementor-tab-title\" data-tab=\"1\" role=\"button\" aria-controls=\"elementor-tab-content-5501\" aria-expanded=\"false\">\n\t\t\t\t\t\t\t\t\t\t\t\t<span class=\"elementor-toggle-icon elementor-toggle-icon-left\" aria-hidden=\"true\">\n\t\t\t\t\t\t\t\t\t\t\t\t\t\t\t<span class=\"elementor-toggle-icon-closed\"><i class=\"fas fa-caret-right\"><\/i><\/span>\n\t\t\t\t\t\t\t\t<span class=\"elementor-toggle-icon-opened\"><i class=\"elementor-toggle-icon-opened fas fa-caret-up\"><\/i><\/span>\n\t\t\t\t\t\t\t\t\t\t\t\t\t<\/span>\n\t\t\t\t\t\t\t\t\t\t\t\t<a class=\"elementor-toggle-title\" tabindex=\"0\">Tehniskie dati<\/a>\n\t\t\t\t\t<\/div>\n\n\t\t\t\t\t<div id=\"elementor-tab-content-5501\" class=\"elementor-tab-content elementor-clearfix\" data-tab=\"1\" role=\"region\" aria-labelledby=\"elementor-tab-title-5501\"><p>Nor\u0101d\u012btie izm\u0113ri ir attiec\u012bgi &#8211; garums un platums<\/p><p><strong>Cietie v\u0101ki<\/strong><br \/>min. 155 x 100 mm<br \/>max. 660 x 405 mm<\/p><p>Flexible covers<\/p><p><strong>Elast\u012bgie v\u0101ki<\/strong><br \/>min. 135 x 100 mm<br \/>max. 400 x 300 mm<\/p><p><strong>Meh\u0101nikas \u0101trums<\/strong><\/p><p class=\"bodytext\">10 \u2013 80 cikli \/min<\/p><p class=\"bodytext\"><i>\u0100trums ir atkar\u012bgs no izm\u0113riem, materi\u0101liem, spiedumu ilgumu\u00a0<\/i><\/p><\/div>\n\t\t\t\t<\/div>\n\t\t\t\t\t\t\t<div class=\"elementor-toggle-item\">\n\t\t\t\t\t<div id=\"elementor-tab-title-5502\" class=\"elementor-tab-title\" data-tab=\"2\" role=\"button\" aria-controls=\"elementor-tab-content-5502\" aria-expanded=\"false\">\n\t\t\t\t\t\t\t\t\t\t\t\t<span class=\"elementor-toggle-icon elementor-toggle-icon-left\" aria-hidden=\"true\">\n\t\t\t\t\t\t\t\t\t\t\t\t\t\t\t<span class=\"elementor-toggle-icon-closed\"><i class=\"fas fa-caret-right\"><\/i><\/span>\n\t\t\t\t\t\t\t\t<span class=\"elementor-toggle-icon-opened\"><i class=\"elementor-toggle-icon-opened fas fa-caret-up\"><\/i><\/span>\n\t\t\t\t\t\t\t\t\t\t\t\t\t<\/span>\n\t\t\t\t\t\t\t\t\t\t\t\t<a class=\"elementor-toggle-title\" tabindex=\"0\">Kontakti<\/a>\n\t\t\t\t\t<\/div>\n\n\t\t\t\t\t<div id=\"elementor-tab-content-5502\" class=\"elementor-tab-content elementor-clearfix\" data-tab=\"2\" role=\"region\" aria-labelledby=\"elementor-tab-title-5502\"><p><img loading=\"lazy\" decoding=\"async\" class=\"alignnone wp-image-834\" src=\"https:\/\/kolbus.lv\/wp-content\/uploads\/2019\/10\/Zandis-Zvirbulis-300x300.png\" alt=\"\" width=\"140\" height=\"140\" srcset=\"https:\/\/kolbus.lv\/wp-content\/uploads\/2019\/10\/Zandis-Zvirbulis-300x300.png 300w, https:\/\/kolbus.lv\/wp-content\/uploads\/2019\/10\/Zandis-Zvirbulis-150x150.png 150w, https:\/\/kolbus.lv\/wp-content\/uploads\/2019\/10\/Zandis-Zvirbulis.png 400w\" sizes=\"(max-width: 140px) 100vw, 140px\" \/><br \/>P\u0101rdo\u0161anas vad\u012bt\u0101js Zandis Zvirbulis<br \/>SIA Kolbus<br \/>Tel. 27769059<br \/><a href=\"mailto:zandis@kolbus.lv\">zandis@kolbus.lv<\/a><\/p><\/div>\n\t\t\t\t<\/div>\n\t\t\t\t\t\t\t\t<\/div>\n\t\t\t\t\t\t<\/div>\n\t\t\t\t<\/div>\n\t\t\t\t\t<\/div>\n\t\t<\/div>\n\t\t\t\t\t<\/div>\n\t\t<\/section>\n\t\t\t\t<\/div>\n\t\t","protected":false},"excerpt":{"rendered":"<p>Prese iespiedumam un folijas uzne\u0161anai PE 312 Stingru un lokanu materi\u0101lu, kartona un ar\u012b plastmasas v\u0101ku iespie\u0161anai l\u012bdz pat 80 cikliem\/min\u016bt\u0113 PE 312 Plusi PE 312 apstr\u0101d\u0101 visa veida materi\u0101lus Iesp\u0113jas Iesp\u0113jams piem\u0113rot optim\u0101lai iespie\u0161anai ar vienk\u0101r\u0161u temperat\u016bras, spiediena regul\u0101ciju (10 sekund\u017eu laik\u0101). Matriksa plate ar caurumainu pamatni pievienojamiem iespied\u0113ju blokiem\u00a0 Materi\u0101lu padeve Apstr\u0101de Izvads [&hellip;]<\/p>\n","protected":false},"author":4,"featured_media":0,"parent":626,"menu_order":0,"comment_status":"closed","ping_status":"closed","template":"","meta":{"_uag_custom_page_level_css":"","ocean_post_layout":"full-width","ocean_both_sidebars_style":"","ocean_both_sidebars_content_width":0,"ocean_both_sidebars_sidebars_width":0,"ocean_sidebar":"0","ocean_second_sidebar":"0","ocean_disable_margins":"enable","ocean_add_body_class":"","ocean_shortcode_before_top_bar":"","ocean_shortcode_after_top_bar":"","ocean_shortcode_before_header":"","ocean_shortcode_after_header":"","ocean_has_shortcode":"","ocean_shortcode_after_title":"","ocean_shortcode_before_footer_widgets":"","ocean_shortcode_after_footer_widgets":"","ocean_shortcode_before_footer_bottom":"","ocean_shortcode_after_footer_bottom":"","ocean_display_top_bar":"default","ocean_display_header":"default","ocean_header_style":"","ocean_center_header_left_menu":"0","ocean_custom_header_template":"0","ocean_custom_logo":0,"ocean_custom_retina_logo":0,"ocean_custom_logo_max_width":0,"ocean_custom_logo_tablet_max_width":0,"ocean_custom_logo_mobile_max_width":0,"ocean_custom_logo_max_height":0,"ocean_custom_logo_tablet_max_height":0,"ocean_custom_logo_mobile_max_height":0,"ocean_header_custom_menu":"0","ocean_menu_typo_font_family":"0","ocean_menu_typo_font_subset":"","ocean_menu_typo_font_size":0,"ocean_menu_typo_font_size_tablet":0,"ocean_menu_typo_font_size_mobile":0,"ocean_menu_typo_font_size_unit":"px","ocean_menu_typo_font_weight":"","ocean_menu_typo_font_weight_tablet":"","ocean_menu_typo_font_weight_mobile":"","ocean_menu_typo_transform":"","ocean_menu_typo_transform_tablet":"","ocean_menu_typo_transform_mobile":"","ocean_menu_typo_line_height":0,"ocean_menu_typo_line_height_tablet":0,"ocean_menu_typo_line_height_mobile":0,"ocean_menu_typo_line_height_unit":"","ocean_menu_typo_spacing":0,"ocean_menu_typo_spacing_tablet":0,"ocean_menu_typo_spacing_mobile":0,"ocean_menu_typo_spacing_unit":"","ocean_menu_link_color":"","ocean_menu_link_color_hover":"","ocean_menu_link_color_active":"","ocean_menu_link_background":"","ocean_menu_link_hover_background":"","ocean_menu_link_active_background":"","ocean_menu_social_links_bg":"","ocean_menu_social_hover_links_bg":"","ocean_menu_social_links_color":"","ocean_menu_social_hover_links_color":"","ocean_disable_title":"default","ocean_disable_heading":"default","ocean_post_title":"","ocean_post_subheading":"","ocean_post_title_style":"background-image","ocean_post_title_background_color":"","ocean_post_title_background":704,"ocean_post_title_bg_image_position":"","ocean_post_title_bg_image_attachment":"","ocean_post_title_bg_image_repeat":"","ocean_post_title_bg_image_size":"","ocean_post_title_height":0,"ocean_post_title_bg_overlay":0.5,"ocean_post_title_bg_overlay_color":"","ocean_disable_breadcrumbs":"default","ocean_breadcrumbs_color":"","ocean_breadcrumbs_separator_color":"","ocean_breadcrumbs_links_color":"","ocean_breadcrumbs_links_hover_color":"","ocean_display_footer_widgets":"default","ocean_display_footer_bottom":"default","ocean_custom_footer_template":"0","footnotes":""},"class_list":["post-1019","page","type-page","status-publish","hentry","entry"],"uagb_featured_image_src":{"full":false,"thumbnail":false,"medium":false,"medium_large":false,"large":false,"1536x1536":false,"2048x2048":false,"ocean-thumb-m":false,"ocean-thumb-ml":false,"ocean-thumb-l":false},"uagb_author_info":{"display_name":"Markuss","author_link":"https:\/\/kolbus.lv\/?author=4"},"uagb_comment_info":0,"uagb_excerpt":"Prese iespiedumam un folijas uzne\u0161anai PE 312 Stingru un lokanu materi\u0101lu, kartona un ar\u012b plastmasas v\u0101ku iespie\u0161anai l\u012bdz pat 80 cikliem\/min\u016bt\u0113 PE 312 Plusi PE 312 apstr\u0101d\u0101 visa veida materi\u0101lus Iesp\u0113jas Iesp\u0113jams piem\u0113rot optim\u0101lai iespie\u0161anai ar vienk\u0101r\u0161u temperat\u016bras, spiediena regul\u0101ciju (10 sekund\u017eu laik\u0101). Matriksa plate ar caurumainu pamatni pievienojamiem iespied\u0113ju blokiem\u00a0 Materi\u0101lu padeve Apstr\u0101de Izvads&hellip;","_links":{"self":[{"href":"https:\/\/kolbus.lv\/index.php?rest_route=\/wp\/v2\/pages\/1019","targetHints":{"allow":["GET"]}}],"collection":[{"href":"https:\/\/kolbus.lv\/index.php?rest_route=\/wp\/v2\/pages"}],"about":[{"href":"https:\/\/kolbus.lv\/index.php?rest_route=\/wp\/v2\/types\/page"}],"author":[{"embeddable":true,"href":"https:\/\/kolbus.lv\/index.php?rest_route=\/wp\/v2\/users\/4"}],"replies":[{"embeddable":true,"href":"https:\/\/kolbus.lv\/index.php?rest_route=%2Fwp%2Fv2%2Fcomments&post=1019"}],"version-history":[{"count":14,"href":"https:\/\/kolbus.lv\/index.php?rest_route=\/wp\/v2\/pages\/1019\/revisions"}],"predecessor-version":[{"id":1743,"href":"https:\/\/kolbus.lv\/index.php?rest_route=\/wp\/v2\/pages\/1019\/revisions\/1743"}],"up":[{"embeddable":true,"href":"https:\/\/kolbus.lv\/index.php?rest_route=\/wp\/v2\/pages\/626"}],"wp:attachment":[{"href":"https:\/\/kolbus.lv\/index.php?rest_route=%2Fwp%2Fv2%2Fmedia&parent=1019"}],"curies":[{"name":"wp","href":"https:\/\/api.w.org\/{rel}","templated":true}]}}