{"id":1040,"date":"2019-11-02T18:27:08","date_gmt":"2019-11-02T15:27:08","guid":{"rendered":"https:\/\/kolbus.lv\/?page_id=1040"},"modified":"2025-03-02T23:36:08","modified_gmt":"2025-03-02T20:36:08","slug":"blt-200","status":"publish","type":"page","link":"https:\/\/kolbus.lv\/?page_id=1040","title":{"rendered":"BLT 200"},"content":{"rendered":"\t\t<div data-elementor-type=\"wp-page\" data-elementor-id=\"1040\" class=\"elementor elementor-1040\">\n\t\t\t\t\t\t<section class=\"elementor-section elementor-top-section elementor-element elementor-element-54737c3 elementor-section-boxed elementor-section-height-default elementor-section-height-default\" data-id=\"54737c3\" data-element_type=\"section\">\n\t\t\t\t\t\t<div class=\"elementor-container elementor-column-gap-default\">\n\t\t\t\t\t<div class=\"elementor-column elementor-col-100 elementor-top-column elementor-element elementor-element-9562e48\" data-id=\"9562e48\" data-element_type=\"column\">\n\t\t\t<div class=\"elementor-widget-wrap elementor-element-populated\">\n\t\t\t\t\t\t<div class=\"elementor-element elementor-element-ccf49bc elementor-widget-divider--view-line elementor-widget elementor-widget-divider\" data-id=\"ccf49bc\" data-element_type=\"widget\" data-widget_type=\"divider.default\">\n\t\t\t\t<div class=\"elementor-widget-container\">\n\t\t\t\t\t\t\t<div class=\"elementor-divider\">\n\t\t\t<span class=\"elementor-divider-separator\">\n\t\t\t\t\t\t<\/span>\n\t\t<\/div>\n\t\t\t\t\t\t<\/div>\n\t\t\t\t<\/div>\n\t\t\t\t<div class=\"elementor-element elementor-element-9bfc3cb elementor-widget elementor-widget-text-editor\" data-id=\"9bfc3cb\" data-element_type=\"widget\" data-widget_type=\"text-editor.default\">\n\t\t\t\t<div class=\"elementor-widget-container\">\n\t\t\t\t\t\t\t\t\t<div id=\"c854\" class=\"csc-frame csc-frame-default\"><div class=\"csc-header csc-header-n1\"><h2 class=\"csc-firstHeader\">iek\u0101rta -BLT 200, \u00a0kastu form\u0113\u0161anai un st\u016bru apl\u012bm\u0113\u0161anai\u00a0<\/h2><\/div><\/div><div id=\"c855\" class=\"csc-frame csc-frame-default\">\u00a0<\/div>\t\t\t\t\t\t\t\t<\/div>\n\t\t\t\t<\/div>\n\t\t\t\t<div class=\"elementor-element elementor-element-7c82ad4 elementor-widget-divider--view-line elementor-widget elementor-widget-divider\" data-id=\"7c82ad4\" data-element_type=\"widget\" data-widget_type=\"divider.default\">\n\t\t\t\t<div class=\"elementor-widget-container\">\n\t\t\t\t\t\t\t<div class=\"elementor-divider\">\n\t\t\t<span class=\"elementor-divider-separator\">\n\t\t\t\t\t\t<\/span>\n\t\t<\/div>\n\t\t\t\t\t\t<\/div>\n\t\t\t\t<\/div>\n\t\t\t\t<div class=\"elementor-element elementor-element-f9b59ff elementor-widget elementor-widget-text-editor\" data-id=\"f9b59ff\" data-element_type=\"widget\" data-widget_type=\"text-editor.default\">\n\t\t\t\t<div class=\"elementor-widget-container\">\n\t\t\t\t\t\t\t\t\t<p>Iek\u0101rta pace\u013c materi\u0101la malas, form\u0113 kasti un apl\u012bm\u0113 ksat\u012b\u0161u st\u016brus \u00a0<\/p>\t\t\t\t\t\t\t\t<\/div>\n\t\t\t\t<\/div>\n\t\t\t\t<div class=\"elementor-element elementor-element-860bcc9 elementor-widget-divider--view-line elementor-widget elementor-widget-divider\" data-id=\"860bcc9\" data-element_type=\"widget\" data-widget_type=\"divider.default\">\n\t\t\t\t<div class=\"elementor-widget-container\">\n\t\t\t\t\t\t\t<div class=\"elementor-divider\">\n\t\t\t<span class=\"elementor-divider-separator\">\n\t\t\t\t\t\t<\/span>\n\t\t<\/div>\n\t\t\t\t\t\t<\/div>\n\t\t\t\t<\/div>\n\t\t\t\t<div class=\"elementor-element elementor-element-630f40c elementor-widget elementor-widget-image\" data-id=\"630f40c\" data-element_type=\"widget\" data-widget_type=\"image.default\">\n\t\t\t\t<div class=\"elementor-widget-container\">\n\t\t\t\t\t\t\t\t\t\t\t\t<figure class=\"wp-caption\">\n\t\t\t\t\t\t\t\t\t\t\t<a href=\"https:\/\/kolbus.lv\/wp-content\/uploads\/2025\/02\/BLT200_RearView2-KOLBUS.png\" data-elementor-open-lightbox=\"yes\" data-elementor-lightbox-title=\"BLT200_RearView2-KOLBUS\" data-e-action-hash=\"#elementor-action%3Aaction%3Dlightbox%26settings%3DeyJpZCI6MjA5MSwidXJsIjoiaHR0cHM6XC9cL2tvbGJ1cy5sdlwvd3AtY29udGVudFwvdXBsb2Fkc1wvMjAyNVwvMDJcL0JMVDIwMF9SZWFyVmlldzItS09MQlVTLnBuZyJ9\">\n\t\t\t\t\t\t\t<img fetchpriority=\"high\" decoding=\"async\" width=\"1024\" height=\"711\" src=\"https:\/\/kolbus.lv\/wp-content\/uploads\/2025\/02\/BLT200_RearView2-KOLBUS-1024x711.png\" class=\"attachment-large size-large wp-image-2091\" alt=\"\" srcset=\"https:\/\/kolbus.lv\/wp-content\/uploads\/2025\/02\/BLT200_RearView2-KOLBUS-1024x711.png 1024w, https:\/\/kolbus.lv\/wp-content\/uploads\/2025\/02\/BLT200_RearView2-KOLBUS-300x208.png 300w, https:\/\/kolbus.lv\/wp-content\/uploads\/2025\/02\/BLT200_RearView2-KOLBUS-768x533.png 768w, https:\/\/kolbus.lv\/wp-content\/uploads\/2025\/02\/BLT200_RearView2-KOLBUS-1536x1067.png 1536w, https:\/\/kolbus.lv\/wp-content\/uploads\/2025\/02\/BLT200_RearView2-KOLBUS.png 1728w\" sizes=\"(max-width: 1024px) 100vw, 1024px\" \/>\t\t\t\t\t\t\t\t<\/a>\n\t\t\t\t\t\t\t\t\t\t\t<figcaption class=\"widget-image-caption wp-caption-text\">Grooving machine NM 101<\/figcaption>\n\t\t\t\t\t\t\t\t\t\t<\/figure>\n\t\t\t\t\t\t\t\t\t<\/div>\n\t\t\t\t<\/div>\n\t\t\t\t<div class=\"elementor-element elementor-element-147bcca elementor-widget-divider--view-line elementor-widget elementor-widget-divider\" data-id=\"147bcca\" data-element_type=\"widget\" data-widget_type=\"divider.default\">\n\t\t\t\t<div class=\"elementor-widget-container\">\n\t\t\t\t\t\t\t<div class=\"elementor-divider\">\n\t\t\t<span class=\"elementor-divider-separator\">\n\t\t\t\t\t\t<\/span>\n\t\t<\/div>\n\t\t\t\t\t\t<\/div>\n\t\t\t\t<\/div>\n\t\t\t\t<div class=\"elementor-element elementor-element-aae4fda elementor-widget elementor-widget-text-editor\" data-id=\"aae4fda\" data-element_type=\"widget\" data-widget_type=\"text-editor.default\">\n\t\t\t\t<div class=\"elementor-widget-container\">\n\t\t\t\t\t\t\t\t\t<p><b>Plusi<\/b><\/p><ul><li style=\"border-style: solid; border-color: currentcolor; --tw-border-spacing-x: 0; --tw-border-spacing-y: 0; --tw-translate-x: 0; --tw-translate-y: 0; --tw-rotate: 0; --tw-skew-x: 0; --tw-skew-y: 0; --tw-scale-x: 1; --tw-scale-y: 1; --tw-scroll-snap-strictness: proximity; --tw-ring-offset-width: 0px; --tw-ring-offset-color: #fff; --tw-ring-color: rgb(59 130 246 \/ 0.5); --tw-ring-offset-shadow: 0 0 #0000; --tw-ring-shadow: 0 0 #0000; --tw-shadow: 0 0 #0000; --tw-shadow-colored: 0 0 #0000; font-size: 1rem; line-height: 1; margin-bottom: 0.6rem; list-style: circle;\">malu uzloc\u012b\u0161anas sekcija<\/li><li style=\"border-style: solid; border-color: currentcolor; --tw-border-spacing-x: 0; --tw-border-spacing-y: 0; --tw-translate-x: 0; --tw-translate-y: 0; --tw-rotate: 0; --tw-skew-x: 0; --tw-skew-y: 0; --tw-scale-x: 1; --tw-scale-y: 1; --tw-scroll-snap-strictness: proximity; --tw-ring-offset-width: 0px; --tw-ring-offset-color: #fff; --tw-ring-color: rgb(59 130 246 \/ 0.5); --tw-ring-offset-shadow: 0 0 #0000; --tw-ring-shadow: 0 0 #0000; --tw-shadow: 0 0 #0000; --tw-shadow-colored: 0 0 #0000; font-size: 1rem; line-height: 1; margin-bottom: 0.6rem; list-style: circle;\">4 karsti st\u016bru aplik\u0101tori<\/li><li style=\"border-style: solid; border-color: currentcolor; --tw-border-spacing-x: 0; --tw-border-spacing-y: 0; --tw-translate-x: 0; --tw-translate-y: 0; --tw-rotate: 0; --tw-skew-x: 0; --tw-skew-y: 0; --tw-scale-x: 1; --tw-scale-y: 1; --tw-scroll-snap-strictness: proximity; --tw-ring-offset-width: 0px; --tw-ring-offset-color: #fff; --tw-ring-color: rgb(59 130 246 \/ 0.5); --tw-ring-offset-shadow: 0 0 #0000; --tw-ring-shadow: 0 0 #0000; --tw-shadow: 0 0 #0000; --tw-shadow-colored: 0 0 #0000; font-size: 1rem; line-height: 1; margin-bottom: 0.6rem; list-style: circle;\">izvads ar konveijera lenti<\/li><li style=\"border-style: solid; border-color: currentcolor; --tw-border-spacing-x: 0; --tw-border-spacing-y: 0; --tw-translate-x: 0; --tw-translate-y: 0; --tw-rotate: 0; --tw-skew-x: 0; --tw-skew-y: 0; --tw-scale-x: 1; --tw-scale-y: 1; --tw-scroll-snap-strictness: proximity; --tw-ring-offset-width: 0px; --tw-ring-offset-color: #fff; --tw-ring-color: rgb(59 130 246 \/ 0.5); --tw-ring-offset-shadow: 0 0 #0000; --tw-ring-shadow: 0 0 #0000; --tw-shadow: 0 0 #0000; --tw-shadow-colored: 0 0 #0000; font-size: 1rem; line-height: 1; margin-bottom: 0.6rem; list-style: circle;\">Automatiz\u0113ta \u00a0formatu uzst\u0101d\u012b\u0161ana<\/li><li style=\"border-style: solid; border-color: currentcolor; --tw-border-spacing-x: 0; --tw-border-spacing-y: 0; --tw-translate-x: 0; --tw-translate-y: 0; --tw-rotate: 0; --tw-skew-x: 0; --tw-skew-y: 0; --tw-scale-x: 1; --tw-scale-y: 1; --tw-scroll-snap-strictness: proximity; --tw-ring-offset-width: 0px; --tw-ring-offset-color: #fff; --tw-ring-color: rgb(59 130 246 \/ 0.5); --tw-ring-offset-shadow: 0 0 #0000; --tw-ring-shadow: 0 0 #0000; --tw-shadow: 0 0 #0000; --tw-shadow-colored: 0 0 #0000; font-size: 1rem; line-height: 1; margin-bottom: 0.6rem; list-style: circle;\">in-line savietojam\u012bba ar BLW 200 materi\u0101la apl\u012bm\u0113t\u0101ju<\/li><\/ul>\t\t\t\t\t\t\t\t<\/div>\n\t\t\t\t<\/div>\n\t\t\t\t<div class=\"elementor-element elementor-element-e81b62d elementor-widget elementor-widget-text-editor\" data-id=\"e81b62d\" data-element_type=\"widget\" data-widget_type=\"text-editor.default\">\n\t\t\t\t<div class=\"elementor-widget-container\">\n\t\t\t\t\t\t\t\t\t<p><b>Iesp\u0113jas<\/b><\/p><div id=\"c857\" class=\"csc-frame csc-frame-default\"><ul><li>Iesp\u0113jams izveidot kastes ar as\u0101m mal\u0101m<\/li><li>Grie\u0161ana vair\u0101kos le\u0146\u0137os (atkar\u012bb\u0101 no t\u0101 vai tiek, vai netiek \u00a0izmantots materi\u0101ls griezum\u0101 )<\/li><li>\u012apa\u0161ie na\u017ei var b\u016bt ier\u012bkoti no 90 l\u012bdz 130 gr\u0101du le\u0146\u0137\u012b<\/li><li>Na\u017eu le\u0146\u0137is tiek sagatavots \u0101rpus ma\u0161\u012bnas &#8211; \u012bpa\u0161\u0101 iek\u0101rt\u0101<\/li><\/ul><\/div>\t\t\t\t\t\t\t\t<\/div>\n\t\t\t\t<\/div>\n\t\t\t\t<div class=\"elementor-element elementor-element-03d0ddf elementor-widget-divider--view-line elementor-widget elementor-widget-divider\" data-id=\"03d0ddf\" data-element_type=\"widget\" data-widget_type=\"divider.default\">\n\t\t\t\t<div class=\"elementor-widget-container\">\n\t\t\t\t\t\t\t<div class=\"elementor-divider\">\n\t\t\t<span class=\"elementor-divider-separator\">\n\t\t\t\t\t\t<\/span>\n\t\t<\/div>\n\t\t\t\t\t\t<\/div>\n\t\t\t\t<\/div>\n\t\t\t\t<div class=\"elementor-element elementor-element-eae2787 elementor-widget-divider--view-line elementor-widget elementor-widget-divider\" data-id=\"eae2787\" data-element_type=\"widget\" data-widget_type=\"divider.default\">\n\t\t\t\t<div class=\"elementor-widget-container\">\n\t\t\t\t\t\t\t<div class=\"elementor-divider\">\n\t\t\t<span class=\"elementor-divider-separator\">\n\t\t\t\t\t\t<\/span>\n\t\t<\/div>\n\t\t\t\t\t\t<\/div>\n\t\t\t\t<\/div>\n\t\t\t\t<div class=\"elementor-element elementor-element-3482f48 elementor-widget elementor-widget-toggle\" data-id=\"3482f48\" data-element_type=\"widget\" data-widget_type=\"toggle.default\">\n\t\t\t\t<div class=\"elementor-widget-container\">\n\t\t\t\t\t\t\t<div class=\"elementor-toggle\">\n\t\t\t\t\t\t\t<div class=\"elementor-toggle-item\">\n\t\t\t\t\t<div id=\"elementor-tab-title-5501\" class=\"elementor-tab-title\" data-tab=\"1\" role=\"button\" aria-controls=\"elementor-tab-content-5501\" aria-expanded=\"false\">\n\t\t\t\t\t\t\t\t\t\t\t\t<span class=\"elementor-toggle-icon elementor-toggle-icon-left\" aria-hidden=\"true\">\n\t\t\t\t\t\t\t\t\t\t\t\t\t\t\t<span class=\"elementor-toggle-icon-closed\"><i class=\"fas fa-caret-right\"><\/i><\/span>\n\t\t\t\t\t\t\t\t<span class=\"elementor-toggle-icon-opened\"><i class=\"elementor-toggle-icon-opened fas fa-caret-up\"><\/i><\/span>\n\t\t\t\t\t\t\t\t\t\t\t\t\t<\/span>\n\t\t\t\t\t\t\t\t\t\t\t\t<a class=\"elementor-toggle-title\" tabindex=\"0\">Tehniskie dati<\/a>\n\t\t\t\t\t<\/div>\n\n\t\t\t\t\t<div id=\"elementor-tab-content-5501\" class=\"elementor-tab-content elementor-clearfix\" data-tab=\"1\" role=\"region\" aria-labelledby=\"elementor-tab-title-5501\"><p><b>Izm\u0113ru amplit\u016bda<\/b>&nbsp;(platums x garums)<\/p>\n<p><span style=\"font-size: 15px;\">Materi\u0101la \/ loksnes &nbsp;Izm\u0113ri &#8211; min. 86 x 86 mm | max. 735 x 525 mm<\/span><br><\/p>\n<p style=\"font-variant-caps: normal; font-family: &quot;Open Sans&quot;; font-size: 15px; font-style: normal;\"><span style=\"font-size: 15px;\">Kastes &nbsp;Izm\u0113ri &#8211; min. 56 x 56 x 15 mm | max. 360 x 570 x 170 mm<\/span><br><\/p>\n<div><span style=\"font-size: 15px;\"><br><\/span><\/div>\n<hr>\n<p><b>Loksnes biezums<\/b><\/p>\n<p>&nbsp;1 mm &#8211; 3 mm<\/p>\n<hr>\n<p><b>Meh\u0101niskais \u0101trums<\/b><\/p>\n<p>l\u012bdz 40 cikliem \/min<\/p>\n<p>kast\u0113m, kam augstums &gt; 135 mm, max. 25 cikli \/ min.<\/p>\n<p><i>Produkcija atkar\u012bga no materi\u0101liem, izm\u0113riem u.t.t.<\/i><\/p><\/div>\n\t\t\t\t<\/div>\n\t\t\t\t\t\t\t<div class=\"elementor-toggle-item\">\n\t\t\t\t\t<div id=\"elementor-tab-title-5502\" class=\"elementor-tab-title\" data-tab=\"2\" role=\"button\" aria-controls=\"elementor-tab-content-5502\" aria-expanded=\"false\">\n\t\t\t\t\t\t\t\t\t\t\t\t<span class=\"elementor-toggle-icon elementor-toggle-icon-left\" aria-hidden=\"true\">\n\t\t\t\t\t\t\t\t\t\t\t\t\t\t\t<span class=\"elementor-toggle-icon-closed\"><i class=\"fas fa-caret-right\"><\/i><\/span>\n\t\t\t\t\t\t\t\t<span class=\"elementor-toggle-icon-opened\"><i class=\"elementor-toggle-icon-opened fas fa-caret-up\"><\/i><\/span>\n\t\t\t\t\t\t\t\t\t\t\t\t\t<\/span>\n\t\t\t\t\t\t\t\t\t\t\t\t<a class=\"elementor-toggle-title\" tabindex=\"0\">Kontakti<\/a>\n\t\t\t\t\t<\/div>\n\n\t\t\t\t\t<div id=\"elementor-tab-content-5502\" class=\"elementor-tab-content elementor-clearfix\" data-tab=\"2\" role=\"region\" aria-labelledby=\"elementor-tab-title-5502\"><p>P\u0101rdo\u0161anas vad\u012bt\u0101js<br \/>Zandis Zvirbulis<br \/>SIA Kolbus<br \/>Tel. 27769059<br \/><a href=\"mailto:zandis@kolbus.lv\">zandis@kolbus.lv<\/a><\/p><\/div>\n\t\t\t\t<\/div>\n\t\t\t\t\t\t\t\t<\/div>\n\t\t\t\t\t\t<\/div>\n\t\t\t\t<\/div>\n\t\t\t\t\t<\/div>\n\t\t<\/div>\n\t\t\t\t\t<\/div>\n\t\t<\/section>\n\t\t\t\t<\/div>\n\t\t","protected":false},"excerpt":{"rendered":"<p>iek\u0101rta -BLT 200, \u00a0kastu form\u0113\u0161anai un st\u016bru apl\u012bm\u0113\u0161anai\u00a0 \u00a0 Iek\u0101rta pace\u013c materi\u0101la malas, form\u0113 kasti un apl\u012bm\u0113 ksat\u012b\u0161u st\u016brus \u00a0 Grooving machine NM 101 Plusi malu uzloc\u012b\u0161anas sekcija 4 karsti st\u016bru aplik\u0101tori izvads ar konveijera lenti Automatiz\u0113ta \u00a0formatu uzst\u0101d\u012b\u0161ana in-line savietojam\u012bba ar BLW 200 materi\u0101la apl\u012bm\u0113t\u0101ju Iesp\u0113jas Iesp\u0113jams izveidot kastes ar as\u0101m mal\u0101m Grie\u0161ana vair\u0101kos [&hellip;]<\/p>\n","protected":false},"author":4,"featured_media":0,"parent":1028,"menu_order":3,"comment_status":"closed","ping_status":"closed","template":"","meta":{"_uag_custom_page_level_css":"","ocean_post_layout":"full-width","ocean_both_sidebars_style":"","ocean_both_sidebars_content_width":0,"ocean_both_sidebars_sidebars_width":0,"ocean_sidebar":"0","ocean_second_sidebar":"0","ocean_disable_margins":"enable","ocean_add_body_class":"","ocean_shortcode_before_top_bar":"","ocean_shortcode_after_top_bar":"","ocean_shortcode_before_header":"","ocean_shortcode_after_header":"","ocean_has_shortcode":"","ocean_shortcode_after_title":"","ocean_shortcode_before_footer_widgets":"","ocean_shortcode_after_footer_widgets":"","ocean_shortcode_before_footer_bottom":"","ocean_shortcode_after_footer_bottom":"","ocean_display_top_bar":"default","ocean_display_header":"default","ocean_header_style":"","ocean_center_header_left_menu":"0","ocean_custom_header_template":"0","ocean_custom_logo":0,"ocean_custom_retina_logo":0,"ocean_custom_logo_max_width":0,"ocean_custom_logo_tablet_max_width":0,"ocean_custom_logo_mobile_max_width":0,"ocean_custom_logo_max_height":0,"ocean_custom_logo_tablet_max_height":0,"ocean_custom_logo_mobile_max_height":0,"ocean_header_custom_menu":"0","ocean_menu_typo_font_family":"0","ocean_menu_typo_font_subset":"","ocean_menu_typo_font_size":0,"ocean_menu_typo_font_size_tablet":0,"ocean_menu_typo_font_size_mobile":0,"ocean_menu_typo_font_size_unit":"px","ocean_menu_typo_font_weight":"","ocean_menu_typo_font_weight_tablet":"","ocean_menu_typo_font_weight_mobile":"","ocean_menu_typo_transform":"","ocean_menu_typo_transform_tablet":"","ocean_menu_typo_transform_mobile":"","ocean_menu_typo_line_height":0,"ocean_menu_typo_line_height_tablet":0,"ocean_menu_typo_line_height_mobile":0,"ocean_menu_typo_line_height_unit":"","ocean_menu_typo_spacing":0,"ocean_menu_typo_spacing_tablet":0,"ocean_menu_typo_spacing_mobile":0,"ocean_menu_typo_spacing_unit":"","ocean_menu_link_color":"","ocean_menu_link_color_hover":"","ocean_menu_link_color_active":"","ocean_menu_link_background":"","ocean_menu_link_hover_background":"","ocean_menu_link_active_background":"","ocean_menu_social_links_bg":"","ocean_menu_social_hover_links_bg":"","ocean_menu_social_links_color":"","ocean_menu_social_hover_links_color":"","ocean_disable_title":"default","ocean_disable_heading":"default","ocean_post_title":"","ocean_post_subheading":"","ocean_post_title_style":"background-image","ocean_post_title_background_color":"","ocean_post_title_background":704,"ocean_post_title_bg_image_position":"","ocean_post_title_bg_image_attachment":"","ocean_post_title_bg_image_repeat":"","ocean_post_title_bg_image_size":"","ocean_post_title_height":0,"ocean_post_title_bg_overlay":0.5,"ocean_post_title_bg_overlay_color":"","ocean_disable_breadcrumbs":"default","ocean_breadcrumbs_color":"","ocean_breadcrumbs_separator_color":"","ocean_breadcrumbs_links_color":"","ocean_breadcrumbs_links_hover_color":"","ocean_display_footer_widgets":"default","ocean_display_footer_bottom":"default","ocean_custom_footer_template":"0","footnotes":""},"class_list":["post-1040","page","type-page","status-publish","hentry","entry"],"uagb_featured_image_src":{"full":false,"thumbnail":false,"medium":false,"medium_large":false,"large":false,"1536x1536":false,"2048x2048":false,"ocean-thumb-m":false,"ocean-thumb-ml":false,"ocean-thumb-l":false},"uagb_author_info":{"display_name":"Markuss","author_link":"https:\/\/kolbus.lv\/?author=4"},"uagb_comment_info":0,"uagb_excerpt":"iek\u0101rta -BLT 200, \u00a0kastu form\u0113\u0161anai un st\u016bru apl\u012bm\u0113\u0161anai\u00a0 \u00a0 Iek\u0101rta pace\u013c materi\u0101la malas, form\u0113 kasti un apl\u012bm\u0113 ksat\u012b\u0161u st\u016brus \u00a0 Grooving machine NM 101 Plusi malu uzloc\u012b\u0161anas sekcija 4 karsti st\u016bru aplik\u0101tori izvads ar konveijera lenti Automatiz\u0113ta \u00a0formatu uzst\u0101d\u012b\u0161ana in-line savietojam\u012bba ar BLW 200 materi\u0101la apl\u012bm\u0113t\u0101ju Iesp\u0113jas Iesp\u0113jams izveidot kastes ar as\u0101m mal\u0101m Grie\u0161ana vair\u0101kos&hellip;","_links":{"self":[{"href":"https:\/\/kolbus.lv\/index.php?rest_route=\/wp\/v2\/pages\/1040","targetHints":{"allow":["GET"]}}],"collection":[{"href":"https:\/\/kolbus.lv\/index.php?rest_route=\/wp\/v2\/pages"}],"about":[{"href":"https:\/\/kolbus.lv\/index.php?rest_route=\/wp\/v2\/types\/page"}],"author":[{"embeddable":true,"href":"https:\/\/kolbus.lv\/index.php?rest_route=\/wp\/v2\/users\/4"}],"replies":[{"embeddable":true,"href":"https:\/\/kolbus.lv\/index.php?rest_route=%2Fwp%2Fv2%2Fcomments&post=1040"}],"version-history":[{"count":25,"href":"https:\/\/kolbus.lv\/index.php?rest_route=\/wp\/v2\/pages\/1040\/revisions"}],"predecessor-version":[{"id":2128,"href":"https:\/\/kolbus.lv\/index.php?rest_route=\/wp\/v2\/pages\/1040\/revisions\/2128"}],"up":[{"embeddable":true,"href":"https:\/\/kolbus.lv\/index.php?rest_route=\/wp\/v2\/pages\/1028"}],"wp:attachment":[{"href":"https:\/\/kolbus.lv\/index.php?rest_route=%2Fwp%2Fv2%2Fmedia&parent=1040"}],"curies":[{"name":"wp","href":"https:\/\/api.w.org\/{rel}","templated":true}]}}