{"id":1116,"date":"2020-04-04T19:06:42","date_gmt":"2020-04-04T16:06:42","guid":{"rendered":"https:\/\/kolbus.lv\/?page_id=1116"},"modified":"2025-02-25T01:04:05","modified_gmt":"2025-02-24T22:04:05","slug":"blp_blf-500","status":"publish","type":"page","link":"https:\/\/kolbus.lv\/?page_id=1116","title":{"rendered":"BLT_BLF. 500"},"content":{"rendered":"\t\t<div data-elementor-type=\"wp-page\" data-elementor-id=\"1116\" class=\"elementor elementor-1116\">\n\t\t\t\t\t\t<section class=\"elementor-section elementor-top-section elementor-element elementor-element-54737c3 elementor-section-boxed elementor-section-height-default elementor-section-height-default\" data-id=\"54737c3\" data-element_type=\"section\">\n\t\t\t\t\t\t<div class=\"elementor-container elementor-column-gap-default\">\n\t\t\t\t\t<div class=\"elementor-column elementor-col-100 elementor-top-column elementor-element elementor-element-9562e48\" data-id=\"9562e48\" data-element_type=\"column\">\n\t\t\t<div class=\"elementor-widget-wrap elementor-element-populated\">\n\t\t\t\t\t\t<div class=\"elementor-element elementor-element-ccf49bc elementor-widget-divider--view-line elementor-widget elementor-widget-divider\" data-id=\"ccf49bc\" data-element_type=\"widget\" data-widget_type=\"divider.default\">\n\t\t\t\t<div class=\"elementor-widget-container\">\n\t\t\t\t\t\t\t<div class=\"elementor-divider\">\n\t\t\t<span class=\"elementor-divider-separator\">\n\t\t\t\t\t\t<\/span>\n\t\t<\/div>\n\t\t\t\t\t\t<\/div>\n\t\t\t\t<\/div>\n\t\t\t\t<div class=\"elementor-element elementor-element-9bfc3cb elementor-widget elementor-widget-text-editor\" data-id=\"9bfc3cb\" data-element_type=\"widget\" data-widget_type=\"text-editor.default\">\n\t\t\t\t<div class=\"elementor-widget-container\">\n\t\t\t\t\t\t\t\t\t<div id=\"c854\" class=\"csc-frame csc-frame-default\"><div class=\"csc-header csc-header-n1\"><div id=\"c477\" class=\"csc-frame csc-frame-default\"><div class=\"csc-header csc-header-n1\"><div id=\"c1432\" class=\"csc-frame csc-frame-default\"><div class=\"csc-header csc-header-n1\"><h2 class=\"csc-firstHeader\">Kast\u012b\u0161u izgatvo\u0161anas l\u012bnija BLP_BLF 500<\/h2><\/div><\/div><\/div><\/div><\/div><\/div>\t\t\t\t\t\t\t\t<\/div>\n\t\t\t\t<\/div>\n\t\t\t\t<div class=\"elementor-element elementor-element-7c82ad4 elementor-widget-divider--view-line elementor-widget elementor-widget-divider\" data-id=\"7c82ad4\" data-element_type=\"widget\" data-widget_type=\"divider.default\">\n\t\t\t\t<div class=\"elementor-widget-container\">\n\t\t\t\t\t\t\t<div class=\"elementor-divider\">\n\t\t\t<span class=\"elementor-divider-separator\">\n\t\t\t\t\t\t<\/span>\n\t\t<\/div>\n\t\t\t\t\t\t<\/div>\n\t\t\t\t<\/div>\n\t\t\t\t<div class=\"elementor-element elementor-element-f9b59ff elementor-widget elementor-widget-text-editor\" data-id=\"f9b59ff\" data-element_type=\"widget\" data-widget_type=\"text-editor.default\">\n\t\t\t\t<div class=\"elementor-widget-container\">\n\t\t\t\t\t\t\t\t\t<p><b>St\u016bru izcirt\u0113js BLP 500<\/b> \u2013 sekcija st\u016bru izcir\u0161anai<\/p><p><b>Kastu izgatavo\u0161anas iek\u0101rta BLF 500 &#8211; <\/b>L\u012bnija kastu izgatavo\u0161anai ar\u00a0krust\u0101 izcirstiem, nol\u012bm\u0113tiem, ieloc\u012btiem un nopres\u0113tiem st\u016briem.<\/p>\t\t\t\t\t\t\t\t<\/div>\n\t\t\t\t<\/div>\n\t\t\t\t<div class=\"elementor-element elementor-element-860bcc9 elementor-widget-divider--view-line elementor-widget elementor-widget-divider\" data-id=\"860bcc9\" data-element_type=\"widget\" data-widget_type=\"divider.default\">\n\t\t\t\t<div class=\"elementor-widget-container\">\n\t\t\t\t\t\t\t<div class=\"elementor-divider\">\n\t\t\t<span class=\"elementor-divider-separator\">\n\t\t\t\t\t\t<\/span>\n\t\t<\/div>\n\t\t\t\t\t\t<\/div>\n\t\t\t\t<\/div>\n\t\t\t\t<div class=\"elementor-element elementor-element-147bcca elementor-widget-divider--view-line elementor-widget elementor-widget-divider\" data-id=\"147bcca\" data-element_type=\"widget\" data-widget_type=\"divider.default\">\n\t\t\t\t<div class=\"elementor-widget-container\">\n\t\t\t\t\t\t\t<div class=\"elementor-divider\">\n\t\t\t<span class=\"elementor-divider-separator\">\n\t\t\t\t\t\t<\/span>\n\t\t<\/div>\n\t\t\t\t\t\t<\/div>\n\t\t\t\t<\/div>\n\t\t\t\t<div class=\"elementor-element elementor-element-aae4fda elementor-widget elementor-widget-text-editor\" data-id=\"aae4fda\" data-element_type=\"widget\" data-widget_type=\"text-editor.default\">\n\t\t\t\t<div class=\"elementor-widget-container\">\n\t\t\t\t\t\t\t\t\t<p><b>Plusi<\/b><\/p><p>Jauns, automatiz\u0113ts kastu izgatavo\u0161anas veids<\/p><ul><li>Kastes ar apk\u0101rt liekamiem v\u0101kiem, uzsl\u012bdo\u0161iem v\u0101kiem un prec\u012bziem le\u0146\u0137iem, as\u0101m mal\u0101m<\/li><li>\u012asiem iest\u0101t\u012b\u0161anas laikiem<\/li><li>Form\u0101ta mai\u0146a automatiz\u0113ta bez iestat\u012b\u0161anas(toolless)<\/li><li>Prec\u012bzi apl\u012bm\u0113tas ar auksto l\u012bmi iegriezumu vietas<\/li><\/ul>\t\t\t\t\t\t\t\t<\/div>\n\t\t\t\t<\/div>\n\t\t\t\t<div class=\"elementor-element elementor-element-e81b62d elementor-widget elementor-widget-text-editor\" data-id=\"e81b62d\" data-element_type=\"widget\" data-widget_type=\"text-editor.default\">\n\t\t\t\t<div class=\"elementor-widget-container\">\n\t\t\t\t\t\t\t\t\t<p><span style=\"color: #333333;\"><strong>Iesp\u0113jas<\/strong><\/span><\/p><div id=\"c857\" class=\"csc-frame csc-frame-default\"><div id=\"c480\" class=\"csc-frame csc-frame-default\"><ul><li>Lok\u0161\u0146u atdal\u012b\u0161ana un prec\u012bza novieto\u0161anpirms to grie\u0161anas<\/li><li>St\u016bru izcirt\u0113ji ar 4 st\u016bru na\u017eiem<\/li><li>Kastes no krust\u0101 ieloc\u012bt\u0101m loksn\u0113m<\/li><li>Aukst\u0101s l\u012bmes stacija rievu l\u012bm\u0113\u0161anai<\/li><li>Form\u0113\u0161anas sekcija s\u0101nu sien\u0101m<\/li><\/ul><\/div><\/div><div id=\"c5508\" class=\"csc-frame csc-frame-default\"><div class=\"csc-header csc-header-n5\">\u00a0<\/div><\/div>\t\t\t\t\t\t\t\t<\/div>\n\t\t\t\t<\/div>\n\t\t\t\t<div class=\"elementor-element elementor-element-03d0ddf elementor-widget-divider--view-line elementor-widget elementor-widget-divider\" data-id=\"03d0ddf\" data-element_type=\"widget\" data-widget_type=\"divider.default\">\n\t\t\t\t<div class=\"elementor-widget-container\">\n\t\t\t\t\t\t\t<div class=\"elementor-divider\">\n\t\t\t<span class=\"elementor-divider-separator\">\n\t\t\t\t\t\t<\/span>\n\t\t<\/div>\n\t\t\t\t\t\t<\/div>\n\t\t\t\t<\/div>\n\t\t\t\t<section class=\"elementor-section elementor-inner-section elementor-element elementor-element-6d62d7f elementor-section-boxed elementor-section-height-default elementor-section-height-default\" data-id=\"6d62d7f\" data-element_type=\"section\">\n\t\t\t\t\t\t<div class=\"elementor-container elementor-column-gap-default\">\n\t\t\t\t\t<div class=\"elementor-column elementor-col-33 elementor-inner-column elementor-element elementor-element-bc19548\" data-id=\"bc19548\" data-element_type=\"column\">\n\t\t\t<div class=\"elementor-widget-wrap elementor-element-populated\">\n\t\t\t\t\t\t<div class=\"elementor-element elementor-element-2edca8e elementor-widget elementor-widget-image\" data-id=\"2edca8e\" data-element_type=\"widget\" data-widget_type=\"image.default\">\n\t\t\t\t<div class=\"elementor-widget-container\">\n\t\t\t\t\t\t\t\t\t\t\t\t\t\t\t<img fetchpriority=\"high\" decoding=\"async\" width=\"313\" height=\"235\" src=\"https:\/\/kolbus.lv\/wp-content\/uploads\/2020\/04\/csm_SWE_nutpappe_vorLeimstation_kolbus_62341493fe.jpg\" class=\"attachment-large size-large wp-image-1302\" alt=\"\" srcset=\"https:\/\/kolbus.lv\/wp-content\/uploads\/2020\/04\/csm_SWE_nutpappe_vorLeimstation_kolbus_62341493fe.jpg 313w, https:\/\/kolbus.lv\/wp-content\/uploads\/2020\/04\/csm_SWE_nutpappe_vorLeimstation_kolbus_62341493fe-300x225.jpg 300w\" sizes=\"(max-width: 313px) 100vw, 313px\" \/>\t\t\t\t\t\t\t\t\t\t\t\t\t\t\t<\/div>\n\t\t\t\t<\/div>\n\t\t\t\t\t<\/div>\n\t\t<\/div>\n\t\t\t\t<div class=\"elementor-column elementor-col-33 elementor-inner-column elementor-element elementor-element-b6ab7bc\" data-id=\"b6ab7bc\" data-element_type=\"column\">\n\t\t\t<div class=\"elementor-widget-wrap elementor-element-populated\">\n\t\t\t\t\t\t<div class=\"elementor-element elementor-element-cb09186 elementor-widget elementor-widget-image\" data-id=\"cb09186\" data-element_type=\"widget\" data-widget_type=\"image.default\">\n\t\t\t\t<div class=\"elementor-widget-container\">\n\t\t\t\t\t\t\t\t\t\t\t\t<figure class=\"wp-caption\">\n\t\t\t\t\t\t\t\t\t\t\t<a href=\"https:\/\/kolbus.lv\/wp-content\/uploads\/2020\/04\/SW.H_Packaging-Detail-123.jpg\" data-elementor-open-lightbox=\"yes\" data-elementor-lightbox-title=\"SW.H_Packaging-Detail-123\" data-e-action-hash=\"#elementor-action%3Aaction%3Dlightbox%26settings%3DeyJpZCI6MTI5OSwidXJsIjoiaHR0cHM6XC9cL2tvbGJ1cy5sdlwvd3AtY29udGVudFwvdXBsb2Fkc1wvMjAyMFwvMDRcL1NXLkhfUGFja2FnaW5nLURldGFpbC0xMjMuanBnIn0%3D\">\n\t\t\t\t\t\t\t<img decoding=\"async\" width=\"768\" height=\"553\" src=\"https:\/\/kolbus.lv\/wp-content\/uploads\/2020\/04\/SW.H_Packaging-Detail-123-768x553.jpg\" class=\"attachment-medium_large size-medium_large wp-image-1299\" alt=\"\" srcset=\"https:\/\/kolbus.lv\/wp-content\/uploads\/2020\/04\/SW.H_Packaging-Detail-123-768x553.jpg 768w, https:\/\/kolbus.lv\/wp-content\/uploads\/2020\/04\/SW.H_Packaging-Detail-123-300x216.jpg 300w, https:\/\/kolbus.lv\/wp-content\/uploads\/2020\/04\/SW.H_Packaging-Detail-123-1024x737.jpg 1024w, https:\/\/kolbus.lv\/wp-content\/uploads\/2020\/04\/SW.H_Packaging-Detail-123-1536x1106.jpg 1536w, https:\/\/kolbus.lv\/wp-content\/uploads\/2020\/04\/SW.H_Packaging-Detail-123-2048x1475.jpg 2048w\" sizes=\"(max-width: 768px) 100vw, 768px\" \/>\t\t\t\t\t\t\t\t<\/a>\n\t\t\t\t\t\t\t\t\t\t\t<figcaption class=\"widget-image-caption wp-caption-text\"><\/figcaption>\n\t\t\t\t\t\t\t\t\t\t<\/figure>\n\t\t\t\t\t\t\t\t\t<\/div>\n\t\t\t\t<\/div>\n\t\t\t\t\t<\/div>\n\t\t<\/div>\n\t\t\t\t<div class=\"elementor-column elementor-col-33 elementor-inner-column elementor-element elementor-element-11bc92d\" data-id=\"11bc92d\" data-element_type=\"column\">\n\t\t\t<div class=\"elementor-widget-wrap elementor-element-populated\">\n\t\t\t\t\t\t<div class=\"elementor-element elementor-element-3297553 elementor-widget elementor-widget-image\" data-id=\"3297553\" data-element_type=\"widget\" data-widget_type=\"image.default\">\n\t\t\t\t<div class=\"elementor-widget-container\">\n\t\t\t\t\t\t\t\t\t\t\t\t<figure class=\"wp-caption\">\n\t\t\t\t\t\t\t\t\t\t\t<a href=\"https:\/\/kolbus.lv\/wp-content\/uploads\/2020\/04\/csm_SWe_SWH_boxmuster_kolbus_1850803fee.jpg\" data-elementor-open-lightbox=\"yes\" data-elementor-lightbox-title=\"csm_SWe_SWH_boxmuster_kolbus_1850803fee\" data-e-action-hash=\"#elementor-action%3Aaction%3Dlightbox%26settings%3DeyJpZCI6MTMwMywidXJsIjoiaHR0cHM6XC9cL2tvbGJ1cy5sdlwvd3AtY29udGVudFwvdXBsb2Fkc1wvMjAyMFwvMDRcL2NzbV9TV2VfU1dIX2JveG11c3Rlcl9rb2xidXNfMTg1MDgwM2ZlZS5qcGcifQ%3D%3D\">\n\t\t\t\t\t\t\t<img decoding=\"async\" width=\"313\" height=\"235\" src=\"https:\/\/kolbus.lv\/wp-content\/uploads\/2020\/04\/csm_SWe_SWH_boxmuster_kolbus_1850803fee.jpg\" class=\"attachment-medium_large size-medium_large wp-image-1303\" alt=\"\" srcset=\"https:\/\/kolbus.lv\/wp-content\/uploads\/2020\/04\/csm_SWe_SWH_boxmuster_kolbus_1850803fee.jpg 313w, https:\/\/kolbus.lv\/wp-content\/uploads\/2020\/04\/csm_SWe_SWH_boxmuster_kolbus_1850803fee-300x225.jpg 300w\" sizes=\"(max-width: 313px) 100vw, 313px\" \/>\t\t\t\t\t\t\t\t<\/a>\n\t\t\t\t\t\t\t\t\t\t\t<figcaption class=\"widget-image-caption wp-caption-text\"><\/figcaption>\n\t\t\t\t\t\t\t\t\t\t<\/figure>\n\t\t\t\t\t\t\t\t\t<\/div>\n\t\t\t\t<\/div>\n\t\t\t\t\t<\/div>\n\t\t<\/div>\n\t\t\t\t\t<\/div>\n\t\t<\/section>\n\t\t\t\t<div class=\"elementor-element elementor-element-eae2787 elementor-widget-divider--view-line elementor-widget elementor-widget-divider\" data-id=\"eae2787\" data-element_type=\"widget\" data-widget_type=\"divider.default\">\n\t\t\t\t<div class=\"elementor-widget-container\">\n\t\t\t\t\t\t\t<div class=\"elementor-divider\">\n\t\t\t<span class=\"elementor-divider-separator\">\n\t\t\t\t\t\t<\/span>\n\t\t<\/div>\n\t\t\t\t\t\t<\/div>\n\t\t\t\t<\/div>\n\t\t\t\t\t<\/div>\n\t\t<\/div>\n\t\t\t\t\t<\/div>\n\t\t<\/section>\n\t\t\t\t<section class=\"elementor-section elementor-top-section elementor-element elementor-element-2f87692 elementor-section-boxed elementor-section-height-default elementor-section-height-default\" data-id=\"2f87692\" data-element_type=\"section\">\n\t\t\t\t\t\t<div class=\"elementor-container elementor-column-gap-default\">\n\t\t\t\t\t<div class=\"elementor-column elementor-col-100 elementor-top-column elementor-element elementor-element-64789fa\" data-id=\"64789fa\" data-element_type=\"column\">\n\t\t\t<div class=\"elementor-widget-wrap elementor-element-populated\">\n\t\t\t\t\t\t<div class=\"elementor-element elementor-element-c3f3a1d elementor-widget elementor-widget-toggle\" data-id=\"c3f3a1d\" data-element_type=\"widget\" data-widget_type=\"toggle.default\">\n\t\t\t\t<div class=\"elementor-widget-container\">\n\t\t\t\t\t\t\t<div class=\"elementor-toggle\">\n\t\t\t\t\t\t\t<div class=\"elementor-toggle-item\">\n\t\t\t\t\t<div id=\"elementor-tab-title-2051\" class=\"elementor-tab-title\" data-tab=\"1\" role=\"button\" aria-controls=\"elementor-tab-content-2051\" aria-expanded=\"false\">\n\t\t\t\t\t\t\t\t\t\t\t\t<span class=\"elementor-toggle-icon elementor-toggle-icon-left\" aria-hidden=\"true\">\n\t\t\t\t\t\t\t\t\t\t\t\t\t\t\t<span class=\"elementor-toggle-icon-closed\"><i class=\"fas fa-caret-right\"><\/i><\/span>\n\t\t\t\t\t\t\t\t<span class=\"elementor-toggle-icon-opened\"><i class=\"elementor-toggle-icon-opened fas fa-caret-up\"><\/i><\/span>\n\t\t\t\t\t\t\t\t\t\t\t\t\t<\/span>\n\t\t\t\t\t\t\t\t\t\t\t\t<a class=\"elementor-toggle-title\" tabindex=\"0\">Tehniskie dati<\/a>\n\t\t\t\t\t<\/div>\n\n\t\t\t\t\t<div id=\"elementor-tab-content-2051\" class=\"elementor-tab-content elementor-clearfix\" data-tab=\"1\" role=\"region\" aria-labelledby=\"elementor-tab-title-2051\"><p class=\"bodytext\"><b>Izm\u0113ru amplit\u016bda\u00a0<\/b>(platums x garums x biezums)<\/p><p class=\"bodytext\"><br \/>loksnes min &#8211; 140 x 140 x 1.5 mm | max &#8211; 735 x 5257 x 4 mm<br \/>Kastes augstums (<span class=\"word word-10-0-0 hover\">\u0101r\u0113jie<\/span> <span class=\"word word-10-1-1\">izm\u0113ri<\/span>): min &#8211; 20 mm | max &#8211; 170 mm<br \/>Kastes apak\u0161as ( <span class=\"word word-10-0-0 hover\">\u0101r\u0113jie<\/span> <span class=\"word word-10-1-1\">izm\u0113ri<\/span>): min &#8211; 65 x 65 mm | max &#8211; 570 x 360 mm<\/p><p>Izm\u0113ru amplit\u016bda st\u016bru izcirt\u0113jiem ir atkar\u012bga no\u00a0<span class=\"word word-10-0-0 hover\">\u0101r\u0113jiem<\/span> <span class=\"word word-10-1-1\">izm\u0113riem.<\/span><\/p><hr \/><p class=\"bodytext\"><b>Meh\u0101niskais \u0101trums<\/b><\/p><p class=\"bodytext\">L\u012bdz pat 40 cikliem\/min\u016bt\u0113<\/p><p class=\"bodytext\">Kastes augstumam &gt; 135 mm \u2013 max &#8211; 30 cikli\/min<br \/>Kastes augstumam &gt; 150 mm \u2013 max &#8211; 25 cikli\/min<\/p><div class=\"elementor-toggle-item\"><div id=\"elementor-tab-content-5501\" class=\"elementor-tab-content elementor-clearfix elementor-active\" role=\"tabpanel\" data-tab=\"1\" aria-labelledby=\"elementor-tab-title-5501\"><p class=\"bodytext\"><i>Produkcija ir atkar\u012bga no izm\u0113riem, materi\u0101liem u.t.t.<\/i><\/p><\/div><\/div><\/div>\n\t\t\t\t<\/div>\n\t\t\t\t\t\t\t<div class=\"elementor-toggle-item\">\n\t\t\t\t\t<div id=\"elementor-tab-title-2052\" class=\"elementor-tab-title\" data-tab=\"2\" role=\"button\" aria-controls=\"elementor-tab-content-2052\" aria-expanded=\"false\">\n\t\t\t\t\t\t\t\t\t\t\t\t<span class=\"elementor-toggle-icon elementor-toggle-icon-left\" aria-hidden=\"true\">\n\t\t\t\t\t\t\t\t\t\t\t\t\t\t\t<span class=\"elementor-toggle-icon-closed\"><i class=\"fas fa-caret-right\"><\/i><\/span>\n\t\t\t\t\t\t\t\t<span class=\"elementor-toggle-icon-opened\"><i class=\"elementor-toggle-icon-opened fas fa-caret-up\"><\/i><\/span>\n\t\t\t\t\t\t\t\t\t\t\t\t\t<\/span>\n\t\t\t\t\t\t\t\t\t\t\t\t<a class=\"elementor-toggle-title\" tabindex=\"0\">Kontaktpersona<\/a>\n\t\t\t\t\t<\/div>\n\n\t\t\t\t\t<div id=\"elementor-tab-content-2052\" class=\"elementor-tab-content elementor-clearfix\" data-tab=\"2\" role=\"region\" aria-labelledby=\"elementor-tab-title-2052\"><p><img loading=\"lazy\" decoding=\"async\" class=\"alignnone  wp-image-834\" src=\"https:\/\/kolbus.lv\/wp-content\/uploads\/2019\/10\/Zandis-Zvirbulis-300x300.png\" alt=\"\" width=\"140\" height=\"140\" srcset=\"https:\/\/kolbus.lv\/wp-content\/uploads\/2019\/10\/Zandis-Zvirbulis-300x300.png 300w, https:\/\/kolbus.lv\/wp-content\/uploads\/2019\/10\/Zandis-Zvirbulis-150x150.png 150w, https:\/\/kolbus.lv\/wp-content\/uploads\/2019\/10\/Zandis-Zvirbulis.png 400w\" sizes=\"(max-width: 140px) 100vw, 140px\" \/><\/p><p>P\u0101rdo\u0161anas vad\u012bt\u0101js<br \/>Zandis Zvirbulis<br \/>SIA Kolbus<br \/>Tel. 27769059<br \/><a href=\"mailto:zandis@kolbus.lv\">zandis@kolbus.lv<\/a><\/p><\/div>\n\t\t\t\t<\/div>\n\t\t\t\t\t\t\t\t<\/div>\n\t\t\t\t\t\t<\/div>\n\t\t\t\t<\/div>\n\t\t\t\t<div class=\"elementor-element elementor-element-630f40c elementor-widget elementor-widget-image\" data-id=\"630f40c\" data-element_type=\"widget\" data-widget_type=\"image.default\">\n\t\t\t\t<div class=\"elementor-widget-container\">\n\t\t\t\t\t\t\t\t\t\t\t\t<figure class=\"wp-caption\">\n\t\t\t\t\t\t\t\t\t\t\t<a href=\"https:\/\/kolbus.lv\/wp-content\/uploads\/2020\/04\/SW.E_SW.H_Frontal_frei.jpg\" data-elementor-open-lightbox=\"yes\" data-elementor-lightbox-title=\"SW.E_SW.H_Frontal_frei\" data-e-action-hash=\"#elementor-action%3Aaction%3Dlightbox%26settings%3DeyJpZCI6MTI5OCwidXJsIjoiaHR0cHM6XC9cL2tvbGJ1cy5sdlwvd3AtY29udGVudFwvdXBsb2Fkc1wvMjAyMFwvMDRcL1NXLkVfU1cuSF9Gcm9udGFsX2ZyZWkuanBnIn0%3D\">\n\t\t\t\t\t\t\t<img loading=\"lazy\" decoding=\"async\" width=\"1024\" height=\"724\" src=\"https:\/\/kolbus.lv\/wp-content\/uploads\/2020\/04\/SW.E_SW.H_Frontal_frei-1024x724.jpg\" class=\"attachment-large size-large wp-image-1298\" alt=\"\" srcset=\"https:\/\/kolbus.lv\/wp-content\/uploads\/2020\/04\/SW.E_SW.H_Frontal_frei-1024x724.jpg 1024w, https:\/\/kolbus.lv\/wp-content\/uploads\/2020\/04\/SW.E_SW.H_Frontal_frei-300x212.jpg 300w, https:\/\/kolbus.lv\/wp-content\/uploads\/2020\/04\/SW.E_SW.H_Frontal_frei-768x543.jpg 768w, https:\/\/kolbus.lv\/wp-content\/uploads\/2020\/04\/SW.E_SW.H_Frontal_frei-1536x1086.jpg 1536w, https:\/\/kolbus.lv\/wp-content\/uploads\/2020\/04\/SW.E_SW.H_Frontal_frei-2048x1449.jpg 2048w\" sizes=\"(max-width: 1024px) 100vw, 1024px\" \/>\t\t\t\t\t\t\t\t<\/a>\n\t\t\t\t\t\t\t\t\t\t\t<figcaption class=\"widget-image-caption wp-caption-text\">Kastu izgatavo\u0161anas l\u012bnija , BLP st\u016bru izcirt\u0113js, BLF nol\u012bm\u0113t\u0101js un form\u0113t\u0101js<\/figcaption>\n\t\t\t\t\t\t\t\t\t\t<\/figure>\n\t\t\t\t\t\t\t\t\t<\/div>\n\t\t\t\t<\/div>\n\t\t\t\t\t<\/div>\n\t\t<\/div>\n\t\t\t\t\t<\/div>\n\t\t<\/section>\n\t\t\t\t<\/div>\n\t\t","protected":false},"excerpt":{"rendered":"<p>Kast\u012b\u0161u izgatvo\u0161anas l\u012bnija BLP_BLF 500 St\u016bru izcirt\u0113js BLP 500 \u2013 sekcija st\u016bru izcir\u0161anai Kastu izgatavo\u0161anas iek\u0101rta BLF 500 &#8211; L\u012bnija kastu izgatavo\u0161anai ar\u00a0krust\u0101 izcirstiem, nol\u012bm\u0113tiem, ieloc\u012btiem un nopres\u0113tiem st\u016briem. Plusi Jauns, automatiz\u0113ts kastu izgatavo\u0161anas veids Kastes ar apk\u0101rt liekamiem v\u0101kiem, uzsl\u012bdo\u0161iem v\u0101kiem un prec\u012bziem le\u0146\u0137iem, as\u0101m mal\u0101m \u012asiem iest\u0101t\u012b\u0161anas laikiem Form\u0101ta mai\u0146a automatiz\u0113ta bez iestat\u012b\u0161anas(toolless) [&hellip;]<\/p>\n","protected":false},"author":4,"featured_media":0,"parent":1063,"menu_order":1,"comment_status":"closed","ping_status":"closed","template":"","meta":{"_uag_custom_page_level_css":"","ocean_post_layout":"full-width","ocean_both_sidebars_style":"","ocean_both_sidebars_content_width":0,"ocean_both_sidebars_sidebars_width":0,"ocean_sidebar":"0","ocean_second_sidebar":"0","ocean_disable_margins":"enable","ocean_add_body_class":"","ocean_shortcode_before_top_bar":"","ocean_shortcode_after_top_bar":"","ocean_shortcode_before_header":"","ocean_shortcode_after_header":"","ocean_has_shortcode":"","ocean_shortcode_after_title":"","ocean_shortcode_before_footer_widgets":"","ocean_shortcode_after_footer_widgets":"","ocean_shortcode_before_footer_bottom":"","ocean_shortcode_after_footer_bottom":"","ocean_display_top_bar":"default","ocean_display_header":"default","ocean_header_style":"","ocean_center_header_left_menu":"0","ocean_custom_header_template":"0","ocean_custom_logo":0,"ocean_custom_retina_logo":0,"ocean_custom_logo_max_width":0,"ocean_custom_logo_tablet_max_width":0,"ocean_custom_logo_mobile_max_width":0,"ocean_custom_logo_max_height":0,"ocean_custom_logo_tablet_max_height":0,"ocean_custom_logo_mobile_max_height":0,"ocean_header_custom_menu":"0","ocean_menu_typo_font_family":"0","ocean_menu_typo_font_subset":"","ocean_menu_typo_font_size":0,"ocean_menu_typo_font_size_tablet":0,"ocean_menu_typo_font_size_mobile":0,"ocean_menu_typo_font_size_unit":"px","ocean_menu_typo_font_weight":"","ocean_menu_typo_font_weight_tablet":"","ocean_menu_typo_font_weight_mobile":"","ocean_menu_typo_transform":"","ocean_menu_typo_transform_tablet":"","ocean_menu_typo_transform_mobile":"","ocean_menu_typo_line_height":0,"ocean_menu_typo_line_height_tablet":0,"ocean_menu_typo_line_height_mobile":0,"ocean_menu_typo_line_height_unit":"","ocean_menu_typo_spacing":0,"ocean_menu_typo_spacing_tablet":0,"ocean_menu_typo_spacing_mobile":0,"ocean_menu_typo_spacing_unit":"","ocean_menu_link_color":"","ocean_menu_link_color_hover":"","ocean_menu_link_color_active":"","ocean_menu_link_background":"","ocean_menu_link_hover_background":"","ocean_menu_link_active_background":"","ocean_menu_social_links_bg":"","ocean_menu_social_hover_links_bg":"","ocean_menu_social_links_color":"","ocean_menu_social_hover_links_color":"","ocean_disable_title":"default","ocean_disable_heading":"default","ocean_post_title":"","ocean_post_subheading":"","ocean_post_title_style":"background-image","ocean_post_title_background_color":"","ocean_post_title_background":704,"ocean_post_title_bg_image_position":"","ocean_post_title_bg_image_attachment":"","ocean_post_title_bg_image_repeat":"","ocean_post_title_bg_image_size":"","ocean_post_title_height":0,"ocean_post_title_bg_overlay":0.5,"ocean_post_title_bg_overlay_color":"","ocean_disable_breadcrumbs":"default","ocean_breadcrumbs_color":"","ocean_breadcrumbs_separator_color":"","ocean_breadcrumbs_links_color":"","ocean_breadcrumbs_links_hover_color":"","ocean_display_footer_widgets":"default","ocean_display_footer_bottom":"default","ocean_custom_footer_template":"0","footnotes":""},"class_list":["post-1116","page","type-page","status-publish","hentry","entry"],"uagb_featured_image_src":{"full":false,"thumbnail":false,"medium":false,"medium_large":false,"large":false,"1536x1536":false,"2048x2048":false,"ocean-thumb-m":false,"ocean-thumb-ml":false,"ocean-thumb-l":false},"uagb_author_info":{"display_name":"Markuss","author_link":"https:\/\/kolbus.lv\/?author=4"},"uagb_comment_info":0,"uagb_excerpt":"Kast\u012b\u0161u izgatvo\u0161anas l\u012bnija BLP_BLF 500 St\u016bru izcirt\u0113js BLP 500 \u2013 sekcija st\u016bru izcir\u0161anai Kastu izgatavo\u0161anas iek\u0101rta BLF 500 &#8211; L\u012bnija kastu izgatavo\u0161anai ar\u00a0krust\u0101 izcirstiem, nol\u012bm\u0113tiem, ieloc\u012btiem un nopres\u0113tiem st\u016briem. Plusi Jauns, automatiz\u0113ts kastu izgatavo\u0161anas veids Kastes ar apk\u0101rt liekamiem v\u0101kiem, uzsl\u012bdo\u0161iem v\u0101kiem un prec\u012bziem le\u0146\u0137iem, as\u0101m mal\u0101m \u012asiem iest\u0101t\u012b\u0161anas laikiem Form\u0101ta mai\u0146a automatiz\u0113ta bez iestat\u012b\u0161anas(toolless)&hellip;","_links":{"self":[{"href":"https:\/\/kolbus.lv\/index.php?rest_route=\/wp\/v2\/pages\/1116","targetHints":{"allow":["GET"]}}],"collection":[{"href":"https:\/\/kolbus.lv\/index.php?rest_route=\/wp\/v2\/pages"}],"about":[{"href":"https:\/\/kolbus.lv\/index.php?rest_route=\/wp\/v2\/types\/page"}],"author":[{"embeddable":true,"href":"https:\/\/kolbus.lv\/index.php?rest_route=\/wp\/v2\/users\/4"}],"replies":[{"embeddable":true,"href":"https:\/\/kolbus.lv\/index.php?rest_route=%2Fwp%2Fv2%2Fcomments&post=1116"}],"version-history":[{"count":20,"href":"https:\/\/kolbus.lv\/index.php?rest_route=\/wp\/v2\/pages\/1116\/revisions"}],"predecessor-version":[{"id":2079,"href":"https:\/\/kolbus.lv\/index.php?rest_route=\/wp\/v2\/pages\/1116\/revisions\/2079"}],"up":[{"embeddable":true,"href":"https:\/\/kolbus.lv\/index.php?rest_route=\/wp\/v2\/pages\/1063"}],"wp:attachment":[{"href":"https:\/\/kolbus.lv\/index.php?rest_route=%2Fwp%2Fv2%2Fmedia&parent=1116"}],"curies":[{"name":"wp","href":"https:\/\/api.w.org\/{rel}","templated":true}]}}