{"id":1148,"date":"2020-01-02T20:34:59","date_gmt":"2020-01-02T17:34:59","guid":{"rendered":"https:\/\/kolbus.lv\/?page_id=1148"},"modified":"2025-02-25T00:54:24","modified_gmt":"2025-02-24T21:54:24","slug":"bla-bp-sg-500","status":"publish","type":"page","link":"https:\/\/kolbus.lv\/?page_id=1148","title":{"rendered":"BLA-BP+SG 500"},"content":{"rendered":"\t\t<div data-elementor-type=\"wp-page\" data-elementor-id=\"1148\" class=\"elementor elementor-1148\">\n\t\t\t\t\t\t<section class=\"elementor-section elementor-top-section elementor-element elementor-element-54737c3 elementor-section-boxed elementor-section-height-default elementor-section-height-default\" data-id=\"54737c3\" data-element_type=\"section\">\n\t\t\t\t\t\t<div class=\"elementor-container elementor-column-gap-default\">\n\t\t\t\t\t<div class=\"elementor-column elementor-col-100 elementor-top-column elementor-element elementor-element-9562e48\" data-id=\"9562e48\" data-element_type=\"column\">\n\t\t\t<div class=\"elementor-widget-wrap elementor-element-populated\">\n\t\t\t\t\t\t<div class=\"elementor-element elementor-element-ccf49bc elementor-widget-divider--view-line elementor-widget elementor-widget-divider\" data-id=\"ccf49bc\" data-element_type=\"widget\" data-widget_type=\"divider.default\">\n\t\t\t\t<div class=\"elementor-widget-container\">\n\t\t\t\t\t\t\t<div class=\"elementor-divider\">\n\t\t\t<span class=\"elementor-divider-separator\">\n\t\t\t\t\t\t<\/span>\n\t\t<\/div>\n\t\t\t\t\t\t<\/div>\n\t\t\t\t<\/div>\n\t\t\t\t<div class=\"elementor-element elementor-element-9bfc3cb elementor-widget elementor-widget-text-editor\" data-id=\"9bfc3cb\" data-element_type=\"widget\" data-widget_type=\"text-editor.default\">\n\t\t\t\t<div class=\"elementor-widget-container\">\n\t\t\t\t\t\t\t\t\t<div id=\"c854\" class=\"csc-frame csc-frame-default\"><div class=\"csc-header csc-header-n1\"><div id=\"c477\" class=\"csc-frame csc-frame-default\"><div class=\"csc-header csc-header-n1\"><h2 class=\"csc-firstHeader\">Box placing module SW.B 400<\/h2><\/div><\/div><\/div><\/div>\t\t\t\t\t\t\t\t<\/div>\n\t\t\t\t<\/div>\n\t\t\t\t<div class=\"elementor-element elementor-element-7c82ad4 elementor-widget-divider--view-line elementor-widget elementor-widget-divider\" data-id=\"7c82ad4\" data-element_type=\"widget\" data-widget_type=\"divider.default\">\n\t\t\t\t<div class=\"elementor-widget-container\">\n\t\t\t\t\t\t\t<div class=\"elementor-divider\">\n\t\t\t<span class=\"elementor-divider-separator\">\n\t\t\t\t\t\t<\/span>\n\t\t<\/div>\n\t\t\t\t\t\t<\/div>\n\t\t\t\t<\/div>\n\t\t\t\t<div class=\"elementor-element elementor-element-f9b59ff elementor-widget elementor-widget-text-editor\" data-id=\"f9b59ff\" data-element_type=\"widget\" data-widget_type=\"text-editor.default\">\n\t\t\t\t<div class=\"elementor-widget-container\">\n\t\t\t\t\t\t\t\t\t<div id=\"c1462\" class=\"csc-frame csc-frame-default\"><p>Autom\u0101tiskai kastu k\u0101rto\u0161an l\u012bdz pat 40 cikliem \/min\u016bt\u0113<\/p><\/div>\t\t\t\t\t\t\t\t<\/div>\n\t\t\t\t<\/div>\n\t\t\t\t<div class=\"elementor-element elementor-element-860bcc9 elementor-widget-divider--view-line elementor-widget elementor-widget-divider\" data-id=\"860bcc9\" data-element_type=\"widget\" data-widget_type=\"divider.default\">\n\t\t\t\t<div class=\"elementor-widget-container\">\n\t\t\t\t\t\t\t<div class=\"elementor-divider\">\n\t\t\t<span class=\"elementor-divider-separator\">\n\t\t\t\t\t\t<\/span>\n\t\t<\/div>\n\t\t\t\t\t\t<\/div>\n\t\t\t\t<\/div>\n\t\t\t\t<div class=\"elementor-element elementor-element-147bcca elementor-widget-divider--view-line elementor-widget elementor-widget-divider\" data-id=\"147bcca\" data-element_type=\"widget\" data-widget_type=\"divider.default\">\n\t\t\t\t<div class=\"elementor-widget-container\">\n\t\t\t\t\t\t\t<div class=\"elementor-divider\">\n\t\t\t<span class=\"elementor-divider-separator\">\n\t\t\t\t\t\t<\/span>\n\t\t<\/div>\n\t\t\t\t\t\t<\/div>\n\t\t\t\t<\/div>\n\t\t\t\t<div class=\"elementor-element elementor-element-aae4fda elementor-widget elementor-widget-text-editor\" data-id=\"aae4fda\" data-element_type=\"widget\" data-widget_type=\"text-editor.default\">\n\t\t\t\t<div class=\"elementor-widget-container\">\n\t\t\t\t\t\t\t\t\t<p><b>Plusi<\/b><\/p><ul><li>Prec\u012bzai novieto\u0161anai ar s\u0101nu satv\u0113r\u0113jiem<\/li><li>Iespe\u0161anas stacija ar izcirt\u0113ju<\/li><li>Industri\u0101la produkcija bez man\u016bala darba<\/li><li>Stacija taisn\u0101m sal\u012bm\u0113t\u0101m mal\u0101m<\/li><\/ul><p><strong>Iesp\u0113jas<\/strong><\/p><p>Novieto\u0161anas iek\u0101rta ieliek kastes t\u0101m paredz\u0113tajos l\u012bm\u0113tajos kastes v\u0101ci\u0146us. P\u0113c tam pabeigt\u0101s produkta da\u013cas pa 1000 mm garo konveijera jostu tiek pieg\u0101d\u0101tas. Ir iesp\u0113jams alternat\u012bvi lietot SW.B\/ SW.BS vai SW.W ma\u0161\u012bnas. Novieto\u0161anas iek\u0101rtas var nomain\u012bt bez r\u012bkiem.<\/p>\t\t\t\t\t\t\t\t<\/div>\n\t\t\t\t<\/div>\n\t\t\t\t<div class=\"elementor-element elementor-element-03d0ddf elementor-widget-divider--view-line elementor-widget elementor-widget-divider\" data-id=\"03d0ddf\" data-element_type=\"widget\" data-widget_type=\"divider.default\">\n\t\t\t\t<div class=\"elementor-widget-container\">\n\t\t\t\t\t\t\t<div class=\"elementor-divider\">\n\t\t\t<span class=\"elementor-divider-separator\">\n\t\t\t\t\t\t<\/span>\n\t\t<\/div>\n\t\t\t\t\t\t<\/div>\n\t\t\t\t<\/div>\n\t\t\t\t<section class=\"elementor-section elementor-inner-section elementor-element elementor-element-6d62d7f elementor-section-boxed elementor-section-height-default elementor-section-height-default\" data-id=\"6d62d7f\" data-element_type=\"section\">\n\t\t\t\t\t\t<div class=\"elementor-container elementor-column-gap-default\">\n\t\t\t\t\t<div class=\"elementor-column elementor-col-33 elementor-inner-column elementor-element elementor-element-bc19548\" data-id=\"bc19548\" data-element_type=\"column\">\n\t\t\t<div class=\"elementor-widget-wrap elementor-element-populated\">\n\t\t\t\t\t\t<div class=\"elementor-element elementor-element-cb09186 elementor-widget elementor-widget-image\" data-id=\"cb09186\" data-element_type=\"widget\" data-widget_type=\"image.default\">\n\t\t\t\t<div class=\"elementor-widget-container\">\n\t\t\t\t\t\t\t\t\t\t\t\t<figure class=\"wp-caption\">\n\t\t\t\t\t\t\t\t\t\t\t<a href=\"https:\/\/kolbus.lv\/wp-content\/uploads\/2020\/04\/csm_sw.g500-blickswb400-kolbus_039ec6cd53.jpg\" data-elementor-open-lightbox=\"yes\" data-elementor-lightbox-title=\"csm_sw.g500-blickswb400-kolbus_039ec6cd53\" data-e-action-hash=\"#elementor-action%3Aaction%3Dlightbox%26settings%3DeyJpZCI6MTM2MSwidXJsIjoiaHR0cHM6XC9cL2tvbGJ1cy5sdlwvd3AtY29udGVudFwvdXBsb2Fkc1wvMjAyMFwvMDRcL2NzbV9zdy5nNTAwLWJsaWNrc3diNDAwLWtvbGJ1c18wMzllYzZjZDUzLmpwZyJ9\">\n\t\t\t\t\t\t\t<img fetchpriority=\"high\" decoding=\"async\" width=\"313\" height=\"235\" src=\"https:\/\/kolbus.lv\/wp-content\/uploads\/2020\/04\/csm_sw.g500-blickswb400-kolbus_039ec6cd53.jpg\" class=\"attachment-medium_large size-medium_large wp-image-1361\" alt=\"\" srcset=\"https:\/\/kolbus.lv\/wp-content\/uploads\/2020\/04\/csm_sw.g500-blickswb400-kolbus_039ec6cd53.jpg 313w, https:\/\/kolbus.lv\/wp-content\/uploads\/2020\/04\/csm_sw.g500-blickswb400-kolbus_039ec6cd53-300x225.jpg 300w\" sizes=\"(max-width: 313px) 100vw, 313px\" \/>\t\t\t\t\t\t\t\t<\/a>\n\t\t\t\t\t\t\t\t\t\t\t<figcaption class=\"widget-image-caption wp-caption-text\"><\/figcaption>\n\t\t\t\t\t\t\t\t\t\t<\/figure>\n\t\t\t\t\t\t\t\t\t<\/div>\n\t\t\t\t<\/div>\n\t\t\t\t\t<\/div>\n\t\t<\/div>\n\t\t\t\t<div class=\"elementor-column elementor-col-33 elementor-inner-column elementor-element elementor-element-3f02c73\" data-id=\"3f02c73\" data-element_type=\"column\">\n\t\t\t<div class=\"elementor-widget-wrap elementor-element-populated\">\n\t\t\t\t\t\t<div class=\"elementor-element elementor-element-d4e3c87 elementor-widget elementor-widget-image\" data-id=\"d4e3c87\" data-element_type=\"widget\" data-widget_type=\"image.default\">\n\t\t\t\t<div class=\"elementor-widget-container\">\n\t\t\t\t\t\t\t\t\t\t\t\t<figure class=\"wp-caption\">\n\t\t\t\t\t\t\t\t\t\t<img decoding=\"async\" width=\"313\" height=\"235\" src=\"https:\/\/kolbus.lv\/wp-content\/uploads\/2020\/04\/csm_SW.B-detail-kolbus_50bdee3823.jpg\" class=\"attachment-large size-large wp-image-1362\" alt=\"\" srcset=\"https:\/\/kolbus.lv\/wp-content\/uploads\/2020\/04\/csm_SW.B-detail-kolbus_50bdee3823.jpg 313w, https:\/\/kolbus.lv\/wp-content\/uploads\/2020\/04\/csm_SW.B-detail-kolbus_50bdee3823-300x225.jpg 300w\" sizes=\"(max-width: 313px) 100vw, 313px\" \/>\t\t\t\t\t\t\t\t\t\t\t<figcaption class=\"widget-image-caption wp-caption-text\"><\/figcaption>\n\t\t\t\t\t\t\t\t\t\t<\/figure>\n\t\t\t\t\t\t\t\t\t<\/div>\n\t\t\t\t<\/div>\n\t\t\t\t\t<\/div>\n\t\t<\/div>\n\t\t\t\t<div class=\"elementor-column elementor-col-33 elementor-inner-column elementor-element elementor-element-b6ab7bc\" data-id=\"b6ab7bc\" data-element_type=\"column\">\n\t\t\t<div class=\"elementor-widget-wrap elementor-element-populated\">\n\t\t\t\t\t\t<div class=\"elementor-element elementor-element-3297553 elementor-widget elementor-widget-image\" data-id=\"3297553\" data-element_type=\"widget\" data-widget_type=\"image.default\">\n\t\t\t\t<div class=\"elementor-widget-container\">\n\t\t\t\t\t\t\t\t\t\t\t\t<figure class=\"wp-caption\">\n\t\t\t\t\t\t\t\t\t\t\t<a href=\"https:\/\/kolbus.lv\/wp-content\/uploads\/2020\/04\/csm_SW.B-detailboxen-kolbus_141239e0e2.jpg\" data-elementor-open-lightbox=\"yes\" data-elementor-lightbox-title=\"csm_SW.B-detailboxen-kolbus_141239e0e2\" data-e-action-hash=\"#elementor-action%3Aaction%3Dlightbox%26settings%3DeyJpZCI6MTM2MywidXJsIjoiaHR0cHM6XC9cL2tvbGJ1cy5sdlwvd3AtY29udGVudFwvdXBsb2Fkc1wvMjAyMFwvMDRcL2NzbV9TVy5CLWRldGFpbGJveGVuLWtvbGJ1c18xNDEyMzllMGUyLmpwZyJ9\">\n\t\t\t\t\t\t\t<img decoding=\"async\" width=\"314\" height=\"236\" src=\"https:\/\/kolbus.lv\/wp-content\/uploads\/2020\/04\/csm_SW.B-detailboxen-kolbus_141239e0e2.jpg\" class=\"attachment-medium_large size-medium_large wp-image-1363\" alt=\"\" srcset=\"https:\/\/kolbus.lv\/wp-content\/uploads\/2020\/04\/csm_SW.B-detailboxen-kolbus_141239e0e2.jpg 314w, https:\/\/kolbus.lv\/wp-content\/uploads\/2020\/04\/csm_SW.B-detailboxen-kolbus_141239e0e2-300x225.jpg 300w\" sizes=\"(max-width: 314px) 100vw, 314px\" \/>\t\t\t\t\t\t\t\t<\/a>\n\t\t\t\t\t\t\t\t\t\t\t<figcaption class=\"widget-image-caption wp-caption-text\"><\/figcaption>\n\t\t\t\t\t\t\t\t\t\t<\/figure>\n\t\t\t\t\t\t\t\t\t<\/div>\n\t\t\t\t<\/div>\n\t\t\t\t\t<\/div>\n\t\t<\/div>\n\t\t\t\t\t<\/div>\n\t\t<\/section>\n\t\t\t\t\t<\/div>\n\t\t<\/div>\n\t\t\t\t\t<\/div>\n\t\t<\/section>\n\t\t\t\t<section class=\"elementor-section elementor-top-section elementor-element elementor-element-2f87692 elementor-section-boxed elementor-section-height-default elementor-section-height-default\" data-id=\"2f87692\" data-element_type=\"section\">\n\t\t\t\t\t\t<div class=\"elementor-container elementor-column-gap-default\">\n\t\t\t\t\t<div class=\"elementor-column elementor-col-100 elementor-top-column elementor-element elementor-element-64789fa\" data-id=\"64789fa\" data-element_type=\"column\">\n\t\t\t<div class=\"elementor-widget-wrap elementor-element-populated\">\n\t\t\t\t\t\t<div class=\"elementor-element elementor-element-eae2787 elementor-widget-divider--view-line elementor-widget elementor-widget-divider\" data-id=\"eae2787\" data-element_type=\"widget\" data-widget_type=\"divider.default\">\n\t\t\t\t<div class=\"elementor-widget-container\">\n\t\t\t\t\t\t\t<div class=\"elementor-divider\">\n\t\t\t<span class=\"elementor-divider-separator\">\n\t\t\t\t\t\t<\/span>\n\t\t<\/div>\n\t\t\t\t\t\t<\/div>\n\t\t\t\t<\/div>\n\t\t\t\t<div class=\"elementor-element elementor-element-c3f3a1d elementor-widget elementor-widget-toggle\" data-id=\"c3f3a1d\" data-element_type=\"widget\" data-widget_type=\"toggle.default\">\n\t\t\t\t<div class=\"elementor-widget-container\">\n\t\t\t\t\t\t\t<div class=\"elementor-toggle\">\n\t\t\t\t\t\t\t<div class=\"elementor-toggle-item\">\n\t\t\t\t\t<div id=\"elementor-tab-title-2051\" class=\"elementor-tab-title\" data-tab=\"1\" role=\"button\" aria-controls=\"elementor-tab-content-2051\" aria-expanded=\"false\">\n\t\t\t\t\t\t\t\t\t\t\t\t<span class=\"elementor-toggle-icon elementor-toggle-icon-left\" aria-hidden=\"true\">\n\t\t\t\t\t\t\t\t\t\t\t\t\t\t\t<span class=\"elementor-toggle-icon-closed\"><i class=\"fas fa-caret-right\"><\/i><\/span>\n\t\t\t\t\t\t\t\t<span class=\"elementor-toggle-icon-opened\"><i class=\"elementor-toggle-icon-opened fas fa-caret-up\"><\/i><\/span>\n\t\t\t\t\t\t\t\t\t\t\t\t\t<\/span>\n\t\t\t\t\t\t\t\t\t\t\t\t<a class=\"elementor-toggle-title\" tabindex=\"0\">Tehniskie dati<\/a>\n\t\t\t\t\t<\/div>\n\n\t\t\t\t\t<div id=\"elementor-tab-content-2051\" class=\"elementor-tab-content elementor-clearfix\" data-tab=\"1\" role=\"region\" aria-labelledby=\"elementor-tab-title-2051\"><p><strong>Kastu izm\u0113ri<\/strong> (platums x augstums x garums )<\/p><p class=\"bodytext\">min. 62 x 10 x 130 mm<\/p><p class=\"bodytext\">max. 310 x 210 x 400 mm<\/p><p><strong>Lok\u0161\u0146u biezums<\/strong><\/p><p class=\"bodytext\">min. 1 mm<\/p><p class=\"bodytext\">max. 4 mm<\/p><\/div>\n\t\t\t\t<\/div>\n\t\t\t\t\t\t\t<div class=\"elementor-toggle-item\">\n\t\t\t\t\t<div id=\"elementor-tab-title-2052\" class=\"elementor-tab-title\" data-tab=\"2\" role=\"button\" aria-controls=\"elementor-tab-content-2052\" aria-expanded=\"false\">\n\t\t\t\t\t\t\t\t\t\t\t\t<span class=\"elementor-toggle-icon elementor-toggle-icon-left\" aria-hidden=\"true\">\n\t\t\t\t\t\t\t\t\t\t\t\t\t\t\t<span class=\"elementor-toggle-icon-closed\"><i class=\"fas fa-caret-right\"><\/i><\/span>\n\t\t\t\t\t\t\t\t<span class=\"elementor-toggle-icon-opened\"><i class=\"elementor-toggle-icon-opened fas fa-caret-up\"><\/i><\/span>\n\t\t\t\t\t\t\t\t\t\t\t\t\t<\/span>\n\t\t\t\t\t\t\t\t\t\t\t\t<a class=\"elementor-toggle-title\" tabindex=\"0\">Kontaktpersona<\/a>\n\t\t\t\t\t<\/div>\n\n\t\t\t\t\t<div id=\"elementor-tab-content-2052\" class=\"elementor-tab-content elementor-clearfix\" data-tab=\"2\" role=\"region\" aria-labelledby=\"elementor-tab-title-2052\"><p><img loading=\"lazy\" decoding=\"async\" class=\"alignnone  wp-image-834\" src=\"https:\/\/kolbus.lv\/wp-content\/uploads\/2019\/10\/Zandis-Zvirbulis-300x300.png\" alt=\"\" width=\"140\" height=\"140\" srcset=\"https:\/\/kolbus.lv\/wp-content\/uploads\/2019\/10\/Zandis-Zvirbulis-300x300.png 300w, https:\/\/kolbus.lv\/wp-content\/uploads\/2019\/10\/Zandis-Zvirbulis-150x150.png 150w, https:\/\/kolbus.lv\/wp-content\/uploads\/2019\/10\/Zandis-Zvirbulis.png 400w\" sizes=\"(max-width: 140px) 100vw, 140px\" \/><\/p><p>P\u0101rdo\u0161anas vad\u012bt\u0101js<br \/>Zandis Zvirbulis<br \/>SIA Kolbus<br \/>Tel. 27769059<br \/><a href=\"mailto:zandis@kolbus.lv\">zandis@kolbus.lv<\/a><\/p><\/div>\n\t\t\t\t<\/div>\n\t\t\t\t\t\t\t\t<\/div>\n\t\t\t\t\t\t<\/div>\n\t\t\t\t<\/div>\n\t\t\t\t<div class=\"elementor-element elementor-element-630f40c elementor-widget elementor-widget-image\" data-id=\"630f40c\" data-element_type=\"widget\" data-widget_type=\"image.default\">\n\t\t\t\t<div class=\"elementor-widget-container\">\n\t\t\t\t\t\t\t\t\t\t\t\t<figure class=\"wp-caption\">\n\t\t\t\t\t\t\t\t\t\t\t<a href=\"https:\/\/kolbus.lv\/wp-content\/uploads\/2020\/04\/SWA_SWG_SWB_Front_1.jpg\" data-elementor-open-lightbox=\"yes\" data-elementor-lightbox-title=\"SWA_SWG_SWB_Front_1\" data-e-action-hash=\"#elementor-action%3Aaction%3Dlightbox%26settings%3DeyJpZCI6MTM1MSwidXJsIjoiaHR0cHM6XC9cL2tvbGJ1cy5sdlwvd3AtY29udGVudFwvdXBsb2Fkc1wvMjAyMFwvMDRcL1NXQV9TV0dfU1dCX0Zyb250XzEuanBnIn0%3D\">\n\t\t\t\t\t\t\t<img loading=\"lazy\" decoding=\"async\" width=\"1024\" height=\"724\" src=\"https:\/\/kolbus.lv\/wp-content\/uploads\/2020\/04\/SWA_SWG_SWB_Front_1-1024x724.jpg\" class=\"attachment-large size-large wp-image-1351\" alt=\"\" srcset=\"https:\/\/kolbus.lv\/wp-content\/uploads\/2020\/04\/SWA_SWG_SWB_Front_1-1024x724.jpg 1024w, https:\/\/kolbus.lv\/wp-content\/uploads\/2020\/04\/SWA_SWG_SWB_Front_1-300x212.jpg 300w, https:\/\/kolbus.lv\/wp-content\/uploads\/2020\/04\/SWA_SWG_SWB_Front_1-768x543.jpg 768w, https:\/\/kolbus.lv\/wp-content\/uploads\/2020\/04\/SWA_SWG_SWB_Front_1-1536x1086.jpg 1536w, https:\/\/kolbus.lv\/wp-content\/uploads\/2020\/04\/SWA_SWG_SWB_Front_1-2048x1449.jpg 2048w\" sizes=\"(max-width: 1024px) 100vw, 1024px\" \/>\t\t\t\t\t\t\t\t<\/a>\n\t\t\t\t\t\t\t\t\t\t\t<figcaption class=\"widget-image-caption wp-caption-text\">Box placing module BLA-BP+SG 500, 40 cycles\/min<\/figcaption>\n\t\t\t\t\t\t\t\t\t\t<\/figure>\n\t\t\t\t\t\t\t\t\t<\/div>\n\t\t\t\t<\/div>\n\t\t\t\t\t<\/div>\n\t\t<\/div>\n\t\t\t\t\t<\/div>\n\t\t<\/section>\n\t\t\t\t<\/div>\n\t\t","protected":false},"excerpt":{"rendered":"<p>Box placing module SW.B 400 Autom\u0101tiskai kastu k\u0101rto\u0161an l\u012bdz pat 40 cikliem \/min\u016bt\u0113 Plusi Prec\u012bzai novieto\u0161anai ar s\u0101nu satv\u0113r\u0113jiem Iespe\u0161anas stacija ar izcirt\u0113ju Industri\u0101la produkcija bez man\u016bala darba Stacija taisn\u0101m sal\u012bm\u0113t\u0101m mal\u0101m Iesp\u0113jas Novieto\u0161anas iek\u0101rta ieliek kastes t\u0101m paredz\u0113tajos l\u012bm\u0113tajos kastes v\u0101ci\u0146us. P\u0113c tam pabeigt\u0101s produkta da\u013cas pa 1000 mm garo konveijera jostu tiek pieg\u0101d\u0101tas. [&hellip;]<\/p>\n","protected":false},"author":4,"featured_media":0,"parent":1063,"menu_order":1,"comment_status":"closed","ping_status":"closed","template":"","meta":{"_uag_custom_page_level_css":"","ocean_post_layout":"full-width","ocean_both_sidebars_style":"","ocean_both_sidebars_content_width":0,"ocean_both_sidebars_sidebars_width":0,"ocean_sidebar":"0","ocean_second_sidebar":"0","ocean_disable_margins":"enable","ocean_add_body_class":"","ocean_shortcode_before_top_bar":"","ocean_shortcode_after_top_bar":"","ocean_shortcode_before_header":"","ocean_shortcode_after_header":"","ocean_has_shortcode":"","ocean_shortcode_after_title":"","ocean_shortcode_before_footer_widgets":"","ocean_shortcode_after_footer_widgets":"","ocean_shortcode_before_footer_bottom":"","ocean_shortcode_after_footer_bottom":"","ocean_display_top_bar":"default","ocean_display_header":"default","ocean_header_style":"","ocean_center_header_left_menu":"0","ocean_custom_header_template":"0","ocean_custom_logo":0,"ocean_custom_retina_logo":0,"ocean_custom_logo_max_width":0,"ocean_custom_logo_tablet_max_width":0,"ocean_custom_logo_mobile_max_width":0,"ocean_custom_logo_max_height":0,"ocean_custom_logo_tablet_max_height":0,"ocean_custom_logo_mobile_max_height":0,"ocean_header_custom_menu":"0","ocean_menu_typo_font_family":"0","ocean_menu_typo_font_subset":"","ocean_menu_typo_font_size":0,"ocean_menu_typo_font_size_tablet":0,"ocean_menu_typo_font_size_mobile":0,"ocean_menu_typo_font_size_unit":"px","ocean_menu_typo_font_weight":"","ocean_menu_typo_font_weight_tablet":"","ocean_menu_typo_font_weight_mobile":"","ocean_menu_typo_transform":"","ocean_menu_typo_transform_tablet":"","ocean_menu_typo_transform_mobile":"","ocean_menu_typo_line_height":0,"ocean_menu_typo_line_height_tablet":0,"ocean_menu_typo_line_height_mobile":0,"ocean_menu_typo_line_height_unit":"","ocean_menu_typo_spacing":0,"ocean_menu_typo_spacing_tablet":0,"ocean_menu_typo_spacing_mobile":0,"ocean_menu_typo_spacing_unit":"","ocean_menu_link_color":"","ocean_menu_link_color_hover":"","ocean_menu_link_color_active":"","ocean_menu_link_background":"","ocean_menu_link_hover_background":"","ocean_menu_link_active_background":"","ocean_menu_social_links_bg":"","ocean_menu_social_hover_links_bg":"","ocean_menu_social_links_color":"","ocean_menu_social_hover_links_color":"","ocean_disable_title":"default","ocean_disable_heading":"default","ocean_post_title":"","ocean_post_subheading":"","ocean_post_title_style":"background-image","ocean_post_title_background_color":"","ocean_post_title_background":704,"ocean_post_title_bg_image_position":"","ocean_post_title_bg_image_attachment":"","ocean_post_title_bg_image_repeat":"","ocean_post_title_bg_image_size":"","ocean_post_title_height":0,"ocean_post_title_bg_overlay":0.5,"ocean_post_title_bg_overlay_color":"","ocean_disable_breadcrumbs":"default","ocean_breadcrumbs_color":"","ocean_breadcrumbs_separator_color":"","ocean_breadcrumbs_links_color":"","ocean_breadcrumbs_links_hover_color":"","ocean_display_footer_widgets":"default","ocean_display_footer_bottom":"default","ocean_custom_footer_template":"0","footnotes":""},"class_list":["post-1148","page","type-page","status-publish","hentry","entry"],"uagb_featured_image_src":{"full":false,"thumbnail":false,"medium":false,"medium_large":false,"large":false,"1536x1536":false,"2048x2048":false,"ocean-thumb-m":false,"ocean-thumb-ml":false,"ocean-thumb-l":false},"uagb_author_info":{"display_name":"Markuss","author_link":"https:\/\/kolbus.lv\/?author=4"},"uagb_comment_info":0,"uagb_excerpt":"Box placing module SW.B 400 Autom\u0101tiskai kastu k\u0101rto\u0161an l\u012bdz pat 40 cikliem \/min\u016bt\u0113 Plusi Prec\u012bzai novieto\u0161anai ar s\u0101nu satv\u0113r\u0113jiem Iespe\u0161anas stacija ar izcirt\u0113ju Industri\u0101la produkcija bez man\u016bala darba Stacija taisn\u0101m sal\u012bm\u0113t\u0101m mal\u0101m Iesp\u0113jas Novieto\u0161anas iek\u0101rta ieliek kastes t\u0101m paredz\u0113tajos l\u012bm\u0113tajos kastes v\u0101ci\u0146us. P\u0113c tam pabeigt\u0101s produkta da\u013cas pa 1000 mm garo konveijera jostu tiek pieg\u0101d\u0101tas.&hellip;","_links":{"self":[{"href":"https:\/\/kolbus.lv\/index.php?rest_route=\/wp\/v2\/pages\/1148","targetHints":{"allow":["GET"]}}],"collection":[{"href":"https:\/\/kolbus.lv\/index.php?rest_route=\/wp\/v2\/pages"}],"about":[{"href":"https:\/\/kolbus.lv\/index.php?rest_route=\/wp\/v2\/types\/page"}],"author":[{"embeddable":true,"href":"https:\/\/kolbus.lv\/index.php?rest_route=\/wp\/v2\/users\/4"}],"replies":[{"embeddable":true,"href":"https:\/\/kolbus.lv\/index.php?rest_route=%2Fwp%2Fv2%2Fcomments&post=1148"}],"version-history":[{"count":14,"href":"https:\/\/kolbus.lv\/index.php?rest_route=\/wp\/v2\/pages\/1148\/revisions"}],"predecessor-version":[{"id":2073,"href":"https:\/\/kolbus.lv\/index.php?rest_route=\/wp\/v2\/pages\/1148\/revisions\/2073"}],"up":[{"embeddable":true,"href":"https:\/\/kolbus.lv\/index.php?rest_route=\/wp\/v2\/pages\/1063"}],"wp:attachment":[{"href":"https:\/\/kolbus.lv\/index.php?rest_route=%2Fwp%2Fv2%2Fmedia&parent=1148"}],"curies":[{"name":"wp","href":"https:\/\/api.w.org\/{rel}","templated":true}]}}