{"id":1211,"date":"2020-01-06T20:38:28","date_gmt":"2020-01-06T17:38:28","guid":{"rendered":"https:\/\/kolbus.lv\/?page_id=1211"},"modified":"2025-03-03T11:25:50","modified_gmt":"2025-03-03T08:25:50","slug":"bl-m-500","status":"publish","type":"page","link":"https:\/\/kolbus.lv\/?page_id=1211&lang=en","title":{"rendered":"BL.M 500"},"content":{"rendered":"\t\t<div data-elementor-type=\"wp-page\" data-elementor-id=\"1211\" class=\"elementor elementor-1211\">\n\t\t\t\t\t\t<section class=\"elementor-section elementor-top-section elementor-element elementor-element-54737c3 elementor-section-boxed elementor-section-height-default elementor-section-height-default\" data-id=\"54737c3\" data-element_type=\"section\">\n\t\t\t\t\t\t<div class=\"elementor-container elementor-column-gap-default\">\n\t\t\t\t\t<div class=\"elementor-column elementor-col-100 elementor-top-column elementor-element elementor-element-9562e48\" data-id=\"9562e48\" data-element_type=\"column\">\n\t\t\t<div class=\"elementor-widget-wrap elementor-element-populated\">\n\t\t\t\t\t\t<div class=\"elementor-element elementor-element-ccf49bc elementor-widget-divider--view-line elementor-widget elementor-widget-divider\" data-id=\"ccf49bc\" data-element_type=\"widget\" data-widget_type=\"divider.default\">\n\t\t\t\t<div class=\"elementor-widget-container\">\n\t\t\t\t\t\t\t<div class=\"elementor-divider\">\n\t\t\t<span class=\"elementor-divider-separator\">\n\t\t\t\t\t\t<\/span>\n\t\t<\/div>\n\t\t\t\t\t\t<\/div>\n\t\t\t\t<\/div>\n\t\t\t\t<div class=\"elementor-element elementor-element-9bfc3cb elementor-widget elementor-widget-text-editor\" data-id=\"9bfc3cb\" data-element_type=\"widget\" data-widget_type=\"text-editor.default\">\n\t\t\t\t<div class=\"elementor-widget-container\">\n\t\t\t\t\t\t\t\t\t<div id=\"c854\" class=\"csc-frame csc-frame-default\"><div class=\"csc-header csc-header-n1\"><div id=\"c477\" class=\"csc-frame csc-frame-default\"><div class=\"csc-header csc-header-n1\"><h2 class=\"csc-firstHeader\">Magnet inserter BL.M 500<\/h2><\/div><\/div><div id=\"c478\" class=\"csc-frame csc-frame-default\">\u00a0<\/div><\/div><\/div><div id=\"c855\" class=\"csc-frame csc-frame-default\">\u00a0<\/div>\t\t\t\t\t\t\t\t<\/div>\n\t\t\t\t<\/div>\n\t\t\t\t<div class=\"elementor-element elementor-element-7c82ad4 elementor-widget-divider--view-line elementor-widget elementor-widget-divider\" data-id=\"7c82ad4\" data-element_type=\"widget\" data-widget_type=\"divider.default\">\n\t\t\t\t<div class=\"elementor-widget-container\">\n\t\t\t\t\t\t\t<div class=\"elementor-divider\">\n\t\t\t<span class=\"elementor-divider-separator\">\n\t\t\t\t\t\t<\/span>\n\t\t<\/div>\n\t\t\t\t\t\t<\/div>\n\t\t\t\t<\/div>\n\t\t\t\t<div class=\"elementor-element elementor-element-f9b59ff elementor-widget elementor-widget-text-editor\" data-id=\"f9b59ff\" data-element_type=\"widget\" data-widget_type=\"text-editor.default\">\n\t\t\t\t<div class=\"elementor-widget-container\">\n\t\t\t\t\t\t\t\t\t<div id=\"c1462\" class=\"csc-frame csc-frame-default\"><div class=\"container mx-auto flex mt-[100px] md:mt-0  mb-[100px] gap-5 content-list-style-circle content \"><div class=\"lg:w-1\/2 \"><h2 class=\"font-bold text-blue text-[20px] mb-2\">High-quality, long-lasting packaging solutions with magnetic closure<\/h2><p>For automatically drilling of blind holes as wall as separating and inserting magnets or steel discs<\/p><\/div><\/div><div class=\"contact-buttons no-underline w-full md:w-unset  fixed bottom-0 md:bottom-[20vh] md:right-[20px] bg-yellow md:bg-transparent z-10 flex md:flex-col justify-evenly md:content-none items-end frame-layout-\"><div class=\"mb-1 flex items-center justify-center rounded-full contact-button bg-yellow group w-[38px] h-[38px]\"><div class=\" h-auto w-full contact-icon-container text-white\">\u00a0<\/div><\/div><\/div><div class=\"bg-light-grey my-[100px] py-[67px] lg:px-[50px]\"><div class=\"container mx-auto product-data \">\u00a0<\/div><\/div><\/div>\t\t\t\t\t\t\t\t<\/div>\n\t\t\t\t<\/div>\n\t\t\t\t<div class=\"elementor-element elementor-element-860bcc9 elementor-widget-divider--view-line elementor-widget elementor-widget-divider\" data-id=\"860bcc9\" data-element_type=\"widget\" data-widget_type=\"divider.default\">\n\t\t\t\t<div class=\"elementor-widget-container\">\n\t\t\t\t\t\t\t<div class=\"elementor-divider\">\n\t\t\t<span class=\"elementor-divider-separator\">\n\t\t\t\t\t\t<\/span>\n\t\t<\/div>\n\t\t\t\t\t\t<\/div>\n\t\t\t\t<\/div>\n\t\t\t\t<div class=\"elementor-element elementor-element-630f40c elementor-widget elementor-widget-image\" data-id=\"630f40c\" data-element_type=\"widget\" data-widget_type=\"image.default\">\n\t\t\t\t<div class=\"elementor-widget-container\">\n\t\t\t\t\t\t\t\t\t\t\t\t<figure class=\"wp-caption\">\n\t\t\t\t\t\t\t\t\t\t\t<a href=\"https:\/\/kolbus.lv\/wp-content\/uploads\/2020\/04\/SWA500_SWM400_hell-1.jpg\" data-elementor-open-lightbox=\"yes\" data-elementor-lightbox-title=\"SWA500_SWM400_hell\" data-e-action-hash=\"#elementor-action%3Aaction%3Dlightbox%26settings%3DeyJpZCI6MTM0OSwidXJsIjoiaHR0cHM6XC9cL2tvbGJ1cy5sdlwvd3AtY29udGVudFwvdXBsb2Fkc1wvMjAyMFwvMDRcL1NXQTUwMF9TV000MDBfaGVsbC0xLmpwZyJ9\">\n\t\t\t\t\t\t\t<img fetchpriority=\"high\" decoding=\"async\" width=\"1024\" height=\"724\" src=\"https:\/\/kolbus.lv\/wp-content\/uploads\/2020\/04\/SWA500_SWM400_hell-1-1024x724.jpg\" class=\"attachment-large size-large wp-image-1349\" alt=\"\" srcset=\"https:\/\/kolbus.lv\/wp-content\/uploads\/2020\/04\/SWA500_SWM400_hell-1-1024x724.jpg 1024w, https:\/\/kolbus.lv\/wp-content\/uploads\/2020\/04\/SWA500_SWM400_hell-1-300x212.jpg 300w, https:\/\/kolbus.lv\/wp-content\/uploads\/2020\/04\/SWA500_SWM400_hell-1-768x543.jpg 768w, https:\/\/kolbus.lv\/wp-content\/uploads\/2020\/04\/SWA500_SWM400_hell-1-1536x1086.jpg 1536w, https:\/\/kolbus.lv\/wp-content\/uploads\/2020\/04\/SWA500_SWM400_hell-1-2048x1448.jpg 2048w\" sizes=\"(max-width: 1024px) 100vw, 1024px\" \/>\t\t\t\t\t\t\t\t<\/a>\n\t\t\t\t\t\t\t\t\t\t\t<figcaption class=\"widget-image-caption wp-caption-text\">KOLBUS magnet inserter, model BL.M 500<\/figcaption>\n\t\t\t\t\t\t\t\t\t\t<\/figure>\n\t\t\t\t\t\t\t\t\t<\/div>\n\t\t\t\t<\/div>\n\t\t\t\t<section class=\"elementor-section elementor-inner-section elementor-element elementor-element-6274c7a elementor-section-boxed elementor-section-height-default elementor-section-height-default\" data-id=\"6274c7a\" data-element_type=\"section\">\n\t\t\t\t\t\t<div class=\"elementor-container elementor-column-gap-default\">\n\t\t\t\t\t<div class=\"elementor-column elementor-col-100 elementor-inner-column elementor-element elementor-element-b605e22\" data-id=\"b605e22\" data-element_type=\"column\">\n\t\t\t<div class=\"elementor-widget-wrap elementor-element-populated\">\n\t\t\t\t\t\t<div class=\"elementor-element elementor-element-340fcfc elementor-widget-divider--view-line elementor-widget elementor-widget-divider\" data-id=\"340fcfc\" data-element_type=\"widget\" data-widget_type=\"divider.default\">\n\t\t\t\t<div class=\"elementor-widget-container\">\n\t\t\t\t\t\t\t<div class=\"elementor-divider\">\n\t\t\t<span class=\"elementor-divider-separator\">\n\t\t\t\t\t\t<\/span>\n\t\t<\/div>\n\t\t\t\t\t\t<\/div>\n\t\t\t\t<\/div>\n\t\t\t\t\t<\/div>\n\t\t<\/div>\n\t\t\t\t\t<\/div>\n\t\t<\/section>\n\t\t\t\t<div class=\"elementor-element elementor-element-147bcca elementor-widget-divider--view-line elementor-widget elementor-widget-divider\" data-id=\"147bcca\" data-element_type=\"widget\" data-widget_type=\"divider.default\">\n\t\t\t\t<div class=\"elementor-widget-container\">\n\t\t\t\t\t\t\t<div class=\"elementor-divider\">\n\t\t\t<span class=\"elementor-divider-separator\">\n\t\t\t\t\t\t<\/span>\n\t\t<\/div>\n\t\t\t\t\t\t<\/div>\n\t\t\t\t<\/div>\n\t\t\t\t<div class=\"elementor-element elementor-element-aae4fda elementor-widget elementor-widget-text-editor\" data-id=\"aae4fda\" data-element_type=\"widget\" data-widget_type=\"text-editor.default\">\n\t\t\t\t<div class=\"elementor-widget-container\">\n\t\t\t\t\t\t\t\t\t<ul><li>Milling station incl. nozzle system incl. waste exhaust system<\/li><li>Gluing station incl. premelter<\/li><li>Separation of magnets from the magazine<\/li><li>Optional: tools for steel disc separation<\/li><li>Up to four magnets or steel discs with separate optimized feeding units<\/li><li>Format change-over \u2013 easy setting without tools<\/li><\/ul><p>Recommended combination with machine SA 260 for lining<\/p>\t\t\t\t\t\t\t\t<\/div>\n\t\t\t\t<\/div>\n\t\t\t\t<div class=\"elementor-element elementor-element-03d0ddf elementor-widget-divider--view-line elementor-widget elementor-widget-divider\" data-id=\"03d0ddf\" data-element_type=\"widget\" data-widget_type=\"divider.default\">\n\t\t\t\t<div class=\"elementor-widget-container\">\n\t\t\t\t\t\t\t<div class=\"elementor-divider\">\n\t\t\t<span class=\"elementor-divider-separator\">\n\t\t\t\t\t\t<\/span>\n\t\t<\/div>\n\t\t\t\t\t\t<\/div>\n\t\t\t\t<\/div>\n\t\t\t\t<section class=\"elementor-section elementor-inner-section elementor-element elementor-element-6d62d7f elementor-section-boxed elementor-section-height-default elementor-section-height-default\" data-id=\"6d62d7f\" data-element_type=\"section\">\n\t\t\t\t\t\t<div class=\"elementor-container elementor-column-gap-default\">\n\t\t\t\t\t<div class=\"elementor-column elementor-col-50 elementor-inner-column elementor-element elementor-element-bc19548\" data-id=\"bc19548\" data-element_type=\"column\">\n\t\t\t<div class=\"elementor-widget-wrap elementor-element-populated\">\n\t\t\t\t\t\t<div class=\"elementor-element elementor-element-cb09186 elementor-widget elementor-widget-image\" data-id=\"cb09186\" data-element_type=\"widget\" data-widget_type=\"image.default\">\n\t\t\t\t<div class=\"elementor-widget-container\">\n\t\t\t\t\t\t\t\t\t\t\t\t<figure class=\"wp-caption\">\n\t\t\t\t\t\t\t\t\t\t\t<a href=\"https:\/\/kolbus.lv\/wp-content\/uploads\/2020\/04\/csm_swa400-magnetanleger-detail-Einsetzen-kolbus_d5eff243d7.jpg\" data-elementor-open-lightbox=\"yes\" data-elementor-lightbox-title=\"csm_swa400-magnetanleger-detail-Einsetzen-kolbus_d5eff243d7\" data-e-action-hash=\"#elementor-action%3Aaction%3Dlightbox%26settings%3DeyJpZCI6MTM0NSwidXJsIjoiaHR0cHM6XC9cL2tvbGJ1cy5sdlwvd3AtY29udGVudFwvdXBsb2Fkc1wvMjAyMFwvMDRcL2NzbV9zd2E0MDAtbWFnbmV0YW5sZWdlci1kZXRhaWwtRWluc2V0emVuLWtvbGJ1c19kNWVmZjI0M2Q3LmpwZyJ9\">\n\t\t\t\t\t\t\t<img decoding=\"async\" width=\"475\" height=\"357\" src=\"https:\/\/kolbus.lv\/wp-content\/uploads\/2020\/04\/csm_swa400-magnetanleger-detail-Einsetzen-kolbus_d5eff243d7.jpg\" class=\"attachment-medium_large size-medium_large wp-image-1345\" alt=\"\" srcset=\"https:\/\/kolbus.lv\/wp-content\/uploads\/2020\/04\/csm_swa400-magnetanleger-detail-Einsetzen-kolbus_d5eff243d7.jpg 475w, https:\/\/kolbus.lv\/wp-content\/uploads\/2020\/04\/csm_swa400-magnetanleger-detail-Einsetzen-kolbus_d5eff243d7-300x225.jpg 300w\" sizes=\"(max-width: 475px) 100vw, 475px\" \/>\t\t\t\t\t\t\t\t<\/a>\n\t\t\t\t\t\t\t\t\t\t\t<figcaption class=\"widget-image-caption wp-caption-text\"><\/figcaption>\n\t\t\t\t\t\t\t\t\t\t<\/figure>\n\t\t\t\t\t\t\t\t\t<\/div>\n\t\t\t\t<\/div>\n\t\t\t\t<div class=\"elementor-element elementor-element-9eded45 elementor-widget elementor-widget-image\" data-id=\"9eded45\" data-element_type=\"widget\" data-widget_type=\"image.default\">\n\t\t\t\t<div class=\"elementor-widget-container\">\n\t\t\t\t\t\t\t\t\t\t\t\t<figure class=\"wp-caption\">\n\t\t\t\t\t\t\t\t\t\t<img decoding=\"async\" width=\"1024\" height=\"724\" src=\"https:\/\/kolbus.lv\/wp-content\/uploads\/2020\/04\/SWA_SWM_SA260_Perspektive_frei-1024x724.jpg\" class=\"attachment-large size-large wp-image-1343\" alt=\"\" srcset=\"https:\/\/kolbus.lv\/wp-content\/uploads\/2020\/04\/SWA_SWM_SA260_Perspektive_frei-1024x724.jpg 1024w, https:\/\/kolbus.lv\/wp-content\/uploads\/2020\/04\/SWA_SWM_SA260_Perspektive_frei-300x212.jpg 300w, https:\/\/kolbus.lv\/wp-content\/uploads\/2020\/04\/SWA_SWM_SA260_Perspektive_frei-768x543.jpg 768w, https:\/\/kolbus.lv\/wp-content\/uploads\/2020\/04\/SWA_SWM_SA260_Perspektive_frei-1536x1086.jpg 1536w, https:\/\/kolbus.lv\/wp-content\/uploads\/2020\/04\/SWA_SWM_SA260_Perspektive_frei-2048x1448.jpg 2048w\" sizes=\"(max-width: 1024px) 100vw, 1024px\" \/>\t\t\t\t\t\t\t\t\t\t\t<figcaption class=\"widget-image-caption wp-caption-text\">SW.M 400 line with lining machine SA 260<\/figcaption>\n\t\t\t\t\t\t\t\t\t\t<\/figure>\n\t\t\t\t\t\t\t\t\t<\/div>\n\t\t\t\t<\/div>\n\t\t\t\t\t<\/div>\n\t\t<\/div>\n\t\t\t\t<div class=\"elementor-column elementor-col-50 elementor-inner-column elementor-element elementor-element-b6ab7bc\" data-id=\"b6ab7bc\" data-element_type=\"column\">\n\t\t\t<div class=\"elementor-widget-wrap elementor-element-populated\">\n\t\t\t\t\t\t<div class=\"elementor-element elementor-element-3297553 elementor-widget elementor-widget-image\" data-id=\"3297553\" data-element_type=\"widget\" data-widget_type=\"image.default\">\n\t\t\t\t<div class=\"elementor-widget-container\">\n\t\t\t\t\t\t\t\t\t\t\t\t<figure class=\"wp-caption\">\n\t\t\t\t\t\t\t\t\t\t\t<a href=\"https:\/\/kolbus.lv\/wp-content\/uploads\/2020\/04\/csm_Pappe_sackloch_magnetpille_c22795b454.jpg\" data-elementor-open-lightbox=\"yes\" data-elementor-lightbox-title=\"csm_Pappe_sackloch_magnetpille_c22795b454\" data-e-action-hash=\"#elementor-action%3Aaction%3Dlightbox%26settings%3DeyJpZCI6MTM0NiwidXJsIjoiaHR0cHM6XC9cL2tvbGJ1cy5sdlwvd3AtY29udGVudFwvdXBsb2Fkc1wvMjAyMFwvMDRcL2NzbV9QYXBwZV9zYWNrbG9jaF9tYWduZXRwaWxsZV9jMjI3OTViNDU0LmpwZyJ9\">\n\t\t\t\t\t\t\t<img loading=\"lazy\" decoding=\"async\" width=\"475\" height=\"357\" src=\"https:\/\/kolbus.lv\/wp-content\/uploads\/2020\/04\/csm_Pappe_sackloch_magnetpille_c22795b454.jpg\" class=\"attachment-medium_large size-medium_large wp-image-1346\" alt=\"\" srcset=\"https:\/\/kolbus.lv\/wp-content\/uploads\/2020\/04\/csm_Pappe_sackloch_magnetpille_c22795b454.jpg 475w, https:\/\/kolbus.lv\/wp-content\/uploads\/2020\/04\/csm_Pappe_sackloch_magnetpille_c22795b454-300x225.jpg 300w\" sizes=\"(max-width: 475px) 100vw, 475px\" \/>\t\t\t\t\t\t\t\t<\/a>\n\t\t\t\t\t\t\t\t\t\t\t<figcaption class=\"widget-image-caption wp-caption-text\"><\/figcaption>\n\t\t\t\t\t\t\t\t\t\t<\/figure>\n\t\t\t\t\t\t\t\t\t<\/div>\n\t\t\t\t<\/div>\n\t\t\t\t\t<\/div>\n\t\t<\/div>\n\t\t\t\t\t<\/div>\n\t\t<\/section>\n\t\t\t\t<div class=\"elementor-element elementor-element-eae2787 elementor-widget-divider--view-line elementor-widget elementor-widget-divider\" data-id=\"eae2787\" data-element_type=\"widget\" data-widget_type=\"divider.default\">\n\t\t\t\t<div class=\"elementor-widget-container\">\n\t\t\t\t\t\t\t<div class=\"elementor-divider\">\n\t\t\t<span class=\"elementor-divider-separator\">\n\t\t\t\t\t\t<\/span>\n\t\t<\/div>\n\t\t\t\t\t\t<\/div>\n\t\t\t\t<\/div>\n\t\t\t\t\t<\/div>\n\t\t<\/div>\n\t\t\t\t\t<\/div>\n\t\t<\/section>\n\t\t\t\t<section class=\"elementor-section elementor-top-section elementor-element elementor-element-2f87692 elementor-section-boxed elementor-section-height-default elementor-section-height-default\" data-id=\"2f87692\" data-element_type=\"section\">\n\t\t\t\t\t\t<div class=\"elementor-container elementor-column-gap-default\">\n\t\t\t\t\t<div class=\"elementor-column elementor-col-100 elementor-top-column elementor-element elementor-element-64789fa\" data-id=\"64789fa\" data-element_type=\"column\">\n\t\t\t<div class=\"elementor-widget-wrap elementor-element-populated\">\n\t\t\t\t\t\t<div class=\"elementor-element elementor-element-c3f3a1d elementor-widget elementor-widget-toggle\" data-id=\"c3f3a1d\" data-element_type=\"widget\" data-widget_type=\"toggle.default\">\n\t\t\t\t<div class=\"elementor-widget-container\">\n\t\t\t\t\t\t\t<div class=\"elementor-toggle\">\n\t\t\t\t\t\t\t<div class=\"elementor-toggle-item\">\n\t\t\t\t\t<div id=\"elementor-tab-title-2051\" class=\"elementor-tab-title\" data-tab=\"1\" role=\"button\" aria-controls=\"elementor-tab-content-2051\" aria-expanded=\"false\">\n\t\t\t\t\t\t\t\t\t\t\t\t<span class=\"elementor-toggle-icon elementor-toggle-icon-left\" aria-hidden=\"true\">\n\t\t\t\t\t\t\t\t\t\t\t\t\t\t\t<span class=\"elementor-toggle-icon-closed\"><i class=\"fas fa-caret-right\"><\/i><\/span>\n\t\t\t\t\t\t\t\t<span class=\"elementor-toggle-icon-opened\"><i class=\"elementor-toggle-icon-opened fas fa-caret-up\"><\/i><\/span>\n\t\t\t\t\t\t\t\t\t\t\t\t\t<\/span>\n\t\t\t\t\t\t\t\t\t\t\t\t<a class=\"elementor-toggle-title\" tabindex=\"0\">Tehnical data<\/a>\n\t\t\t\t\t<\/div>\n\n\t\t\t\t\t<div id=\"elementor-tab-content-2051\" class=\"elementor-tab-content elementor-clearfix\" data-tab=\"1\" role=\"region\" aria-labelledby=\"elementor-tab-title-2051\"><table class=\"contenttable\"><tbody><tr><td><strong>BLM 500<\/strong><\/td><td><strong>Min.<\/strong><\/td><td><strong>Max.<\/strong><\/td><\/tr><tr><td>Cardboard size range\u00a0(width x heigth x thickness)<\/td><td>140 x 140 x 1.5 mm<\/td><td>735 x 525 x 4 mm<\/td><\/tr><tr><td>Magnet- steel disc thickness<\/td><td>1 mm \/ 1.5 mm<\/td><td>2 mm<\/td><\/tr><tr><td>Magnet diameter<\/td><td>10 mm \/ 12 mm<\/td><td>15 mm<\/td><\/tr><tr><td>Steel disc diameter<\/td><td>12 mm<\/td><td>15 mm<\/td><\/tr><tr><td>Mechanical speed<\/td><td>\u00a0<\/td><td>Up to 40 cycles\/min<\/td><\/tr><\/tbody><\/table><p><em>Net performance depends on material and format<\/em><\/p><\/div>\n\t\t\t\t<\/div>\n\t\t\t\t\t\t\t<div class=\"elementor-toggle-item\">\n\t\t\t\t\t<div id=\"elementor-tab-title-2052\" class=\"elementor-tab-title\" data-tab=\"2\" role=\"button\" aria-controls=\"elementor-tab-content-2052\" aria-expanded=\"false\">\n\t\t\t\t\t\t\t\t\t\t\t\t<span class=\"elementor-toggle-icon elementor-toggle-icon-left\" aria-hidden=\"true\">\n\t\t\t\t\t\t\t\t\t\t\t\t\t\t\t<span class=\"elementor-toggle-icon-closed\"><i class=\"fas fa-caret-right\"><\/i><\/span>\n\t\t\t\t\t\t\t\t<span class=\"elementor-toggle-icon-opened\"><i class=\"elementor-toggle-icon-opened fas fa-caret-up\"><\/i><\/span>\n\t\t\t\t\t\t\t\t\t\t\t\t\t<\/span>\n\t\t\t\t\t\t\t\t\t\t\t\t<a class=\"elementor-toggle-title\" tabindex=\"0\">Contacts<\/a>\n\t\t\t\t\t<\/div>\n\n\t\t\t\t\t<div id=\"elementor-tab-content-2052\" class=\"elementor-tab-content elementor-clearfix\" data-tab=\"2\" role=\"region\" aria-labelledby=\"elementor-tab-title-2052\"><p><img loading=\"lazy\" decoding=\"async\" class=\"alignnone  wp-image-834\" src=\"https:\/\/kolbus.lv\/wp-content\/uploads\/2019\/10\/Zandis-Zvirbulis-300x300.png\" alt=\"\" width=\"140\" height=\"140\" srcset=\"https:\/\/kolbus.lv\/wp-content\/uploads\/2019\/10\/Zandis-Zvirbulis-300x300.png 300w, https:\/\/kolbus.lv\/wp-content\/uploads\/2019\/10\/Zandis-Zvirbulis-150x150.png 150w, https:\/\/kolbus.lv\/wp-content\/uploads\/2019\/10\/Zandis-Zvirbulis.png 400w\" sizes=\"(max-width: 140px) 100vw, 140px\" \/><\/p><p>P\u0101rdo\u0161anas vad\u012bt\u0101js<br \/>Zandis Zvirbulis<br \/>SIA Kolbus<br \/>Tel. 27769059<br \/><a href=\"mailto:zandis@kolbus.lv\">zandis@kolbus.lv<\/a><\/p><\/div>\n\t\t\t\t<\/div>\n\t\t\t\t\t\t\t\t<\/div>\n\t\t\t\t\t\t<\/div>\n\t\t\t\t<\/div>\n\t\t\t\t\t<\/div>\n\t\t<\/div>\n\t\t\t\t\t<\/div>\n\t\t<\/section>\n\t\t\t\t<\/div>\n\t\t","protected":false},"excerpt":{"rendered":"<p>Magnet inserter BL.M 500 \u00a0\u00a0 High-quality, long-lasting packaging solutions with magnetic closure For automatically drilling of blind holes as wall as separating and inserting magnets or steel discs \u00a0\u00a0 KOLBUS magnet inserter, model BL.M 500 Milling station incl. nozzle system incl. waste exhaust system Gluing station incl. premelter Separation of magnets from the magazine Optional: [&hellip;]<\/p>\n","protected":false},"author":4,"featured_media":0,"parent":966,"menu_order":1,"comment_status":"closed","ping_status":"closed","template":"","meta":{"_uag_custom_page_level_css":"","ocean_post_layout":"full-width","ocean_both_sidebars_style":"","ocean_both_sidebars_content_width":0,"ocean_both_sidebars_sidebars_width":0,"ocean_sidebar":"0","ocean_second_sidebar":"0","ocean_disable_margins":"enable","ocean_add_body_class":"","ocean_shortcode_before_top_bar":"","ocean_shortcode_after_top_bar":"","ocean_shortcode_before_header":"","ocean_shortcode_after_header":"","ocean_has_shortcode":"","ocean_shortcode_after_title":"","ocean_shortcode_before_footer_widgets":"","ocean_shortcode_after_footer_widgets":"","ocean_shortcode_before_footer_bottom":"","ocean_shortcode_after_footer_bottom":"","ocean_display_top_bar":"default","ocean_display_header":"default","ocean_header_style":"","ocean_center_header_left_menu":"0","ocean_custom_header_template":"0","ocean_custom_logo":0,"ocean_custom_retina_logo":0,"ocean_custom_logo_max_width":0,"ocean_custom_logo_tablet_max_width":0,"ocean_custom_logo_mobile_max_width":0,"ocean_custom_logo_max_height":0,"ocean_custom_logo_tablet_max_height":0,"ocean_custom_logo_mobile_max_height":0,"ocean_header_custom_menu":"0","ocean_menu_typo_font_family":"0","ocean_menu_typo_font_subset":"","ocean_menu_typo_font_size":0,"ocean_menu_typo_font_size_tablet":0,"ocean_menu_typo_font_size_mobile":0,"ocean_menu_typo_font_size_unit":"px","ocean_menu_typo_font_weight":"","ocean_menu_typo_font_weight_tablet":"","ocean_menu_typo_font_weight_mobile":"","ocean_menu_typo_transform":"","ocean_menu_typo_transform_tablet":"","ocean_menu_typo_transform_mobile":"","ocean_menu_typo_line_height":0,"ocean_menu_typo_line_height_tablet":0,"ocean_menu_typo_line_height_mobile":0,"ocean_menu_typo_line_height_unit":"","ocean_menu_typo_spacing":0,"ocean_menu_typo_spacing_tablet":0,"ocean_menu_typo_spacing_mobile":0,"ocean_menu_typo_spacing_unit":"","ocean_menu_link_color":"","ocean_menu_link_color_hover":"","ocean_menu_link_color_active":"","ocean_menu_link_background":"","ocean_menu_link_hover_background":"","ocean_menu_link_active_background":"","ocean_menu_social_links_bg":"","ocean_menu_social_hover_links_bg":"","ocean_menu_social_links_color":"","ocean_menu_social_hover_links_color":"","ocean_disable_title":"default","ocean_disable_heading":"default","ocean_post_title":"","ocean_post_subheading":"","ocean_post_title_style":"background-image","ocean_post_title_background_color":"","ocean_post_title_background":704,"ocean_post_title_bg_image_position":"","ocean_post_title_bg_image_attachment":"","ocean_post_title_bg_image_repeat":"","ocean_post_title_bg_image_size":"","ocean_post_title_height":0,"ocean_post_title_bg_overlay":0.5,"ocean_post_title_bg_overlay_color":"","ocean_disable_breadcrumbs":"default","ocean_breadcrumbs_color":"","ocean_breadcrumbs_separator_color":"","ocean_breadcrumbs_links_color":"","ocean_breadcrumbs_links_hover_color":"","ocean_display_footer_widgets":"default","ocean_display_footer_bottom":"default","ocean_custom_footer_template":"0","footnotes":""},"class_list":["post-1211","page","type-page","status-publish","hentry","entry"],"uagb_featured_image_src":{"full":false,"thumbnail":false,"medium":false,"medium_large":false,"large":false,"1536x1536":false,"2048x2048":false,"ocean-thumb-m":false,"ocean-thumb-ml":false,"ocean-thumb-l":false},"uagb_author_info":{"display_name":"Markuss","author_link":"https:\/\/kolbus.lv\/?author=4"},"uagb_comment_info":0,"uagb_excerpt":"Magnet inserter BL.M 500 \u00a0\u00a0 High-quality, long-lasting packaging solutions with magnetic closure For automatically drilling of blind holes as wall as separating and inserting magnets or steel discs \u00a0\u00a0 KOLBUS magnet inserter, model BL.M 500 Milling station incl. nozzle system incl. waste exhaust system Gluing station incl. premelter Separation of magnets from the magazine Optional:&hellip;","_links":{"self":[{"href":"https:\/\/kolbus.lv\/index.php?rest_route=\/wp\/v2\/pages\/1211","targetHints":{"allow":["GET"]}}],"collection":[{"href":"https:\/\/kolbus.lv\/index.php?rest_route=\/wp\/v2\/pages"}],"about":[{"href":"https:\/\/kolbus.lv\/index.php?rest_route=\/wp\/v2\/types\/page"}],"author":[{"embeddable":true,"href":"https:\/\/kolbus.lv\/index.php?rest_route=\/wp\/v2\/users\/4"}],"replies":[{"embeddable":true,"href":"https:\/\/kolbus.lv\/index.php?rest_route=%2Fwp%2Fv2%2Fcomments&post=1211"}],"version-history":[{"count":9,"href":"https:\/\/kolbus.lv\/index.php?rest_route=\/wp\/v2\/pages\/1211\/revisions"}],"predecessor-version":[{"id":2193,"href":"https:\/\/kolbus.lv\/index.php?rest_route=\/wp\/v2\/pages\/1211\/revisions\/2193"}],"up":[{"embeddable":true,"href":"https:\/\/kolbus.lv\/index.php?rest_route=\/wp\/v2\/pages\/966"}],"wp:attachment":[{"href":"https:\/\/kolbus.lv\/index.php?rest_route=%2Fwp%2Fv2%2Fmedia&parent=1211"}],"curies":[{"name":"wp","href":"https:\/\/api.w.org\/{rel}","templated":true}]}}