{"id":1243,"date":"2020-04-02T22:32:09","date_gmt":"2020-04-02T19:32:09","guid":{"rendered":"https:\/\/kolbus.lv\/?page_id=1243"},"modified":"2025-02-25T00:25:00","modified_gmt":"2025-02-24T21:25:00","slug":"luxury-packaging","status":"publish","type":"page","link":"https:\/\/kolbus.lv\/?page_id=1243","title":{"rendered":"Luksuss iepakojums"},"content":{"rendered":"\t\t<div data-elementor-type=\"wp-page\" data-elementor-id=\"1243\" class=\"elementor elementor-1243\">\n\t\t\t\t\t\t<section class=\"elementor-section elementor-top-section elementor-element elementor-element-b7d5a86 elementor-section-boxed elementor-section-height-default elementor-section-height-default\" data-id=\"b7d5a86\" data-element_type=\"section\">\n\t\t\t\t\t\t<div class=\"elementor-container elementor-column-gap-default\">\n\t\t\t\t\t<div class=\"elementor-column elementor-col-100 elementor-top-column elementor-element elementor-element-a923e2a\" data-id=\"a923e2a\" data-element_type=\"column\">\n\t\t\t<div class=\"elementor-widget-wrap elementor-element-populated\">\n\t\t\t\t\t\t<div class=\"elementor-element elementor-element-86337be elementor-widget-divider--view-line elementor-widget elementor-widget-divider\" data-id=\"86337be\" data-element_type=\"widget\" data-widget_type=\"divider.default\">\n\t\t\t\t<div class=\"elementor-widget-container\">\n\t\t\t\t\t\t\t<div class=\"elementor-divider\">\n\t\t\t<span class=\"elementor-divider-separator\">\n\t\t\t\t\t\t<\/span>\n\t\t<\/div>\n\t\t\t\t\t\t<\/div>\n\t\t\t\t<\/div>\n\t\t\t\t<div class=\"elementor-element elementor-element-ab81e9d elementor-invisible elementor-widget elementor-widget-text-editor\" data-id=\"ab81e9d\" data-element_type=\"widget\" data-settings=\"{&quot;_animation&quot;:&quot;fadeIn&quot;,&quot;_animation_delay&quot;:200}\" data-widget_type=\"text-editor.default\">\n\t\t\t\t<div class=\"elementor-widget-container\">\n\t\t\t\t\t\t\t\t\t<div class=\"csc-header csc-header-n1\"><h2><span class=\"word word-65-1-1\">Elast\u012bga iepakojuma<\/span> <span class=\"word word-65-2-2\">ra\u017eo\u0161anas<\/span> <span class=\"word word-65-3-3\">sist\u0113ma<\/span> <span class=\"word word-65-4-4 word-65-5-4\">luksusa<\/span> <span class=\"word word-65-6-5\">iepakojumam<\/span><\/h2><\/div><p id=\"mt-result-67\" class=\"mt-translation hover\" aria-haspopup=\"true\"><span class=\"sentence sentence-67-0\"><span class=\"phrase phrase-67-0-1-2-3-4-5-6-7-8-9-10-11-12-13-14-15-16-17-18-19-20-21-22-23-24-25-0-1-2-3-4-5-6-7-8-9-10-11-12-13-14-15-16-17-18-19-20-21-22\"><span class=\"word word-67-0-0\">M\u016bsu<\/span> <span class=\"word word-67-1-1\">pamats<\/span> <span class=\"word word-67-2-2\">ir<\/span> <span class=\"word word-67-3-3\">iespaid\u012bgs<\/span><span class=\"word word-67-4-4\">:<\/span>\u00a0<span class=\"word word-67-8-6\">tehnisk\u0101s<\/span> <span class=\"word word-67-9-7 word-67-11-7\">zin\u0101\u0161anas<\/span>\u00a0<span class=\"word word-67-10-8 word-67-12-8\">ir<\/span> <span class=\"word word-67-13-9\">rad\u012bju\u0161as\u00a0<\/span><span class=\"word word-67-14-10 word-67-15-10\">jaunu\u00a0<\/span><span class=\"word word-67-16-11\">veidu<\/span><span class=\"word word-67-19-12 sibling-67-19-15 sibling-67-19-17\">,<\/span> <span class=\"word word-67-17-13\">k\u0101<\/span> <span class=\"word word-67-18-14\">ra\u017eot<\/span> <span class=\"word word-67-19-15 sibling-67-19-12 sibling-67-19-17\">luksusa<\/span> <span class=\"word word-67-20-16\">iepakojumu<\/span><span class=\"word word-67-19-17 sibling-67-19-12 sibling-67-19-15\">,<\/span> <span class=\"word word-67-21-18\">izmantojot<\/span> <span class=\"word word-67-22-19\">pap\u012bru<\/span> <span class=\"word word-67-23-20\">un<\/span> <span class=\"word word-67-24-21\">kartonu<\/span><span class=\"word word-67-25-22\">.<\/span><\/span><\/span><span class=\"sentence sentence-67-1 hover\"><span class=\"phrase phrase-67-26-27-28-29-30-31-32-33-34-35-36-37-38-39-40-41-42-43-44-45-23-24-25-26-27-28-29-30-31-32-33-34-35-36-37-38 hover\"><span class=\"word word-67-26-23\">KOLBUS<\/span> <span class=\"word word-67-27-24 hover\">pied\u0101v\u0101<\/span> <span class=\"word word-67-28-25 word-67-29-25\">pla\u0161u<\/span> <span class=\"word word-67-31-26\">ma\u0161\u012bnu<\/span> <span class=\"word word-67-32-27\">risin\u0101jumu<\/span> <span class=\"word word-67-30-28\">kl\u0101stu<\/span> <span class=\"word word-67-33-29\">un<\/span> <span class=\"word word-67-35-30\">piln\u012bb\u0101<\/span> <span class=\"word word-67-34-31 word-67-36-31\">automatiz\u0113tu\u00a0<\/span><span class=\"word word-67-37-32\">ra\u017eo\u0161anas<\/span> <span class=\"word word-67-38-33\">l\u012bniju &#8211; <\/span>\u00a0<span class=\"word word-67-39-34 word-67-40-34 word-67-41-34\">augstas<\/span> <span class=\"word word-67-42-35\">kvalit\u0101tes<\/span> <span class=\"word word-67-43-36\">luksusa<\/span> <span class=\"word word-67-44-37\">iepakojumam<\/span><span class=\"word word-67-45-38\">.<\/span><\/span><\/span><\/p>\t\t\t\t\t\t\t\t<\/div>\n\t\t\t\t<\/div>\n\t\t\t\t<div class=\"elementor-element elementor-element-5726127 elementor-widget-divider--view-line elementor-widget elementor-widget-divider\" data-id=\"5726127\" data-element_type=\"widget\" data-widget_type=\"divider.default\">\n\t\t\t\t<div class=\"elementor-widget-container\">\n\t\t\t\t\t\t\t<div class=\"elementor-divider\">\n\t\t\t<span class=\"elementor-divider-separator\">\n\t\t\t\t\t\t<\/span>\n\t\t<\/div>\n\t\t\t\t\t\t<\/div>\n\t\t\t\t<\/div>\n\t\t\t\t<div class=\"elementor-element elementor-element-c4c269c elementor-invisible elementor-widget elementor-widget-image-gallery\" data-id=\"c4c269c\" data-element_type=\"widget\" data-settings=\"{&quot;_animation&quot;:&quot;fadeIn&quot;,&quot;_animation_delay&quot;:300}\" data-widget_type=\"image-gallery.default\">\n\t\t\t\t<div class=\"elementor-widget-container\">\n\t\t\t\t\t\t\t<div class=\"elementor-image-gallery\">\n\t\t\t<div id='gallery-1' class='gallery galleryid-1243 gallery-columns-4 gallery-size-medium'><figure class='gallery-item'>\n\t\t\t<div class='gallery-icon landscape'>\n\t\t\t\t<img fetchpriority=\"high\" decoding=\"async\" width=\"300\" height=\"300\" src=\"https:\/\/kolbus.lv\/wp-content\/uploads\/2020\/04\/SR-uebersicht-1-2-300x300.jpg\" class=\"attachment-medium size-medium\" alt=\"\" srcset=\"https:\/\/kolbus.lv\/wp-content\/uploads\/2020\/04\/SR-uebersicht-1-2-300x300.jpg 300w, https:\/\/kolbus.lv\/wp-content\/uploads\/2020\/04\/SR-uebersicht-1-2-150x150.jpg 150w, https:\/\/kolbus.lv\/wp-content\/uploads\/2020\/04\/SR-uebersicht-1-2.jpg 430w\" sizes=\"(max-width: 300px) 100vw, 300px\" \/>\n\t\t\t<\/div><\/figure><figure class='gallery-item'>\n\t\t\t<div class='gallery-icon landscape'>\n\t\t\t\t<img decoding=\"async\" width=\"300\" height=\"300\" src=\"https:\/\/kolbus.lv\/wp-content\/uploads\/2020\/04\/SR-uebersicht-2-300x300.jpg\" class=\"attachment-medium size-medium\" alt=\"\" srcset=\"https:\/\/kolbus.lv\/wp-content\/uploads\/2020\/04\/SR-uebersicht-2-300x300.jpg 300w, https:\/\/kolbus.lv\/wp-content\/uploads\/2020\/04\/SR-uebersicht-2-150x150.jpg 150w, https:\/\/kolbus.lv\/wp-content\/uploads\/2020\/04\/SR-uebersicht-2.jpg 430w\" sizes=\"(max-width: 300px) 100vw, 300px\" \/>\n\t\t\t<\/div><\/figure><figure class='gallery-item'>\n\t\t\t<div class='gallery-icon landscape'>\n\t\t\t\t<img decoding=\"async\" width=\"300\" height=\"300\" src=\"https:\/\/kolbus.lv\/wp-content\/uploads\/2020\/04\/SR-uebersicht-3-300x300.jpg\" class=\"attachment-medium size-medium\" alt=\"\" srcset=\"https:\/\/kolbus.lv\/wp-content\/uploads\/2020\/04\/SR-uebersicht-3-300x300.jpg 300w, https:\/\/kolbus.lv\/wp-content\/uploads\/2020\/04\/SR-uebersicht-3-150x150.jpg 150w, https:\/\/kolbus.lv\/wp-content\/uploads\/2020\/04\/SR-uebersicht-3.jpg 430w\" sizes=\"(max-width: 300px) 100vw, 300px\" \/>\n\t\t\t<\/div><\/figure><figure class='gallery-item'>\n\t\t\t<div class='gallery-icon landscape'>\n\t\t\t\t<img loading=\"lazy\" decoding=\"async\" width=\"300\" height=\"300\" src=\"https:\/\/kolbus.lv\/wp-content\/uploads\/2020\/04\/SR-uebersicht-6-2-300x300.jpg\" class=\"attachment-medium size-medium\" alt=\"\" srcset=\"https:\/\/kolbus.lv\/wp-content\/uploads\/2020\/04\/SR-uebersicht-6-2-300x300.jpg 300w, https:\/\/kolbus.lv\/wp-content\/uploads\/2020\/04\/SR-uebersicht-6-2-150x150.jpg 150w, https:\/\/kolbus.lv\/wp-content\/uploads\/2020\/04\/SR-uebersicht-6-2.jpg 430w\" sizes=\"(max-width: 300px) 100vw, 300px\" \/>\n\t\t\t<\/div><\/figure>\n\t\t<\/div>\n\t\t<\/div>\n\t\t\t\t\t\t<\/div>\n\t\t\t\t<\/div>\n\t\t\t\t<div class=\"elementor-element elementor-element-580fe5e elementor-widget-divider--view-line elementor-widget elementor-widget-divider\" data-id=\"580fe5e\" data-element_type=\"widget\" data-widget_type=\"divider.default\">\n\t\t\t\t<div class=\"elementor-widget-container\">\n\t\t\t\t\t\t\t<div class=\"elementor-divider\">\n\t\t\t<span class=\"elementor-divider-separator\">\n\t\t\t\t\t\t<\/span>\n\t\t<\/div>\n\t\t\t\t\t\t<\/div>\n\t\t\t\t<\/div>\n\t\t\t\t<section class=\"elementor-section elementor-inner-section elementor-element elementor-element-53656c0 elementor-section-boxed elementor-section-height-default elementor-section-height-default\" data-id=\"53656c0\" data-element_type=\"section\">\n\t\t\t\t\t\t<div class=\"elementor-container elementor-column-gap-default\">\n\t\t\t\t\t<div class=\"elementor-column elementor-col-50 elementor-inner-column elementor-element elementor-element-68f636c\" data-id=\"68f636c\" data-element_type=\"column\">\n\t\t\t<div class=\"elementor-widget-wrap elementor-element-populated\">\n\t\t\t\t\t\t<div class=\"elementor-element elementor-element-29940a2 elementor-invisible elementor-widget elementor-widget-text-editor\" data-id=\"29940a2\" data-element_type=\"widget\" data-settings=\"{&quot;_animation&quot;:&quot;fadeIn&quot;,&quot;_animation_delay&quot;:500}\" data-widget_type=\"text-editor.default\">\n\t\t\t\t<div class=\"elementor-widget-container\">\n\t\t\t\t\t\t\t\t\t<div>\n<div>\n<h2>Vienk\u0101r\u0161\u012bba ra\u017eot\u0101jam. Izsmalcin\u0101t\u012bba klientam \u2013 KOLBUS sist\u0113ma.<\/h2>\n<\/div>\n<p>Jaunas iesp\u0113jas augstas kvalit\u0101tes (rigid box)&nbsp;&nbsp;izgatavo\u0161anai. Modul\u0101r\u0101&nbsp;sist\u0113ma&nbsp;kas nodro\u0161ina&nbsp;elast\u012bgumu un \u0101tru&nbsp;piel\u0101gojam\u012bbu&nbsp;uz&nbsp;strauji&nbsp;main\u012bgaj\u0101m tirgus&nbsp;situ\u0101cij\u0101m:<\/p>\n<\/div>\n<p aria-haspopup=\"true\">paraugs vienai no KOLBUS&nbsp;kast\u012b\u0161u ra\u017eo\u0161anas l\u012bniju konfigur\u0101cij\u0101m. Darba \u0101trums&nbsp;&nbsp;40&nbsp;kast\u012btes\/min.<\/p>\n<div>\n<p><b>1 <\/b>Kartona rievo\u0161anas iek\u0101rta&nbsp;<a href=\"https:\/\/kolbus.lv\/iekartas\/board-and-grooving-machines\/nm-101\/\">NM 101<\/a><br><b>2<\/b>&nbsp;Kastu izg,. ist\u016br\u012b\u0161u izcirt\u0113js BLP<a title=\"Opens internal link in current window\" href=\"https:\/\/kolbus.lv\/iekartas\/signature-stacker\/sw-e-500-2\/\">&nbsp;500<\/a><br><b>3 <\/b>L\u012bm\u0113\u0161anas un kastu form\u0113\u0161anas iek\u0101rta BLF<a title=\"Opens internal link in current window\" href=\"https:\/\/kolbus.lv\/iekartas\/signature-stacker\/sw-e-500\/\">&nbsp;500<\/a><br><b>4<\/b> Magn\u0113ta ievieto\u0161anas iek\u0101rta &nbsp;<a title=\"Opens internal link in current window\" href=\"https:\/\/kolbus.lv\/iekartas\/signature-stacker\/sw-m-400\/\">BLM 500<\/a><br><b>5<\/b>&nbsp;materi\u0101la apl\u012bm\u0113\u0161anas iek\u0101rta&nbsp;<a title=\"Opens internal link in current window\" href=\"https:\/\/kolbus.lv\/iekartas\/inside-lining-machines\/sa-260\/\">SA 260<\/a><br><b>7<\/b>&nbsp;modul\u0101ra Iek\u0101rta 2-vu kastu sal\u012bm\u0113sanai kop\u0101 (v\u0101ks ar riggid box no l\u012bnijas &nbsp;Modulis BLA-BP+SG 500<\/p><p><b style=\"font-size: 15px;\">8 <\/b><span style=\"font-family: &quot;Open Sans&quot;; font-size: 15px; font-style: normal; font-variant-caps: normal;\">vai ar cit\u0101m \/ iepriek\u0161 sagatavot\u0101m \/&nbsp;<\/span><span style=\"font-family: &quot;Open Sans&quot;; font-size: 15px; font-style: normal; font-variant-caps: normal;\">izcirst\u0101m Bobst kast\u0113m (push &#8211; up) Modulis BLA-CP-500&nbsp;<\/span><b style=\"font-size: 15px;\">&nbsp;<\/b><\/p>\n<\/div>\t\t\t\t\t\t\t\t<\/div>\n\t\t\t\t<\/div>\n\t\t\t\t\t<\/div>\n\t\t<\/div>\n\t\t\t\t<div class=\"elementor-column elementor-col-50 elementor-inner-column elementor-element elementor-element-6bcaeca\" data-id=\"6bcaeca\" data-element_type=\"column\">\n\t\t\t<div class=\"elementor-widget-wrap elementor-element-populated\">\n\t\t\t\t\t\t<div class=\"elementor-element elementor-element-c5a62f8 elementor-invisible elementor-widget elementor-widget-image\" data-id=\"c5a62f8\" data-element_type=\"widget\" data-settings=\"{&quot;_animation&quot;:&quot;fadeIn&quot;,&quot;_animation_delay&quot;:600}\" data-widget_type=\"image.default\">\n\t\t\t\t<div class=\"elementor-widget-container\">\n\t\t\t\t\t\t\t\t\t\t\t\t\t\t\t<img loading=\"lazy\" decoding=\"async\" width=\"1428\" height=\"1137\" src=\"https:\/\/kolbus.lv\/wp-content\/uploads\/2020\/04\/AW1200_Webseite_00.jpg\" class=\"attachment-1536x1536 size-1536x1536 wp-image-1329\" alt=\"\" srcset=\"https:\/\/kolbus.lv\/wp-content\/uploads\/2020\/04\/AW1200_Webseite_00.jpg 1428w, https:\/\/kolbus.lv\/wp-content\/uploads\/2020\/04\/AW1200_Webseite_00-300x239.jpg 300w, https:\/\/kolbus.lv\/wp-content\/uploads\/2020\/04\/AW1200_Webseite_00-1024x815.jpg 1024w, https:\/\/kolbus.lv\/wp-content\/uploads\/2020\/04\/AW1200_Webseite_00-768x611.jpg 768w\" sizes=\"(max-width: 1428px) 100vw, 1428px\" \/>\t\t\t\t\t\t\t\t\t\t\t\t\t\t\t<\/div>\n\t\t\t\t<\/div>\n\t\t\t\t\t<\/div>\n\t\t<\/div>\n\t\t\t\t\t<\/div>\n\t\t<\/section>\n\t\t\t\t\t<\/div>\n\t\t<\/div>\n\t\t\t\t\t<\/div>\n\t\t<\/section>\n\t\t\t\t<\/div>\n\t\t","protected":false},"excerpt":{"rendered":"<p>Elast\u012bga iepakojuma ra\u017eo\u0161anas sist\u0113ma luksusa iepakojumam M\u016bsu pamats ir iespaid\u012bgs:\u00a0tehnisk\u0101s zin\u0101\u0161anas\u00a0ir rad\u012bju\u0161as\u00a0jaunu\u00a0veidu, k\u0101 ra\u017eot luksusa iepakojumu, izmantojot pap\u012bru un kartonu.KOLBUS pied\u0101v\u0101 pla\u0161u ma\u0161\u012bnu risin\u0101jumu kl\u0101stu un piln\u012bb\u0101 automatiz\u0113tu\u00a0ra\u017eo\u0161anas l\u012bniju &#8211; \u00a0augstas kvalit\u0101tes luksusa iepakojumam. Vienk\u0101r\u0161\u012bba ra\u017eot\u0101jam. Izsmalcin\u0101t\u012bba klientam \u2013 KOLBUS sist\u0113ma. Jaunas iesp\u0113jas augstas kvalit\u0101tes (rigid box)&nbsp;&nbsp;izgatavo\u0161anai. Modul\u0101r\u0101&nbsp;sist\u0113ma&nbsp;kas nodro\u0161ina&nbsp;elast\u012bgumu un \u0101tru&nbsp;piel\u0101gojam\u012bbu&nbsp;uz&nbsp;strauji&nbsp;main\u012bgaj\u0101m tirgus&nbsp;situ\u0101cij\u0101m: paraugs vienai no [&hellip;]<\/p>\n","protected":false},"author":4,"featured_media":0,"parent":533,"menu_order":1,"comment_status":"closed","ping_status":"closed","template":"","meta":{"_uag_custom_page_level_css":"","ocean_post_layout":"full-width","ocean_both_sidebars_style":"","ocean_both_sidebars_content_width":0,"ocean_both_sidebars_sidebars_width":0,"ocean_sidebar":"0","ocean_second_sidebar":"0","ocean_disable_margins":"enable","ocean_add_body_class":"","ocean_shortcode_before_top_bar":"","ocean_shortcode_after_top_bar":"","ocean_shortcode_before_header":"","ocean_shortcode_after_header":"","ocean_has_shortcode":"","ocean_shortcode_after_title":"","ocean_shortcode_before_footer_widgets":"","ocean_shortcode_after_footer_widgets":"","ocean_shortcode_before_footer_bottom":"","ocean_shortcode_after_footer_bottom":"","ocean_display_top_bar":"default","ocean_display_header":"default","ocean_header_style":"","ocean_center_header_left_menu":"0","ocean_custom_header_template":"0","ocean_custom_logo":0,"ocean_custom_retina_logo":0,"ocean_custom_logo_max_width":0,"ocean_custom_logo_tablet_max_width":0,"ocean_custom_logo_mobile_max_width":0,"ocean_custom_logo_max_height":0,"ocean_custom_logo_tablet_max_height":0,"ocean_custom_logo_mobile_max_height":0,"ocean_header_custom_menu":"0","ocean_menu_typo_font_family":"0","ocean_menu_typo_font_subset":"","ocean_menu_typo_font_size":0,"ocean_menu_typo_font_size_tablet":0,"ocean_menu_typo_font_size_mobile":0,"ocean_menu_typo_font_size_unit":"px","ocean_menu_typo_font_weight":"","ocean_menu_typo_font_weight_tablet":"","ocean_menu_typo_font_weight_mobile":"","ocean_menu_typo_transform":"","ocean_menu_typo_transform_tablet":"","ocean_menu_typo_transform_mobile":"","ocean_menu_typo_line_height":0,"ocean_menu_typo_line_height_tablet":0,"ocean_menu_typo_line_height_mobile":0,"ocean_menu_typo_line_height_unit":"","ocean_menu_typo_spacing":0,"ocean_menu_typo_spacing_tablet":0,"ocean_menu_typo_spacing_mobile":0,"ocean_menu_typo_spacing_unit":"","ocean_menu_link_color":"","ocean_menu_link_color_hover":"","ocean_menu_link_color_active":"","ocean_menu_link_background":"","ocean_menu_link_hover_background":"","ocean_menu_link_active_background":"","ocean_menu_social_links_bg":"","ocean_menu_social_hover_links_bg":"","ocean_menu_social_links_color":"","ocean_menu_social_hover_links_color":"","ocean_disable_title":"default","ocean_disable_heading":"default","ocean_post_title":"","ocean_post_subheading":"","ocean_post_title_style":"background-image","ocean_post_title_background_color":"","ocean_post_title_background":407,"ocean_post_title_bg_image_position":"","ocean_post_title_bg_image_attachment":"","ocean_post_title_bg_image_repeat":"","ocean_post_title_bg_image_size":"","ocean_post_title_height":0,"ocean_post_title_bg_overlay":0.5,"ocean_post_title_bg_overlay_color":"","ocean_disable_breadcrumbs":"default","ocean_breadcrumbs_color":"","ocean_breadcrumbs_separator_color":"","ocean_breadcrumbs_links_color":"","ocean_breadcrumbs_links_hover_color":"","ocean_display_footer_widgets":"default","ocean_display_footer_bottom":"default","ocean_custom_footer_template":"0","footnotes":""},"class_list":["post-1243","page","type-page","status-publish","hentry","entry"],"uagb_featured_image_src":{"full":false,"thumbnail":false,"medium":false,"medium_large":false,"large":false,"1536x1536":false,"2048x2048":false,"ocean-thumb-m":false,"ocean-thumb-ml":false,"ocean-thumb-l":false},"uagb_author_info":{"display_name":"Markuss","author_link":"https:\/\/kolbus.lv\/?author=4"},"uagb_comment_info":0,"uagb_excerpt":"Elast\u012bga iepakojuma ra\u017eo\u0161anas sist\u0113ma luksusa iepakojumam M\u016bsu pamats ir iespaid\u012bgs:\u00a0tehnisk\u0101s zin\u0101\u0161anas\u00a0ir rad\u012bju\u0161as\u00a0jaunu\u00a0veidu, k\u0101 ra\u017eot luksusa iepakojumu, izmantojot pap\u012bru un kartonu.KOLBUS pied\u0101v\u0101 pla\u0161u ma\u0161\u012bnu risin\u0101jumu kl\u0101stu un piln\u012bb\u0101 automatiz\u0113tu\u00a0ra\u017eo\u0161anas l\u012bniju &#8211; \u00a0augstas kvalit\u0101tes luksusa iepakojumam. Vienk\u0101r\u0161\u012bba ra\u017eot\u0101jam. Izsmalcin\u0101t\u012bba klientam \u2013 KOLBUS sist\u0113ma. Jaunas iesp\u0113jas augstas kvalit\u0101tes (rigid box)&nbsp;&nbsp;izgatavo\u0161anai. Modul\u0101r\u0101&nbsp;sist\u0113ma&nbsp;kas nodro\u0161ina&nbsp;elast\u012bgumu un \u0101tru&nbsp;piel\u0101gojam\u012bbu&nbsp;uz&nbsp;strauji&nbsp;main\u012bgaj\u0101m tirgus&nbsp;situ\u0101cij\u0101m: paraugs vienai no&hellip;","_links":{"self":[{"href":"https:\/\/kolbus.lv\/index.php?rest_route=\/wp\/v2\/pages\/1243","targetHints":{"allow":["GET"]}}],"collection":[{"href":"https:\/\/kolbus.lv\/index.php?rest_route=\/wp\/v2\/pages"}],"about":[{"href":"https:\/\/kolbus.lv\/index.php?rest_route=\/wp\/v2\/types\/page"}],"author":[{"embeddable":true,"href":"https:\/\/kolbus.lv\/index.php?rest_route=\/wp\/v2\/users\/4"}],"replies":[{"embeddable":true,"href":"https:\/\/kolbus.lv\/index.php?rest_route=%2Fwp%2Fv2%2Fcomments&post=1243"}],"version-history":[{"count":26,"href":"https:\/\/kolbus.lv\/index.php?rest_route=\/wp\/v2\/pages\/1243\/revisions"}],"predecessor-version":[{"id":2062,"href":"https:\/\/kolbus.lv\/index.php?rest_route=\/wp\/v2\/pages\/1243\/revisions\/2062"}],"up":[{"embeddable":true,"href":"https:\/\/kolbus.lv\/index.php?rest_route=\/wp\/v2\/pages\/533"}],"wp:attachment":[{"href":"https:\/\/kolbus.lv\/index.php?rest_route=%2Fwp%2Fv2%2Fmedia&parent=1243"}],"curies":[{"name":"wp","href":"https:\/\/api.w.org\/{rel}","templated":true}]}}