{"id":1249,"date":"2020-04-02T22:35:47","date_gmt":"2020-04-02T19:35:47","guid":{"rendered":"https:\/\/kolbus.lv\/?page_id=1249"},"modified":"2025-03-24T19:41:28","modified_gmt":"2025-03-24T16:41:28","slug":"corrugated-packaging","status":"publish","type":"page","link":"https:\/\/kolbus.lv\/?page_id=1249","title":{"rendered":"Gofr\u0113tais iepakojums"},"content":{"rendered":"\t\t<div data-elementor-type=\"wp-page\" data-elementor-id=\"1249\" class=\"elementor elementor-1249\">\n\t\t\t\t\t\t<section class=\"elementor-section elementor-top-section elementor-element elementor-element-b7d5a86 elementor-section-boxed elementor-section-height-default elementor-section-height-default\" data-id=\"b7d5a86\" data-element_type=\"section\">\n\t\t\t\t\t\t<div class=\"elementor-container elementor-column-gap-default\">\n\t\t\t\t\t<div class=\"elementor-column elementor-col-100 elementor-top-column elementor-element elementor-element-a923e2a\" data-id=\"a923e2a\" data-element_type=\"column\">\n\t\t\t<div class=\"elementor-widget-wrap elementor-element-populated\">\n\t\t\t\t\t\t<div class=\"elementor-element elementor-element-86337be elementor-widget-divider--view-line elementor-widget elementor-widget-divider\" data-id=\"86337be\" data-element_type=\"widget\" data-widget_type=\"divider.default\">\n\t\t\t\t<div class=\"elementor-widget-container\">\n\t\t\t\t\t\t\t<div class=\"elementor-divider\">\n\t\t\t<span class=\"elementor-divider-separator\">\n\t\t\t\t\t\t<\/span>\n\t\t<\/div>\n\t\t\t\t\t\t<\/div>\n\t\t\t\t<\/div>\n\t\t\t\t<div class=\"elementor-element elementor-element-ab81e9d elementor-invisible elementor-widget elementor-widget-text-editor\" data-id=\"ab81e9d\" data-element_type=\"widget\" data-settings=\"{&quot;_animation&quot;:&quot;fadeIn&quot;,&quot;_animation_delay&quot;:200}\" data-widget_type=\"text-editor.default\">\n\t\t\t\t<div class=\"elementor-widget-container\">\n\t\t\t\t\t\t\t\t\t<div><h2 aria-haspopup=\"true\">Gofr\u0113tas kastes, lok\u0161\u0146u iek\u0101rtas nelieliem ta\u010du elast\u012bgiem ra\u017eo\u0161anas apjomiem\u00a0<\/h2><\/div><div><p aria-haspopup=\"true\">Iek\u0101rta &#8211; BX Motion PRO, daudzpus\u012bga, jaud\u012bga, un \u013coti automaz\u0113ta iek\u0101rta, kas tiek izgatavota atbilsto\u0161i produktu specifik\u0101cijai (k\u0101 piem. heavy duty f-jai, digit\u0101lai drukai utt) \u00a0<\/p><ul><li style=\"font-size: 15px;\">modul\u0101ra iek\u0101rta g<span style=\"font-size: 15px;\">ofr\u0113tu kastu ra\u017eo\u0161anai<\/span><\/li><li aria-haspopup=\"true\">autom\u0101tiska iek\u0101rtas iestat\u012b\u0161ana (vair\u0101k nek\u0101 100\u00a0\u00a0FEFCO\u00a0kastu\u00a0stilu templeiti)<\/li><li aria-haspopup=\"true\"><span style=\"font-size: 15px;\">digit\u0101l\u0101 druku un l\u012bm\u0113\u0161anas opcijas<\/span><\/li><li>jaud\u012bgs atgriezumu smalcin\u0101t\u0101js, to efekt\u012bgai izvad\u012b\u0161anai no iek\u0101rtas\u00a0<\/li><\/ul><\/div>\t\t\t\t\t\t\t\t<\/div>\n\t\t\t\t<\/div>\n\t\t\t\t<div class=\"elementor-element elementor-element-5726127 elementor-widget-divider--view-line elementor-widget elementor-widget-divider\" data-id=\"5726127\" data-element_type=\"widget\" data-widget_type=\"divider.default\">\n\t\t\t\t<div class=\"elementor-widget-container\">\n\t\t\t\t\t\t\t<div class=\"elementor-divider\">\n\t\t\t<span class=\"elementor-divider-separator\">\n\t\t\t\t\t\t<\/span>\n\t\t<\/div>\n\t\t\t\t\t\t<\/div>\n\t\t\t\t<\/div>\n\t\t\t\t<div class=\"elementor-element elementor-element-29940a2 elementor-invisible elementor-widget elementor-widget-text-editor\" data-id=\"29940a2\" data-element_type=\"widget\" data-settings=\"{&quot;_animation&quot;:&quot;fadeIn&quot;,&quot;_animation_delay&quot;:500}\" data-widget_type=\"text-editor.default\">\n\t\t\t\t<div class=\"elementor-widget-container\">\n\t\t\t\t\t\t\t\t\t<div class=\"csc-header csc-header-n1\"><span class=\"sentence sentence-50-0\"><span class=\"phrase phrase-50-0-1-2-3-4-5-6-7-8-9-10-11-12-13-14-15-16-17-18-19-0-1-2-3-4-5-6-7-8-9-10-11-12\">Multinova &#8211; iek\u0101rta &#8211; \u00a0kastu loc\u012b\u0161amnai un l\u012bm\u0113\u0161anai\u00a0<\/span><\/span><\/div><ul><li><span class=\"sentence sentence-51-0\"><span class=\"phrase phrase-51-0-1-2-0-1\"><span class=\"word word-51-0-0\">Viegli<\/span> <span class=\"word word-51-1-1 word-51-2-1\">lietojams<\/span><\/span><\/span><\/li><li><span class=\"sentence sentence-52-0\"><span class=\"phrase phrase-52-0-1-2-3-0-1\"><span class=\"word word-52-0-0\">\u0100tri<\/span> <span class=\"word word-52-1-1 word-52-2-1 word-52-3-1\">iestat\u012bt<\/span><\/span><\/span><\/li><li><span class=\"sentence sentence-53-0\"><span class=\"phrase phrase-53-0-1-2-3-4-5-0-1-2-3-4-5\"><span class=\"word word-53-0-0\">\u0100tri<\/span> <span class=\"word word-53-1-1\">un<\/span> <span class=\"word word-53-5-2\">ide\u0101li<\/span> <span class=\"word word-53-2-3\">izveidot<\/span> <span class=\"word word-53-3-4\">piel\u0101gotas kast\u012btes<\/span><\/span><\/span><\/li><\/ul>\t\t\t\t\t\t\t\t<\/div>\n\t\t\t\t<\/div>\n\t\t\t\t<div class=\"elementor-element elementor-element-9604ee0 elementor-widget-divider--view-line elementor-widget elementor-widget-divider\" data-id=\"9604ee0\" data-element_type=\"widget\" data-widget_type=\"divider.default\">\n\t\t\t\t<div class=\"elementor-widget-container\">\n\t\t\t\t\t\t\t<div class=\"elementor-divider\">\n\t\t\t<span class=\"elementor-divider-separator\">\n\t\t\t\t\t\t<\/span>\n\t\t<\/div>\n\t\t\t\t\t\t<\/div>\n\t\t\t\t<\/div>\n\t\t\t\t\t<\/div>\n\t\t<\/div>\n\t\t\t\t\t<\/div>\n\t\t<\/section>\n\t\t\t\t<section class=\"elementor-section elementor-top-section elementor-element elementor-element-4fc7124 elementor-section-boxed elementor-section-height-default elementor-section-height-default\" data-id=\"4fc7124\" data-element_type=\"section\">\n\t\t\t\t\t\t<div class=\"elementor-container elementor-column-gap-default\">\n\t\t\t\t\t<div class=\"elementor-column elementor-col-100 elementor-top-column elementor-element elementor-element-53bd204\" data-id=\"53bd204\" data-element_type=\"column\">\n\t\t\t<div class=\"elementor-widget-wrap elementor-element-populated\">\n\t\t\t\t\t\t<div class=\"elementor-element elementor-element-580fe5e elementor-widget-divider--view-line elementor-widget elementor-widget-divider\" data-id=\"580fe5e\" data-element_type=\"widget\" data-widget_type=\"divider.default\">\n\t\t\t\t<div class=\"elementor-widget-container\">\n\t\t\t\t\t\t\t<div class=\"elementor-divider\">\n\t\t\t<span class=\"elementor-divider-separator\">\n\t\t\t\t\t\t<\/span>\n\t\t<\/div>\n\t\t\t\t\t\t<\/div>\n\t\t\t\t<\/div>\n\t\t\t\t<section class=\"elementor-section elementor-inner-section elementor-element elementor-element-e3a3a74 elementor-section-boxed elementor-section-height-default elementor-section-height-default\" data-id=\"e3a3a74\" data-element_type=\"section\">\n\t\t\t\t\t\t<div class=\"elementor-container elementor-column-gap-default\">\n\t\t\t\t\t<div class=\"elementor-column elementor-col-50 elementor-inner-column elementor-element elementor-element-78fabb4\" data-id=\"78fabb4\" data-element_type=\"column\">\n\t\t\t<div class=\"elementor-widget-wrap elementor-element-populated\">\n\t\t\t\t\t\t<div class=\"elementor-element elementor-element-f7aa307 elementor-widget elementor-widget-image\" data-id=\"f7aa307\" data-element_type=\"widget\" data-widget_type=\"image.default\">\n\t\t\t\t<div class=\"elementor-widget-container\">\n\t\t\t\t\t\t\t\t\t\t\t\t<figure class=\"wp-caption\">\n\t\t\t\t\t\t\t\t\t\t\t<a href=\"https:\/\/kolbus.lv\/?page_id=1888\">\n\t\t\t\t\t\t\t<img fetchpriority=\"high\" decoding=\"async\" width=\"1024\" height=\"512\" src=\"https:\/\/kolbus.lv\/wp-content\/uploads\/2023\/06\/modulebx-1024x512.jpeg\" class=\"attachment-large size-large wp-image-1890\" alt=\"\" srcset=\"https:\/\/kolbus.lv\/wp-content\/uploads\/2023\/06\/modulebx-1024x512.jpeg 1024w, https:\/\/kolbus.lv\/wp-content\/uploads\/2023\/06\/modulebx-300x150.jpeg 300w, https:\/\/kolbus.lv\/wp-content\/uploads\/2023\/06\/modulebx-768x384.jpeg 768w, https:\/\/kolbus.lv\/wp-content\/uploads\/2023\/06\/modulebx.jpeg 1200w\" sizes=\"(max-width: 1024px) 100vw, 1024px\" \/>\t\t\t\t\t\t\t\t<\/a>\n\t\t\t\t\t\t\t\t\t\t\t<figcaption class=\"widget-image-caption wp-caption-text\">BX Motion<\/figcaption>\n\t\t\t\t\t\t\t\t\t\t<\/figure>\n\t\t\t\t\t\t\t\t\t<\/div>\n\t\t\t\t<\/div>\n\t\t\t\t\t<\/div>\n\t\t<\/div>\n\t\t\t\t<div class=\"elementor-column elementor-col-50 elementor-inner-column elementor-element elementor-element-105e0cf\" data-id=\"105e0cf\" data-element_type=\"column\">\n\t\t\t<div class=\"elementor-widget-wrap elementor-element-populated\">\n\t\t\t\t\t\t<div class=\"elementor-element elementor-element-a8365d1 elementor-widget elementor-widget-image\" data-id=\"a8365d1\" data-element_type=\"widget\" data-widget_type=\"image.default\">\n\t\t\t\t<div class=\"elementor-widget-container\">\n\t\t\t\t\t\t\t\t\t\t\t\t<figure class=\"wp-caption\">\n\t\t\t\t\t\t\t\t\t\t\t<a href=\"https:\/\/kolbus.lv\/?page_id=1374\">\n\t\t\t\t\t\t\t<img decoding=\"async\" width=\"1024\" height=\"954\" src=\"https:\/\/kolbus.lv\/wp-content\/uploads\/2020\/04\/AutoBox-MN-1024x954.jpg\" class=\"attachment-large size-large wp-image-1458\" alt=\"\" srcset=\"https:\/\/kolbus.lv\/wp-content\/uploads\/2020\/04\/AutoBox-MN-1024x954.jpg 1024w, https:\/\/kolbus.lv\/wp-content\/uploads\/2020\/04\/AutoBox-MN-300x279.jpg 300w, https:\/\/kolbus.lv\/wp-content\/uploads\/2020\/04\/AutoBox-MN-768x715.jpg 768w, https:\/\/kolbus.lv\/wp-content\/uploads\/2020\/04\/AutoBox-MN-1536x1431.jpg 1536w, https:\/\/kolbus.lv\/wp-content\/uploads\/2020\/04\/AutoBox-MN-2048x1908.jpg 2048w\" sizes=\"(max-width: 1024px) 100vw, 1024px\" \/>\t\t\t\t\t\t\t\t<\/a>\n\t\t\t\t\t\t\t\t\t\t\t<figcaption class=\"widget-image-caption wp-caption-text\">Multinova<\/figcaption>\n\t\t\t\t\t\t\t\t\t\t<\/figure>\n\t\t\t\t\t\t\t\t\t<\/div>\n\t\t\t\t<\/div>\n\t\t\t\t\t<\/div>\n\t\t<\/div>\n\t\t\t\t\t<\/div>\n\t\t<\/section>\n\t\t\t\t\t<\/div>\n\t\t<\/div>\n\t\t\t\t\t<\/div>\n\t\t<\/section>\n\t\t\t\t<section class=\"elementor-section elementor-top-section elementor-element elementor-element-4826562 elementor-section-boxed elementor-section-height-default elementor-section-height-default\" data-id=\"4826562\" data-element_type=\"section\">\n\t\t\t\t\t\t<div class=\"elementor-container elementor-column-gap-default\">\n\t\t\t\t\t<div class=\"elementor-column elementor-col-100 elementor-top-column elementor-element elementor-element-cbdf7b1\" data-id=\"cbdf7b1\" data-element_type=\"column\">\n\t\t\t<div class=\"elementor-widget-wrap\">\n\t\t\t\t\t\t\t<\/div>\n\t\t<\/div>\n\t\t\t\t\t<\/div>\n\t\t<\/section>\n\t\t\t\t<section class=\"elementor-section elementor-top-section elementor-element elementor-element-6b83ff6 elementor-section-boxed elementor-section-height-default elementor-section-height-default\" data-id=\"6b83ff6\" data-element_type=\"section\">\n\t\t\t\t\t\t<div class=\"elementor-container elementor-column-gap-default\">\n\t\t\t\t\t<div class=\"elementor-column elementor-col-100 elementor-top-column elementor-element elementor-element-c5b8104\" data-id=\"c5b8104\" data-element_type=\"column\">\n\t\t\t<div class=\"elementor-widget-wrap elementor-element-populated\">\n\t\t\t\t\t\t<div class=\"elementor-element elementor-element-112a293 elementor-widget elementor-widget-toggle\" data-id=\"112a293\" data-element_type=\"widget\" data-widget_type=\"toggle.default\">\n\t\t\t\t<div class=\"elementor-widget-container\">\n\t\t\t\t\t\t\t<div class=\"elementor-toggle\">\n\t\t\t\t\t\t\t<div class=\"elementor-toggle-item\">\n\t\t\t\t\t<div id=\"elementor-tab-title-1791\" class=\"elementor-tab-title\" data-tab=\"1\" role=\"button\" aria-controls=\"elementor-tab-content-1791\" aria-expanded=\"false\">\n\t\t\t\t\t\t\t\t\t\t\t\t<span class=\"elementor-toggle-icon elementor-toggle-icon-left\" aria-hidden=\"true\">\n\t\t\t\t\t\t\t\t\t\t\t\t\t\t\t<span class=\"elementor-toggle-icon-closed\"><i class=\"fas fa-caret-right\"><\/i><\/span>\n\t\t\t\t\t\t\t\t<span class=\"elementor-toggle-icon-opened\"><i class=\"elementor-toggle-icon-opened fas fa-caret-up\"><\/i><\/span>\n\t\t\t\t\t\t\t\t\t\t\t\t\t<\/span>\n\t\t\t\t\t\t\t\t\t\t\t\t<a class=\"elementor-toggle-title\" tabindex=\"0\">BRO\u0160\u016aRAS<\/a>\n\t\t\t\t\t<\/div>\n\n\t\t\t\t\t<div id=\"elementor-tab-content-1791\" class=\"elementor-tab-content elementor-clearfix\" data-tab=\"1\" role=\"region\" aria-labelledby=\"elementor-tab-title-1791\"><p>BX Motion Pro<\/p><p>Multinova\u00a0<\/p><\/div>\n\t\t\t\t<\/div>\n\t\t\t\t\t\t\t\t<\/div>\n\t\t\t\t\t\t<\/div>\n\t\t\t\t<\/div>\n\t\t\t\t\t<\/div>\n\t\t<\/div>\n\t\t\t\t\t<\/div>\n\t\t<\/section>\n\t\t\t\t<\/div>\n\t\t","protected":false},"excerpt":{"rendered":"<p>Gofr\u0113tas kastes, lok\u0161\u0146u iek\u0101rtas nelieliem ta\u010du elast\u012bgiem ra\u017eo\u0161anas apjomiem\u00a0 Iek\u0101rta &#8211; BX Motion PRO, daudzpus\u012bga, jaud\u012bga, un \u013coti automaz\u0113ta iek\u0101rta, kas tiek izgatavota atbilsto\u0161i produktu specifik\u0101cijai (k\u0101 piem. heavy duty f-jai, digit\u0101lai drukai utt) \u00a0 modul\u0101ra iek\u0101rta gofr\u0113tu kastu ra\u017eo\u0161anai autom\u0101tiska iek\u0101rtas iestat\u012b\u0161ana (vair\u0101k nek\u0101 100\u00a0\u00a0FEFCO\u00a0kastu\u00a0stilu templeiti) digit\u0101l\u0101 druku un l\u012bm\u0113\u0161anas opcijas jaud\u012bgs atgriezumu smalcin\u0101t\u0101js, [&hellip;]<\/p>\n","protected":false},"author":4,"featured_media":0,"parent":533,"menu_order":1,"comment_status":"closed","ping_status":"closed","template":"","meta":{"_uag_custom_page_level_css":"","ocean_post_layout":"full-width","ocean_both_sidebars_style":"","ocean_both_sidebars_content_width":0,"ocean_both_sidebars_sidebars_width":0,"ocean_sidebar":"0","ocean_second_sidebar":"0","ocean_disable_margins":"enable","ocean_add_body_class":"","ocean_shortcode_before_top_bar":"","ocean_shortcode_after_top_bar":"","ocean_shortcode_before_header":"","ocean_shortcode_after_header":"","ocean_has_shortcode":"","ocean_shortcode_after_title":"","ocean_shortcode_before_footer_widgets":"","ocean_shortcode_after_footer_widgets":"","ocean_shortcode_before_footer_bottom":"","ocean_shortcode_after_footer_bottom":"","ocean_display_top_bar":"default","ocean_display_header":"default","ocean_header_style":"","ocean_center_header_left_menu":"0","ocean_custom_header_template":"0","ocean_custom_logo":0,"ocean_custom_retina_logo":0,"ocean_custom_logo_max_width":0,"ocean_custom_logo_tablet_max_width":0,"ocean_custom_logo_mobile_max_width":0,"ocean_custom_logo_max_height":0,"ocean_custom_logo_tablet_max_height":0,"ocean_custom_logo_mobile_max_height":0,"ocean_header_custom_menu":"0","ocean_menu_typo_font_family":"0","ocean_menu_typo_font_subset":"","ocean_menu_typo_font_size":0,"ocean_menu_typo_font_size_tablet":0,"ocean_menu_typo_font_size_mobile":0,"ocean_menu_typo_font_size_unit":"px","ocean_menu_typo_font_weight":"","ocean_menu_typo_font_weight_tablet":"","ocean_menu_typo_font_weight_mobile":"","ocean_menu_typo_transform":"","ocean_menu_typo_transform_tablet":"","ocean_menu_typo_transform_mobile":"","ocean_menu_typo_line_height":0,"ocean_menu_typo_line_height_tablet":0,"ocean_menu_typo_line_height_mobile":0,"ocean_menu_typo_line_height_unit":"","ocean_menu_typo_spacing":0,"ocean_menu_typo_spacing_tablet":0,"ocean_menu_typo_spacing_mobile":0,"ocean_menu_typo_spacing_unit":"","ocean_menu_link_color":"","ocean_menu_link_color_hover":"","ocean_menu_link_color_active":"","ocean_menu_link_background":"","ocean_menu_link_hover_background":"","ocean_menu_link_active_background":"","ocean_menu_social_links_bg":"","ocean_menu_social_hover_links_bg":"","ocean_menu_social_links_color":"","ocean_menu_social_hover_links_color":"","ocean_disable_title":"default","ocean_disable_heading":"default","ocean_post_title":"","ocean_post_subheading":"","ocean_post_title_style":"background-image","ocean_post_title_background_color":"","ocean_post_title_background":407,"ocean_post_title_bg_image_position":"","ocean_post_title_bg_image_attachment":"","ocean_post_title_bg_image_repeat":"","ocean_post_title_bg_image_size":"","ocean_post_title_height":0,"ocean_post_title_bg_overlay":0.5,"ocean_post_title_bg_overlay_color":"","ocean_disable_breadcrumbs":"default","ocean_breadcrumbs_color":"","ocean_breadcrumbs_separator_color":"","ocean_breadcrumbs_links_color":"","ocean_breadcrumbs_links_hover_color":"","ocean_display_footer_widgets":"default","ocean_display_footer_bottom":"default","ocean_custom_footer_template":"0","footnotes":""},"class_list":["post-1249","page","type-page","status-publish","hentry","entry"],"uagb_featured_image_src":{"full":false,"thumbnail":false,"medium":false,"medium_large":false,"large":false,"1536x1536":false,"2048x2048":false,"ocean-thumb-m":false,"ocean-thumb-ml":false,"ocean-thumb-l":false},"uagb_author_info":{"display_name":"Markuss","author_link":"https:\/\/kolbus.lv\/?author=4"},"uagb_comment_info":0,"uagb_excerpt":"Gofr\u0113tas kastes, lok\u0161\u0146u iek\u0101rtas nelieliem ta\u010du elast\u012bgiem ra\u017eo\u0161anas apjomiem\u00a0 Iek\u0101rta &#8211; BX Motion PRO, daudzpus\u012bga, jaud\u012bga, un \u013coti automaz\u0113ta iek\u0101rta, kas tiek izgatavota atbilsto\u0161i produktu specifik\u0101cijai (k\u0101 piem. heavy duty f-jai, digit\u0101lai drukai utt) \u00a0 modul\u0101ra iek\u0101rta gofr\u0113tu kastu ra\u017eo\u0161anai autom\u0101tiska iek\u0101rtas iestat\u012b\u0161ana (vair\u0101k nek\u0101 100\u00a0\u00a0FEFCO\u00a0kastu\u00a0stilu templeiti) digit\u0101l\u0101 druku un l\u012bm\u0113\u0161anas opcijas jaud\u012bgs atgriezumu smalcin\u0101t\u0101js,&hellip;","_links":{"self":[{"href":"https:\/\/kolbus.lv\/index.php?rest_route=\/wp\/v2\/pages\/1249","targetHints":{"allow":["GET"]}}],"collection":[{"href":"https:\/\/kolbus.lv\/index.php?rest_route=\/wp\/v2\/pages"}],"about":[{"href":"https:\/\/kolbus.lv\/index.php?rest_route=\/wp\/v2\/types\/page"}],"author":[{"embeddable":true,"href":"https:\/\/kolbus.lv\/index.php?rest_route=\/wp\/v2\/users\/4"}],"replies":[{"embeddable":true,"href":"https:\/\/kolbus.lv\/index.php?rest_route=%2Fwp%2Fv2%2Fcomments&post=1249"}],"version-history":[{"count":29,"href":"https:\/\/kolbus.lv\/index.php?rest_route=\/wp\/v2\/pages\/1249\/revisions"}],"predecessor-version":[{"id":2204,"href":"https:\/\/kolbus.lv\/index.php?rest_route=\/wp\/v2\/pages\/1249\/revisions\/2204"}],"up":[{"embeddable":true,"href":"https:\/\/kolbus.lv\/index.php?rest_route=\/wp\/v2\/pages\/533"}],"wp:attachment":[{"href":"https:\/\/kolbus.lv\/index.php?rest_route=%2Fwp%2Fv2%2Fmedia&parent=1249"}],"curies":[{"name":"wp","href":"https:\/\/api.w.org\/{rel}","templated":true}]}}