{"id":1253,"date":"2020-04-02T22:38:09","date_gmt":"2020-04-02T19:38:09","guid":{"rendered":"https:\/\/kolbus.lv\/?page_id=1253"},"modified":"2020-08-09T15:32:30","modified_gmt":"2020-08-09T12:32:30","slug":"board-cutting","status":"publish","type":"page","link":"https:\/\/kolbus.lv\/?page_id=1253","title":{"rendered":"Lok\u0161\u0146u grie\u0161ana"},"content":{"rendered":"\t\t<div data-elementor-type=\"wp-page\" data-elementor-id=\"1253\" class=\"elementor elementor-1253\">\n\t\t\t\t\t\t<section class=\"elementor-section elementor-top-section elementor-element elementor-element-b7d5a86 elementor-section-boxed elementor-section-height-default elementor-section-height-default\" data-id=\"b7d5a86\" data-element_type=\"section\">\n\t\t\t\t\t\t<div class=\"elementor-container elementor-column-gap-default\">\n\t\t\t\t\t<div class=\"elementor-column elementor-col-100 elementor-top-column elementor-element elementor-element-a923e2a\" data-id=\"a923e2a\" data-element_type=\"column\">\n\t\t\t<div class=\"elementor-widget-wrap elementor-element-populated\">\n\t\t\t\t\t\t<div class=\"elementor-element elementor-element-86337be elementor-widget-divider--view-line elementor-widget elementor-widget-divider\" data-id=\"86337be\" data-element_type=\"widget\" data-widget_type=\"divider.default\">\n\t\t\t\t<div class=\"elementor-widget-container\">\n\t\t\t\t\t\t\t<div class=\"elementor-divider\">\n\t\t\t<span class=\"elementor-divider-separator\">\n\t\t\t\t\t\t<\/span>\n\t\t<\/div>\n\t\t\t\t\t\t<\/div>\n\t\t\t\t<\/div>\n\t\t\t\t<div class=\"elementor-element elementor-element-ab81e9d elementor-invisible elementor-widget elementor-widget-text-editor\" data-id=\"ab81e9d\" data-element_type=\"widget\" data-settings=\"{&quot;_animation&quot;:&quot;fadeIn&quot;,&quot;_animation_delay&quot;:200}\" data-widget_type=\"text-editor.default\">\n\t\t\t\t<div class=\"elementor-widget-container\">\n\t\t\t\t\t\t\t\t\t<div class=\"csc-header csc-header-n1\"><h2>Prec\u012bzai kartona grie\u0161anai<\/h2><\/div><p class=\"bodytext\">\u00a0<\/p>\t\t\t\t\t\t\t\t<\/div>\n\t\t\t\t<\/div>\n\t\t\t\t<div class=\"elementor-element elementor-element-5726127 elementor-widget-divider--view-line elementor-widget elementor-widget-divider\" data-id=\"5726127\" data-element_type=\"widget\" data-widget_type=\"divider.default\">\n\t\t\t\t<div class=\"elementor-widget-container\">\n\t\t\t\t\t\t\t<div class=\"elementor-divider\">\n\t\t\t<span class=\"elementor-divider-separator\">\n\t\t\t\t\t\t<\/span>\n\t\t<\/div>\n\t\t\t\t\t\t<\/div>\n\t\t\t\t<\/div>\n\t\t\t\t<div class=\"elementor-element elementor-element-c4c269c elementor-invisible elementor-widget elementor-widget-image-gallery\" data-id=\"c4c269c\" data-element_type=\"widget\" data-settings=\"{&quot;_animation&quot;:&quot;fadeIn&quot;,&quot;_animation_delay&quot;:300}\" data-widget_type=\"image-gallery.default\">\n\t\t\t\t<div class=\"elementor-widget-container\">\n\t\t\t\t\t\t\t<div class=\"elementor-image-gallery\">\n\t\t\t<div id='gallery-1' class='gallery galleryid-1253 gallery-columns-4 gallery-size-medium'><figure class='gallery-item'>\n\t\t\t<div class='gallery-icon landscape'>\n\t\t\t\t<img fetchpriority=\"high\" decoding=\"async\" width=\"300\" height=\"225\" src=\"https:\/\/kolbus.lv\/wp-content\/uploads\/2020\/04\/pk170-pappenkreisschere-kolbus-300x225.jpg\" class=\"attachment-medium size-medium\" alt=\"\" srcset=\"https:\/\/kolbus.lv\/wp-content\/uploads\/2020\/04\/pk170-pappenkreisschere-kolbus-300x225.jpg 300w, https:\/\/kolbus.lv\/wp-content\/uploads\/2020\/04\/pk170-pappenkreisschere-kolbus-768x576.jpg 768w, https:\/\/kolbus.lv\/wp-content\/uploads\/2020\/04\/pk170-pappenkreisschere-kolbus.jpg 960w\" sizes=\"(max-width: 300px) 100vw, 300px\" \/>\n\t\t\t<\/div><\/figure><figure class='gallery-item'>\n\t\t\t<div class='gallery-icon landscape'>\n\t\t\t\t<img decoding=\"async\" width=\"300\" height=\"225\" src=\"https:\/\/kolbus.lv\/wp-content\/uploads\/2020\/04\/csm_pk170-pappenkreisschere-fallbrettablage-kolbus_b1f0ea2d59-300x225.jpg\" class=\"attachment-medium size-medium\" alt=\"\" srcset=\"https:\/\/kolbus.lv\/wp-content\/uploads\/2020\/04\/csm_pk170-pappenkreisschere-fallbrettablage-kolbus_b1f0ea2d59-300x225.jpg 300w, https:\/\/kolbus.lv\/wp-content\/uploads\/2020\/04\/csm_pk170-pappenkreisschere-fallbrettablage-kolbus_b1f0ea2d59-768x576.jpg 768w, https:\/\/kolbus.lv\/wp-content\/uploads\/2020\/04\/csm_pk170-pappenkreisschere-fallbrettablage-kolbus_b1f0ea2d59.jpg 800w\" sizes=\"(max-width: 300px) 100vw, 300px\" \/>\n\t\t\t<\/div><\/figure><figure class='gallery-item'>\n\t\t\t<div class='gallery-icon landscape'>\n\t\t\t\t<img decoding=\"async\" width=\"300\" height=\"225\" src=\"https:\/\/kolbus.lv\/wp-content\/uploads\/2020\/04\/csm_pk-pk170-schemagrafik-kolbus_1242a31efd-300x225.jpg\" class=\"attachment-medium size-medium\" alt=\"\" srcset=\"https:\/\/kolbus.lv\/wp-content\/uploads\/2020\/04\/csm_pk-pk170-schemagrafik-kolbus_1242a31efd-300x225.jpg 300w, https:\/\/kolbus.lv\/wp-content\/uploads\/2020\/04\/csm_pk-pk170-schemagrafik-kolbus_1242a31efd.jpg 313w\" sizes=\"(max-width: 300px) 100vw, 300px\" \/>\n\t\t\t<\/div><\/figure><figure class='gallery-item'>\n\t\t\t<div class='gallery-icon landscape'>\n\t\t\t\t<img loading=\"lazy\" decoding=\"async\" width=\"300\" height=\"225\" src=\"https:\/\/kolbus.lv\/wp-content\/uploads\/2020\/04\/csm_pk170-pappenkreisschere-messerwelle-kolbus_67e4f22145-300x225.jpg\" class=\"attachment-medium size-medium\" alt=\"\" srcset=\"https:\/\/kolbus.lv\/wp-content\/uploads\/2020\/04\/csm_pk170-pappenkreisschere-messerwelle-kolbus_67e4f22145-300x225.jpg 300w, https:\/\/kolbus.lv\/wp-content\/uploads\/2020\/04\/csm_pk170-pappenkreisschere-messerwelle-kolbus_67e4f22145-768x576.jpg 768w, https:\/\/kolbus.lv\/wp-content\/uploads\/2020\/04\/csm_pk170-pappenkreisschere-messerwelle-kolbus_67e4f22145.jpg 800w\" sizes=\"(max-width: 300px) 100vw, 300px\" \/>\n\t\t\t<\/div><\/figure>\n\t\t<\/div>\n\t\t<\/div>\n\t\t\t\t\t\t<\/div>\n\t\t\t\t<\/div>\n\t\t\t\t<div class=\"elementor-element elementor-element-580fe5e elementor-widget-divider--view-line elementor-widget elementor-widget-divider\" data-id=\"580fe5e\" data-element_type=\"widget\" data-widget_type=\"divider.default\">\n\t\t\t\t<div class=\"elementor-widget-container\">\n\t\t\t\t\t\t\t<div class=\"elementor-divider\">\n\t\t\t<span class=\"elementor-divider-separator\">\n\t\t\t\t\t\t<\/span>\n\t\t<\/div>\n\t\t\t\t\t\t<\/div>\n\t\t\t\t<\/div>\n\t\t\t\t<section class=\"elementor-section elementor-inner-section elementor-element elementor-element-53656c0 elementor-section-boxed elementor-section-height-default elementor-section-height-default\" data-id=\"53656c0\" data-element_type=\"section\">\n\t\t\t\t\t\t<div class=\"elementor-container elementor-column-gap-default\">\n\t\t\t\t\t<div class=\"elementor-column elementor-col-50 elementor-inner-column elementor-element elementor-element-68f636c\" data-id=\"68f636c\" data-element_type=\"column\">\n\t\t\t<div class=\"elementor-widget-wrap elementor-element-populated\">\n\t\t\t\t\t\t<div class=\"elementor-element elementor-element-29940a2 elementor-invisible elementor-widget elementor-widget-text-editor\" data-id=\"29940a2\" data-element_type=\"widget\" data-settings=\"{&quot;_animation&quot;:&quot;fadeIn&quot;,&quot;_animation_delay&quot;:500}\" data-widget_type=\"text-editor.default\">\n\t\t\t\t<div class=\"elementor-widget-container\">\n\t\t\t\t\t\t\t\t\t<p id=\"mt-result-9\" class=\"mt-translation hover\" aria-haspopup=\"true\"><span class=\"sentence sentence-9-0 hover\"><span class=\"phrase phrase-9-0-1-2-3-4-5-6-7-8-9-10-11-12-13-14-15-16-0-1-2-3-4-5-6-7-8-9-10-11-12-13-14-15-16 hover\"><span class=\"word word-9-0-0\">Efekt\u012bvas<\/span> <span class=\"word word-9-1-1\">kartona<\/span> <span class=\"word word-9-2-2\">grie\u0161anas<\/span> <span class=\"word word-9-3-3\">ma\u0161\u012bnas<\/span> <span class=\"word word-9-4-4 word-9-5-4\">prec\u012bz\u0101m<\/span> <span class=\"word word-9-6-5\">un<\/span> <span class=\"word word-9-7-6\">st\u016brain\u0101m loksn\u0113m<\/span><span class=\"word word-9-8-8 sibling-9-8-7\">,<\/span><span class=\"word word-9-9-9 sibling-9-9-10\">kas<\/span> <span class=\"word word-9-9-10 sibling-9-9-9\">izgatavotas<\/span> <span class=\"word word-9-10-11\">no<\/span> <span class=\"word word-9-11-12\">pel\u0113ka<\/span> <span class=\"word word-9-14-13\">kartona<\/span> <span class=\"word word-9-13-14\">turpm\u0101kai<\/span> <span class=\"word word-9-12-15 word-9-15-15\">apstr\u0101dei<\/span><span class=\"word word-9-16-16\">.<\/span><\/span><\/span><\/p><p class=\"bodytext\"><a href=\"https:\/\/kolbus.lv\/iekartas\/board-and-grooving-machines\/pk-170\/\">\u00a0PK 170<\/a><\/p><p><span class=\"word word-28-1-0\">gr\u0101matu<\/span> <span class=\"word word-28-0-1 word-28-2-1\">v\u0101kiem<\/span><span class=\"word word-28-3-2\">,<\/span> <span class=\"word word-28-4-3\">sp\u0113\u013cu<\/span> <span class=\"word word-28-5-4\">d\u0113\u013ciem<\/span><span class=\"word word-28-6-5\">,<\/span> <span class=\"word word-28-7-6\">stingro kastu<\/span>\u00a0<span class=\"word word-28-10-9\">ra\u017eo\u0161anai<\/span> <span class=\"word word-28-11-10\">un\u00a0<\/span><span class=\"word word-28-12-11 hover\">turpm\u0101kai iepakojumu<\/span>\u00a0<span class=\"word word-28-14-13\">apstr\u0101dei<\/span> <span class=\"word word-28-15-14\">ar<\/span> <span class=\"word word-28-16-15\">KOLBUS<\/span> <span class=\"word word-28-17-16\">rievo\u0161anas<\/span> <span class=\"word word-28-18-17\">ma\u0161\u012bnu<\/span> <span class=\"word word-28-19-18\">un\u00a0<\/span><span class=\"word word-28-20-19\">BOXline<\/span><\/p><p class=\"bodytext\"><a href=\"https:\/\/kolbus.lv\/iekartas\/board-and-grooving-machines\/pk-pk-170\/\">\u00a0PK-PK 170<\/a><\/p><p class=\"bodytext\"><span class=\"sentence sentence-36-0\"><span class=\"phrase phrase-36-0-1-2-3-4-5-6-7-8-9-10-11-12-13-14-15-16-17-0-1-2-3-4-5-6-7-8-9-10-11-12-13-14-15\"><span class=\"word word-36-0-0 word-36-1-0\">Augstas<\/span> <span class=\"word word-36-2-1\">veiktsp\u0113jas<\/span> <span class=\"word word-36-3-2\">grie\u0161ana<\/span> <span class=\"word word-36-4-3\">un<\/span> <span class=\"word word-36-5-4\">paletiz\u0113\u0161ana<\/span> <span class=\"word word-36-6-5 word-36-7-5\">gr\u0101matu<\/span> <span class=\"word word-36-8-6\">v\u0101kiem<\/span><span class=\"word word-36-9-7\">,<\/span> <span class=\"word word-36-10-8\">sp\u0113\u013cu<\/span><span class=\"word word-36-11-9\">d\u0113\u013ciem<\/span><span class=\"word word-36-12-10\">,<\/span> <span class=\"word word-36-13-11\">stingriem<\/span> <span class=\"word word-36-14-12\">kast\u012b\u0161u<\/span> <span class=\"word word-36-15-13\">iepakojuma<\/span> <span class=\"word word-36-16-14\">elementiem<\/span><span class=\"word word-36-17-15\">.<\/span><\/span><\/span><\/p><p id=\"mt-result-37\" class=\"mt-translation\" aria-haspopup=\"true\"><span class=\"sentence sentence-37-0\"><span class=\"phrase phrase-37-0-1-2-3-4-0-1-2-3-4\"><span class=\"word word-37-0-0\">Autom\u0101tisk\u0101<\/span> <span class=\"word word-37-1-1\">grie\u0161ana<\/span> <span class=\"word word-37-2-2\">un paletiz\u0113\u0161ana<\/span><span class=\"word word-37-4-4\">.<\/span><\/span><\/span><\/p><p id=\"mt-result-44\" class=\"mt-translation\" aria-haspopup=\"true\"><span class=\"sentence sentence-44-0\"><span class=\"phrase phrase-44-0-1-2-3-4-0-1-2-3-4\"><span class=\"word word-44-1-1\">Lok\u0161\u0146u grie\u0161anas<\/span> <span class=\"word word-44-2-2\">l\u012bnija<\/span> <span class=\"word word-44-3-3\">PK-PK<\/span> <span class=\"word word-44-4-4\">171<\/span><\/span><\/span><\/p><p id=\"mt-result-45\" class=\"mt-translation hover\" aria-haspopup=\"true\"><span class=\"sentence sentence-45-0\"><span class=\"phrase phrase-45-0-1-2-3-4-5-0-1-2-3-4-5\"><span class=\"word word-45-0-0\">Piln\u012bb\u0101<\/span> <span class=\"word word-45-1-1\">autom\u0101tiska<\/span> <span class=\"word word-45-2-2\">grie\u0161ana<\/span> <span class=\"word word-45-3-3\">un<\/span> <span class=\"sentence sentence-37-0\"><span class=\"phrase phrase-37-0-1-2-3-4-0-1-2-3-4\"><span class=\"word word-37-2-2\">paletiz\u0113\u0161ana<\/span><\/span><\/span><span class=\"word word-45-5-5\">.<\/span><\/span><\/span><\/p>\t\t\t\t\t\t\t\t<\/div>\n\t\t\t\t<\/div>\n\t\t\t\t\t<\/div>\n\t\t<\/div>\n\t\t\t\t<div class=\"elementor-column elementor-col-50 elementor-inner-column elementor-element elementor-element-6bcaeca\" data-id=\"6bcaeca\" data-element_type=\"column\">\n\t\t\t<div class=\"elementor-widget-wrap elementor-element-populated\">\n\t\t\t\t\t\t<div class=\"elementor-element elementor-element-c5a62f8 elementor-invisible elementor-widget elementor-widget-image\" data-id=\"c5a62f8\" data-element_type=\"widget\" data-settings=\"{&quot;_animation&quot;:&quot;fadeIn&quot;,&quot;_animation_delay&quot;:600}\" data-widget_type=\"image.default\">\n\t\t\t\t<div class=\"elementor-widget-container\">\n\t\t\t\t\t\t\t\t\t\t\t\t\t\t\t<img loading=\"lazy\" decoding=\"async\" width=\"960\" height=\"720\" src=\"https:\/\/kolbus.lv\/wp-content\/uploads\/2020\/04\/pkpk170-pappenschneidlinie-kolbus.jpg\" class=\"attachment-large size-large wp-image-1443\" alt=\"\" srcset=\"https:\/\/kolbus.lv\/wp-content\/uploads\/2020\/04\/pkpk170-pappenschneidlinie-kolbus.jpg 960w, https:\/\/kolbus.lv\/wp-content\/uploads\/2020\/04\/pkpk170-pappenschneidlinie-kolbus-300x225.jpg 300w, https:\/\/kolbus.lv\/wp-content\/uploads\/2020\/04\/pkpk170-pappenschneidlinie-kolbus-768x576.jpg 768w\" sizes=\"(max-width: 960px) 100vw, 960px\" \/>\t\t\t\t\t\t\t\t\t\t\t\t\t\t\t<\/div>\n\t\t\t\t<\/div>\n\t\t\t\t\t<\/div>\n\t\t<\/div>\n\t\t\t\t\t<\/div>\n\t\t<\/section>\n\t\t\t\t\t<\/div>\n\t\t<\/div>\n\t\t\t\t\t<\/div>\n\t\t<\/section>\n\t\t\t\t<\/div>\n\t\t","protected":false},"excerpt":{"rendered":"<p>Prec\u012bzai kartona grie\u0161anai Efekt\u012bvas kartona grie\u0161anas ma\u0161\u012bnas prec\u012bz\u0101m un st\u016brain\u0101m loksn\u0113m,kas izgatavotas no pel\u0113ka kartona turpm\u0101kai apstr\u0101dei. &nbsp;PK 170 gr\u0101matu v\u0101kiem, sp\u0113\u013cu d\u0113\u013ciem, stingro kastu&nbsp;ra\u017eo\u0161anai un&nbsp;turpm\u0101kai iepakojumu&nbsp;apstr\u0101dei ar KOLBUS rievo\u0161anas ma\u0161\u012bnu un&nbsp;BOXline &nbsp;PK-PK 170 Augstas veiktsp\u0113jas grie\u0161ana un paletiz\u0113\u0161ana gr\u0101matu v\u0101kiem, sp\u0113\u013cud\u0113\u013ciem, stingriem kast\u012b\u0161u iepakojuma elementiem. Autom\u0101tisk\u0101 grie\u0161ana un paletiz\u0113\u0161ana. Lok\u0161\u0146u grie\u0161anas l\u012bnija PK-PK 171 [&hellip;]<\/p>\n","protected":false},"author":4,"featured_media":0,"parent":533,"menu_order":1,"comment_status":"closed","ping_status":"closed","template":"","meta":{"_uag_custom_page_level_css":"","ocean_post_layout":"full-width","ocean_both_sidebars_style":"","ocean_both_sidebars_content_width":0,"ocean_both_sidebars_sidebars_width":0,"ocean_sidebar":"0","ocean_second_sidebar":"0","ocean_disable_margins":"enable","ocean_add_body_class":"","ocean_shortcode_before_top_bar":"","ocean_shortcode_after_top_bar":"","ocean_shortcode_before_header":"","ocean_shortcode_after_header":"","ocean_has_shortcode":"","ocean_shortcode_after_title":"","ocean_shortcode_before_footer_widgets":"","ocean_shortcode_after_footer_widgets":"","ocean_shortcode_before_footer_bottom":"","ocean_shortcode_after_footer_bottom":"","ocean_display_top_bar":"default","ocean_display_header":"default","ocean_header_style":"","ocean_center_header_left_menu":"0","ocean_custom_header_template":"0","ocean_custom_logo":0,"ocean_custom_retina_logo":0,"ocean_custom_logo_max_width":0,"ocean_custom_logo_tablet_max_width":0,"ocean_custom_logo_mobile_max_width":0,"ocean_custom_logo_max_height":0,"ocean_custom_logo_tablet_max_height":0,"ocean_custom_logo_mobile_max_height":0,"ocean_header_custom_menu":"0","ocean_menu_typo_font_family":"0","ocean_menu_typo_font_subset":"","ocean_menu_typo_font_size":0,"ocean_menu_typo_font_size_tablet":0,"ocean_menu_typo_font_size_mobile":0,"ocean_menu_typo_font_size_unit":"px","ocean_menu_typo_font_weight":"","ocean_menu_typo_font_weight_tablet":"","ocean_menu_typo_font_weight_mobile":"","ocean_menu_typo_transform":"","ocean_menu_typo_transform_tablet":"","ocean_menu_typo_transform_mobile":"","ocean_menu_typo_line_height":0,"ocean_menu_typo_line_height_tablet":0,"ocean_menu_typo_line_height_mobile":0,"ocean_menu_typo_line_height_unit":"","ocean_menu_typo_spacing":0,"ocean_menu_typo_spacing_tablet":0,"ocean_menu_typo_spacing_mobile":0,"ocean_menu_typo_spacing_unit":"","ocean_menu_link_color":"","ocean_menu_link_color_hover":"","ocean_menu_link_color_active":"","ocean_menu_link_background":"","ocean_menu_link_hover_background":"","ocean_menu_link_active_background":"","ocean_menu_social_links_bg":"","ocean_menu_social_hover_links_bg":"","ocean_menu_social_links_color":"","ocean_menu_social_hover_links_color":"","ocean_disable_title":"default","ocean_disable_heading":"default","ocean_post_title":"","ocean_post_subheading":"","ocean_post_title_style":"background-image","ocean_post_title_background_color":"","ocean_post_title_background":407,"ocean_post_title_bg_image_position":"","ocean_post_title_bg_image_attachment":"","ocean_post_title_bg_image_repeat":"","ocean_post_title_bg_image_size":"","ocean_post_title_height":0,"ocean_post_title_bg_overlay":0.5,"ocean_post_title_bg_overlay_color":"","ocean_disable_breadcrumbs":"default","ocean_breadcrumbs_color":"","ocean_breadcrumbs_separator_color":"","ocean_breadcrumbs_links_color":"","ocean_breadcrumbs_links_hover_color":"","ocean_display_footer_widgets":"default","ocean_display_footer_bottom":"default","ocean_custom_footer_template":"0","footnotes":""},"class_list":["post-1253","page","type-page","status-publish","hentry","entry"],"uagb_featured_image_src":{"full":false,"thumbnail":false,"medium":false,"medium_large":false,"large":false,"1536x1536":false,"2048x2048":false,"ocean-thumb-m":false,"ocean-thumb-ml":false,"ocean-thumb-l":false},"uagb_author_info":{"display_name":"Markuss","author_link":"https:\/\/kolbus.lv\/?author=4"},"uagb_comment_info":0,"uagb_excerpt":"Prec\u012bzai kartona grie\u0161anai Efekt\u012bvas kartona grie\u0161anas ma\u0161\u012bnas prec\u012bz\u0101m un st\u016brain\u0101m loksn\u0113m,kas izgatavotas no pel\u0113ka kartona turpm\u0101kai apstr\u0101dei. &nbsp;PK 170 gr\u0101matu v\u0101kiem, sp\u0113\u013cu d\u0113\u013ciem, stingro kastu&nbsp;ra\u017eo\u0161anai un&nbsp;turpm\u0101kai iepakojumu&nbsp;apstr\u0101dei ar KOLBUS rievo\u0161anas ma\u0161\u012bnu un&nbsp;BOXline &nbsp;PK-PK 170 Augstas veiktsp\u0113jas grie\u0161ana un paletiz\u0113\u0161ana gr\u0101matu v\u0101kiem, sp\u0113\u013cud\u0113\u013ciem, stingriem kast\u012b\u0161u iepakojuma elementiem. Autom\u0101tisk\u0101 grie\u0161ana un paletiz\u0113\u0161ana. Lok\u0161\u0146u grie\u0161anas l\u012bnija PK-PK 171&hellip;","_links":{"self":[{"href":"https:\/\/kolbus.lv\/index.php?rest_route=\/wp\/v2\/pages\/1253","targetHints":{"allow":["GET"]}}],"collection":[{"href":"https:\/\/kolbus.lv\/index.php?rest_route=\/wp\/v2\/pages"}],"about":[{"href":"https:\/\/kolbus.lv\/index.php?rest_route=\/wp\/v2\/types\/page"}],"author":[{"embeddable":true,"href":"https:\/\/kolbus.lv\/index.php?rest_route=\/wp\/v2\/users\/4"}],"replies":[{"embeddable":true,"href":"https:\/\/kolbus.lv\/index.php?rest_route=%2Fwp%2Fv2%2Fcomments&post=1253"}],"version-history":[{"count":7,"href":"https:\/\/kolbus.lv\/index.php?rest_route=\/wp\/v2\/pages\/1253\/revisions"}],"predecessor-version":[{"id":1705,"href":"https:\/\/kolbus.lv\/index.php?rest_route=\/wp\/v2\/pages\/1253\/revisions\/1705"}],"up":[{"embeddable":true,"href":"https:\/\/kolbus.lv\/index.php?rest_route=\/wp\/v2\/pages\/533"}],"wp:attachment":[{"href":"https:\/\/kolbus.lv\/index.php?rest_route=%2Fwp%2Fv2%2Fmedia&parent=1253"}],"curies":[{"name":"wp","href":"https:\/\/api.w.org\/{rel}","templated":true}]}}