{"id":1368,"date":"2020-04-05T21:14:26","date_gmt":"2020-04-05T18:14:26","guid":{"rendered":"https:\/\/kolbus.lv\/?page_id=1368"},"modified":"2025-02-24T22:12:03","modified_gmt":"2025-02-24T19:12:03","slug":"box-motion-pro","status":"publish","type":"page","link":"https:\/\/kolbus.lv\/?page_id=1368","title":{"rendered":"Box Motion PRO"},"content":{"rendered":"\t\t<div data-elementor-type=\"wp-page\" data-elementor-id=\"1368\" class=\"elementor elementor-1368\">\n\t\t\t\t\t\t<section class=\"elementor-section elementor-top-section elementor-element elementor-element-54737c3 elementor-section-boxed elementor-section-height-default elementor-section-height-default\" data-id=\"54737c3\" data-element_type=\"section\">\n\t\t\t\t\t\t<div class=\"elementor-container elementor-column-gap-default\">\n\t\t\t\t\t<div class=\"elementor-column elementor-col-100 elementor-top-column elementor-element elementor-element-9562e48\" data-id=\"9562e48\" data-element_type=\"column\">\n\t\t\t<div class=\"elementor-widget-wrap elementor-element-populated\">\n\t\t\t\t\t\t<div class=\"elementor-element elementor-element-ccf49bc elementor-widget-divider--view-line elementor-widget elementor-widget-divider\" data-id=\"ccf49bc\" data-element_type=\"widget\" data-widget_type=\"divider.default\">\n\t\t\t\t<div class=\"elementor-widget-container\">\n\t\t\t\t\t\t\t<div class=\"elementor-divider\">\n\t\t\t<span class=\"elementor-divider-separator\">\n\t\t\t\t\t\t<\/span>\n\t\t<\/div>\n\t\t\t\t\t\t<\/div>\n\t\t\t\t<\/div>\n\t\t\t\t<div class=\"elementor-element elementor-element-9bfc3cb elementor-widget elementor-widget-text-editor\" data-id=\"9bfc3cb\" data-element_type=\"widget\" data-widget_type=\"text-editor.default\">\n\t\t\t\t<div class=\"elementor-widget-container\">\n\t\t\t\t\t\t\t\t\t<h3><span style=\"color: #333333;\"><strong>KOLBUS Autobox AB<\/strong><\/span><\/h3>\t\t\t\t\t\t\t\t<\/div>\n\t\t\t\t<\/div>\n\t\t\t\t<div class=\"elementor-element elementor-element-7c82ad4 elementor-widget-divider--view-line elementor-widget elementor-widget-divider\" data-id=\"7c82ad4\" data-element_type=\"widget\" data-widget_type=\"divider.default\">\n\t\t\t\t<div class=\"elementor-widget-container\">\n\t\t\t\t\t\t\t<div class=\"elementor-divider\">\n\t\t\t<span class=\"elementor-divider-separator\">\n\t\t\t\t\t\t<\/span>\n\t\t<\/div>\n\t\t\t\t\t\t<\/div>\n\t\t\t\t<\/div>\n\t\t\t\t<div class=\"elementor-element elementor-element-f9b59ff elementor-widget elementor-widget-text-editor\" data-id=\"f9b59ff\" data-element_type=\"widget\" data-widget_type=\"text-editor.default\">\n\t\t\t\t<div class=\"elementor-widget-container\">\n\t\t\t\t\t\t\t\t\t<p>AutoBox ir visadvenc\u0113t\u0101k\u0101 kastu veido\u0161anas ma\u0161\u012bna pieejama \u0161odien. Ja j\u016bs mekl\u0113jat piln\u012bb\u0101 piel\u0101gojamu, lietot\u0101jam draudz\u012bgu un efekt\u012bvu kastu ra\u017eo\u0161anas ma\u0161\u012bnu, tad ten ir vajadz\u012bgs AutoBox. T\u0101 pied\u0101v\u0101 vis\u0101du veidu risin\u0101jumus gan maziem un vid\u0113jiem produkciju daudzumiem, kas to padara perfektu maziem biznesiem izaugt. T\u0101 nodro\u0161ina vislab\u0101kos r\u012bkus piel\u0101go\u0161anai un elast\u012bbai, t\u0101 pat at\u013cauj izm\u0113ru mai\u0146ai &#8211; darb\u012bbu pusce\u013c\u0101.<\/p>\t\t\t\t\t\t\t\t<\/div>\n\t\t\t\t<\/div>\n\t\t\t\t<div class=\"elementor-element elementor-element-860bcc9 elementor-widget-divider--view-line elementor-widget elementor-widget-divider\" data-id=\"860bcc9\" data-element_type=\"widget\" data-widget_type=\"divider.default\">\n\t\t\t\t<div class=\"elementor-widget-container\">\n\t\t\t\t\t\t\t<div class=\"elementor-divider\">\n\t\t\t<span class=\"elementor-divider-separator\">\n\t\t\t\t\t\t<\/span>\n\t\t<\/div>\n\t\t\t\t\t\t<\/div>\n\t\t\t\t<\/div>\n\t\t\t\t<div class=\"elementor-element elementor-element-630f40c elementor-widget elementor-widget-image\" data-id=\"630f40c\" data-element_type=\"widget\" data-widget_type=\"image.default\">\n\t\t\t\t<div class=\"elementor-widget-container\">\n\t\t\t\t\t\t\t\t\t\t\t\t<figure class=\"wp-caption\">\n\t\t\t\t\t\t\t\t\t\t\t<a href=\"https:\/\/kolbus.lv\/wp-content\/uploads\/2020\/04\/Line-2019-1.jpg\" data-elementor-open-lightbox=\"yes\" data-elementor-lightbox-title=\"Line-2019\" data-e-action-hash=\"#elementor-action%3Aaction%3Dlightbox%26settings%3DeyJpZCI6MTM5OCwidXJsIjoiaHR0cHM6XC9cL2tvbGJ1cy5sdlwvd3AtY29udGVudFwvdXBsb2Fkc1wvMjAyMFwvMDRcL0xpbmUtMjAxOS0xLmpwZyJ9\">\n\t\t\t\t\t\t\t<img fetchpriority=\"high\" decoding=\"async\" width=\"1024\" height=\"576\" src=\"https:\/\/kolbus.lv\/wp-content\/uploads\/2020\/04\/Line-2019-1-1024x576.jpg\" class=\"attachment-large size-large wp-image-1398\" alt=\"\" srcset=\"https:\/\/kolbus.lv\/wp-content\/uploads\/2020\/04\/Line-2019-1-1024x576.jpg 1024w, https:\/\/kolbus.lv\/wp-content\/uploads\/2020\/04\/Line-2019-1-300x169.jpg 300w, https:\/\/kolbus.lv\/wp-content\/uploads\/2020\/04\/Line-2019-1-768x432.jpg 768w, https:\/\/kolbus.lv\/wp-content\/uploads\/2020\/04\/Line-2019-1-1536x865.jpg 1536w, https:\/\/kolbus.lv\/wp-content\/uploads\/2020\/04\/Line-2019-1-2048x1153.jpg 2048w\" sizes=\"(max-width: 1024px) 100vw, 1024px\" \/>\t\t\t\t\t\t\t\t<\/a>\n\t\t\t\t\t\t\t\t\t\t\t<figcaption class=\"widget-image-caption wp-caption-text\">KOLBUS Autobox AB iepakojuma izgatavo\u0161anas l\u012bnija<\/figcaption>\n\t\t\t\t\t\t\t\t\t\t<\/figure>\n\t\t\t\t\t\t\t\t\t<\/div>\n\t\t\t\t<\/div>\n\t\t\t\t<div class=\"elementor-element elementor-element-147bcca elementor-widget-divider--view-line elementor-widget elementor-widget-divider\" data-id=\"147bcca\" data-element_type=\"widget\" data-widget_type=\"divider.default\">\n\t\t\t\t<div class=\"elementor-widget-container\">\n\t\t\t\t\t\t\t<div class=\"elementor-divider\">\n\t\t\t<span class=\"elementor-divider-separator\">\n\t\t\t\t\t\t<\/span>\n\t\t<\/div>\n\t\t\t\t\t\t<\/div>\n\t\t\t\t<\/div>\n\t\t\t\t<div class=\"elementor-element elementor-element-aae4fda elementor-widget elementor-widget-text-editor\" data-id=\"aae4fda\" data-element_type=\"widget\" data-widget_type=\"text-editor.default\">\n\t\t\t\t<div class=\"elementor-widget-container\">\n\t\t\t\t\t\t\t\t\t<div>Par AutoBox<\/div><div>\u00a0<\/div><div><p>AutoBox izmanto servo kontroli, kas at\u013cauj ne tikai main\u012bt vienas kastes stilu cit\u0101 tikai sekund\u0113s, bet to var dar\u012bt tikai autom\u0101tiski. Visliel\u0101kie kontroles l\u012bme\u0146i un sp\u0113ja ieprogramm\u0113t ma\u0161\u012bnu tie\u0161i t\u0101, k\u0101 tu to v\u0113lies. Jusu kastes izn\u0101ks tie\u0161i t\u0101das k\u0101das jums vajag bez piep\u016bles. Procesi ir izveidoti cik mier\u012bgi un nep\u0101rtaucami, cik iesp\u0113jams.<\/p><p>Program\u0113\u0161ana var izklaus\u012bties diezgan sare\u017e\u0123\u012bta , bet visas KOLBUS AutoBox ma\u0161\u012bnas ir izveidotas dom\u0101jot par \u00a0lietot\u0101ju. T\u0101s ir izveidotas intuit\u012bvas un \u013coti viegli lietojamas, ka t\u0101m tik pat k\u0101 nevajag treni\u0146u lieto\u0161anai. Sisit\u0113mu var iem\u0101c\u012bties p\u0101ris min\u016bt\u0113s. Tas prasa tikai 60 sekundes lai iestat\u012btu ma\u0161\u012bnu, bet v\u0113l maz\u0101k lai izveidotu tavu perfekto kasti. M\u016bsu galven\u0101 priorit\u0101te &#8211; lai cilv\u0113ki ir p\u0113c iesp\u0113jas apmierin\u0101t\u0101ki : veidot \u012bpa\u0161as kastes ir viegli, tik pat viegli ir lietot servo sist\u0113mu.<\/p><\/div><div><p>Visi ma\u0161\u012bnas r\u012bki ir kontrol\u0113jami no vienk\u0101r\u0161a sk\u0101rienjut\u012bga ekr\u0101na, padarot AUTOBOX lieto\u0161anu vienk\u0101r\u0161u. R\u012bki noregul\u0113 sevi autm\u0101tiski, l\u012bdz ar to lai k\u0101da veida kastes tura\u017eosi, AutoBox t\u0101s izveidos vien\u0101 piesk\u0101rien\u0101.<\/p><\/div>\t\t\t\t\t\t\t\t<\/div>\n\t\t\t\t<\/div>\n\t\t\t\t<div class=\"elementor-element elementor-element-eb63ea3 elementor-widget-divider--view-line elementor-widget elementor-widget-divider\" data-id=\"eb63ea3\" data-element_type=\"widget\" data-widget_type=\"divider.default\">\n\t\t\t\t<div class=\"elementor-widget-container\">\n\t\t\t\t\t\t\t<div class=\"elementor-divider\">\n\t\t\t<span class=\"elementor-divider-separator\">\n\t\t\t\t\t\t<\/span>\n\t\t<\/div>\n\t\t\t\t\t\t<\/div>\n\t\t\t\t<\/div>\n\t\t\t\t<section class=\"elementor-section elementor-inner-section elementor-element elementor-element-6d62d7f elementor-section-boxed elementor-section-height-default elementor-section-height-default\" data-id=\"6d62d7f\" data-element_type=\"section\">\n\t\t\t\t\t\t<div class=\"elementor-container elementor-column-gap-default\">\n\t\t\t\t\t<div class=\"elementor-column elementor-col-33 elementor-inner-column elementor-element elementor-element-deb659e\" data-id=\"deb659e\" data-element_type=\"column\">\n\t\t\t<div class=\"elementor-widget-wrap elementor-element-populated\">\n\t\t\t\t\t\t<div class=\"elementor-element elementor-element-abe06f1 elementor-widget elementor-widget-image\" data-id=\"abe06f1\" data-element_type=\"widget\" data-widget_type=\"image.default\">\n\t\t\t\t<div class=\"elementor-widget-container\">\n\t\t\t\t\t\t\t\t\t\t\t\t<figure class=\"wp-caption\">\n\t\t\t\t\t\t\t\t\t\t\t<a href=\"https:\/\/kolbus.lv\/wp-content\/uploads\/2020\/04\/1unit.jpg\" data-elementor-open-lightbox=\"yes\" data-elementor-lightbox-title=\"1unit\" data-e-action-hash=\"#elementor-action%3Aaction%3Dlightbox%26settings%3DeyJpZCI6MTQ2NiwidXJsIjoiaHR0cHM6XC9cL2tvbGJ1cy5sdlwvd3AtY29udGVudFwvdXBsb2Fkc1wvMjAyMFwvMDRcLzF1bml0LmpwZyJ9\">\n\t\t\t\t\t\t\t<img decoding=\"async\" width=\"768\" height=\"512\" src=\"https:\/\/kolbus.lv\/wp-content\/uploads\/2020\/04\/1unit-768x512.jpg\" class=\"attachment-medium_large size-medium_large wp-image-1466\" alt=\"\" srcset=\"https:\/\/kolbus.lv\/wp-content\/uploads\/2020\/04\/1unit-768x512.jpg 768w, https:\/\/kolbus.lv\/wp-content\/uploads\/2020\/04\/1unit-300x200.jpg 300w, https:\/\/kolbus.lv\/wp-content\/uploads\/2020\/04\/1unit-1024x683.jpg 1024w, https:\/\/kolbus.lv\/wp-content\/uploads\/2020\/04\/1unit-1536x1024.jpg 1536w, https:\/\/kolbus.lv\/wp-content\/uploads\/2020\/04\/1unit.jpg 1824w\" sizes=\"(max-width: 768px) 100vw, 768px\" \/>\t\t\t\t\t\t\t\t<\/a>\n\t\t\t\t\t\t\t\t\t\t\t<figcaption class=\"widget-image-caption wp-caption-text\">KOLBUS AB<\/figcaption>\n\t\t\t\t\t\t\t\t\t\t<\/figure>\n\t\t\t\t\t\t\t\t\t<\/div>\n\t\t\t\t<\/div>\n\t\t\t\t\t<\/div>\n\t\t<\/div>\n\t\t\t\t<div class=\"elementor-column elementor-col-33 elementor-inner-column elementor-element elementor-element-bc19548\" data-id=\"bc19548\" data-element_type=\"column\">\n\t\t\t<div class=\"elementor-widget-wrap elementor-element-populated\">\n\t\t\t\t\t\t<div class=\"elementor-element elementor-element-64dae0a elementor-widget elementor-widget-image\" data-id=\"64dae0a\" data-element_type=\"widget\" data-widget_type=\"image.default\">\n\t\t\t\t<div class=\"elementor-widget-container\">\n\t\t\t\t\t\t\t\t\t\t\t\t<figure class=\"wp-caption\">\n\t\t\t\t\t\t\t\t\t\t\t<a href=\"https:\/\/kolbus.lv\/wp-content\/uploads\/2020\/04\/display.jpg\" data-elementor-open-lightbox=\"yes\" data-elementor-lightbox-title=\"display\" data-e-action-hash=\"#elementor-action%3Aaction%3Dlightbox%26settings%3DeyJpZCI6MTQ2NywidXJsIjoiaHR0cHM6XC9cL2tvbGJ1cy5sdlwvd3AtY29udGVudFwvdXBsb2Fkc1wvMjAyMFwvMDRcL2Rpc3BsYXkuanBnIn0%3D\">\n\t\t\t\t\t\t\t<img decoding=\"async\" width=\"768\" height=\"512\" src=\"https:\/\/kolbus.lv\/wp-content\/uploads\/2020\/04\/display-768x512.jpg\" class=\"attachment-medium_large size-medium_large wp-image-1467\" alt=\"\" srcset=\"https:\/\/kolbus.lv\/wp-content\/uploads\/2020\/04\/display-768x512.jpg 768w, https:\/\/kolbus.lv\/wp-content\/uploads\/2020\/04\/display-300x200.jpg 300w, https:\/\/kolbus.lv\/wp-content\/uploads\/2020\/04\/display-1024x683.jpg 1024w, https:\/\/kolbus.lv\/wp-content\/uploads\/2020\/04\/display-1536x1024.jpg 1536w, https:\/\/kolbus.lv\/wp-content\/uploads\/2020\/04\/display.jpg 1824w\" sizes=\"(max-width: 768px) 100vw, 768px\" \/>\t\t\t\t\t\t\t\t<\/a>\n\t\t\t\t\t\t\t\t\t\t\t<figcaption class=\"widget-image-caption wp-caption-text\"><\/figcaption>\n\t\t\t\t\t\t\t\t\t\t<\/figure>\n\t\t\t\t\t\t\t\t\t<\/div>\n\t\t\t\t<\/div>\n\t\t\t\t\t<\/div>\n\t\t<\/div>\n\t\t\t\t<div class=\"elementor-column elementor-col-33 elementor-inner-column elementor-element elementor-element-f924589\" data-id=\"f924589\" data-element_type=\"column\">\n\t\t\t<div class=\"elementor-widget-wrap elementor-element-populated\">\n\t\t\t\t\t\t<div class=\"elementor-element elementor-element-db9625b elementor-widget elementor-widget-image\" data-id=\"db9625b\" data-element_type=\"widget\" data-widget_type=\"image.default\">\n\t\t\t\t<div class=\"elementor-widget-container\">\n\t\t\t\t\t\t\t\t\t\t\t\t<figure class=\"wp-caption\">\n\t\t\t\t\t\t\t\t\t\t\t<a href=\"https:\/\/kolbus.lv\/wp-content\/uploads\/2020\/04\/score.jpg\" data-elementor-open-lightbox=\"yes\" data-elementor-lightbox-title=\"score\" data-e-action-hash=\"#elementor-action%3Aaction%3Dlightbox%26settings%3DeyJpZCI6MTQ2OSwidXJsIjoiaHR0cHM6XC9cL2tvbGJ1cy5sdlwvd3AtY29udGVudFwvdXBsb2Fkc1wvMjAyMFwvMDRcL3Njb3JlLmpwZyJ9\">\n\t\t\t\t\t\t\t<img loading=\"lazy\" decoding=\"async\" width=\"768\" height=\"512\" src=\"https:\/\/kolbus.lv\/wp-content\/uploads\/2020\/04\/score-768x512.jpg\" class=\"attachment-medium_large size-medium_large wp-image-1469\" alt=\"\" srcset=\"https:\/\/kolbus.lv\/wp-content\/uploads\/2020\/04\/score-768x512.jpg 768w, https:\/\/kolbus.lv\/wp-content\/uploads\/2020\/04\/score-300x200.jpg 300w, https:\/\/kolbus.lv\/wp-content\/uploads\/2020\/04\/score-1024x683.jpg 1024w, https:\/\/kolbus.lv\/wp-content\/uploads\/2020\/04\/score-1536x1024.jpg 1536w, https:\/\/kolbus.lv\/wp-content\/uploads\/2020\/04\/score.jpg 1824w\" sizes=\"(max-width: 768px) 100vw, 768px\" \/>\t\t\t\t\t\t\t\t<\/a>\n\t\t\t\t\t\t\t\t\t\t\t<figcaption class=\"widget-image-caption wp-caption-text\"><\/figcaption>\n\t\t\t\t\t\t\t\t\t\t<\/figure>\n\t\t\t\t\t\t\t\t\t<\/div>\n\t\t\t\t<\/div>\n\t\t\t\t\t<\/div>\n\t\t<\/div>\n\t\t\t\t\t<\/div>\n\t\t<\/section>\n\t\t\t\t<div class=\"elementor-element elementor-element-eae2787 elementor-widget-divider--view-line elementor-widget elementor-widget-divider\" data-id=\"eae2787\" data-element_type=\"widget\" data-widget_type=\"divider.default\">\n\t\t\t\t<div class=\"elementor-widget-container\">\n\t\t\t\t\t\t\t<div class=\"elementor-divider\">\n\t\t\t<span class=\"elementor-divider-separator\">\n\t\t\t\t\t\t<\/span>\n\t\t<\/div>\n\t\t\t\t\t\t<\/div>\n\t\t\t\t<\/div>\n\t\t\t\t<div class=\"elementor-element elementor-element-3482f48 elementor-widget elementor-widget-toggle\" data-id=\"3482f48\" data-element_type=\"widget\" data-widget_type=\"toggle.default\">\n\t\t\t\t<div class=\"elementor-widget-container\">\n\t\t\t\t\t\t\t<div class=\"elementor-toggle\">\n\t\t\t\t\t\t\t<div class=\"elementor-toggle-item\">\n\t\t\t\t\t<div id=\"elementor-tab-title-5501\" class=\"elementor-tab-title\" data-tab=\"1\" role=\"button\" aria-controls=\"elementor-tab-content-5501\" aria-expanded=\"false\">\n\t\t\t\t\t\t\t\t\t\t\t\t<span class=\"elementor-toggle-icon elementor-toggle-icon-left\" aria-hidden=\"true\">\n\t\t\t\t\t\t\t\t\t\t\t\t\t\t\t<span class=\"elementor-toggle-icon-closed\"><i class=\"fas fa-caret-right\"><\/i><\/span>\n\t\t\t\t\t\t\t\t<span class=\"elementor-toggle-icon-opened\"><i class=\"elementor-toggle-icon-opened fas fa-caret-up\"><\/i><\/span>\n\t\t\t\t\t\t\t\t\t\t\t\t\t<\/span>\n\t\t\t\t\t\t\t\t\t\t\t\t<a class=\"elementor-toggle-title\" tabindex=\"0\">P\u0101rskats<\/a>\n\t\t\t\t\t<\/div>\n\n\t\t\t\t\t<div id=\"elementor-tab-content-5501\" class=\"elementor-tab-content elementor-clearfix\" data-tab=\"1\" role=\"region\" aria-labelledby=\"elementor-tab-title-5501\"><div><strong>Autobox<\/strong> var<\/div><ul><li>Izveidoti v\u0101ir\u0101k k\u0101 100 kastu stili.<\/li><li>Ra\u017ep l\u012bdz pat 1200 kast\u0113m\/stund\u0101\u00a0<\/li><li>Izmanto 25% ener\u0123ijas no parastaj\u0101m ma\u0161\u012bn\u0101m.<\/li><li>Var piln\u012bb\u0101 visu autom\u0101tiski norugul\u0113t sk\u0101rienjut\u012bgaj\u0101 ekr\u0101n\u0101<\/li><li>Izvedo pl\u0101k\u0161\u0146u platumus no 100mm\/4&#8243; l\u012bdz pat 2600mm\/102&#8243;x bezgal\u012bgam garumam<\/li><li>Var lie tot vi\u0161ada vied kartonus un tam l\u012bdz\u012bgos materi\u0101lus k\u0101 ar\u012b dubbelt sl\u0101nito. Ja v\u0113las var ieg\u0101d\u0101ties spec\u012balu paku ka sjums nodro\u0161in\u0101s iesp\u0113ju<\/li><li>Iesp\u0113jams ar\u012b lietot ieloc\u012btu plastmasu.<\/li><\/ul><\/div>\n\t\t\t\t<\/div>\n\t\t\t\t\t\t\t<div class=\"elementor-toggle-item\">\n\t\t\t\t\t<div id=\"elementor-tab-title-5502\" class=\"elementor-tab-title\" data-tab=\"2\" role=\"button\" aria-controls=\"elementor-tab-content-5502\" aria-expanded=\"false\">\n\t\t\t\t\t\t\t\t\t\t\t\t<span class=\"elementor-toggle-icon elementor-toggle-icon-left\" aria-hidden=\"true\">\n\t\t\t\t\t\t\t\t\t\t\t\t\t\t\t<span class=\"elementor-toggle-icon-closed\"><i class=\"fas fa-caret-right\"><\/i><\/span>\n\t\t\t\t\t\t\t\t<span class=\"elementor-toggle-icon-opened\"><i class=\"elementor-toggle-icon-opened fas fa-caret-up\"><\/i><\/span>\n\t\t\t\t\t\t\t\t\t\t\t\t\t<\/span>\n\t\t\t\t\t\t\t\t\t\t\t\t<a class=\"elementor-toggle-title\" tabindex=\"0\">Kontaktpersona<\/a>\n\t\t\t\t\t<\/div>\n\n\t\t\t\t\t<div id=\"elementor-tab-content-5502\" class=\"elementor-tab-content elementor-clearfix\" data-tab=\"2\" role=\"region\" aria-labelledby=\"elementor-tab-title-5502\"><p>P\u0101rdo\u0161anas vad\u012bt\u0101js<br \/>Zandis Zvirbulis<br \/>SIA Kolbus<br \/>Tel. 27769059<br \/><a href=\"mailto:zandis@kolbus.lv\">zandis@kolbus.lv<\/a><\/p><\/div>\n\t\t\t\t<\/div>\n\t\t\t\t\t\t\t\t<\/div>\n\t\t\t\t\t\t<\/div>\n\t\t\t\t<\/div>\n\t\t\t\t\t<\/div>\n\t\t<\/div>\n\t\t\t\t\t<\/div>\n\t\t<\/section>\n\t\t\t\t<\/div>\n\t\t","protected":false},"excerpt":{"rendered":"<p>KOLBUS Autobox AB AutoBox ir visadvenc\u0113t\u0101k\u0101 kastu veido\u0161anas ma\u0161\u012bna pieejama \u0161odien. Ja j\u016bs mekl\u0113jat piln\u012bb\u0101 piel\u0101gojamu, lietot\u0101jam draudz\u012bgu un efekt\u012bvu kastu ra\u017eo\u0161anas ma\u0161\u012bnu, tad ten ir vajadz\u012bgs AutoBox. T\u0101 pied\u0101v\u0101 vis\u0101du veidu risin\u0101jumus gan maziem un vid\u0113jiem produkciju daudzumiem, kas to padara perfektu maziem biznesiem izaugt. T\u0101 nodro\u0161ina vislab\u0101kos r\u012bkus piel\u0101go\u0161anai un elast\u012bbai, t\u0101 pat [&hellip;]<\/p>\n","protected":false},"author":4,"featured_media":0,"parent":989,"menu_order":0,"comment_status":"closed","ping_status":"closed","template":"","meta":{"_uag_custom_page_level_css":"","ocean_post_layout":"full-width","ocean_both_sidebars_style":"","ocean_both_sidebars_content_width":0,"ocean_both_sidebars_sidebars_width":0,"ocean_sidebar":"0","ocean_second_sidebar":"0","ocean_disable_margins":"enable","ocean_add_body_class":"","ocean_shortcode_before_top_bar":"","ocean_shortcode_after_top_bar":"","ocean_shortcode_before_header":"","ocean_shortcode_after_header":"","ocean_has_shortcode":"","ocean_shortcode_after_title":"","ocean_shortcode_before_footer_widgets":"","ocean_shortcode_after_footer_widgets":"","ocean_shortcode_before_footer_bottom":"","ocean_shortcode_after_footer_bottom":"","ocean_display_top_bar":"default","ocean_display_header":"default","ocean_header_style":"","ocean_center_header_left_menu":"0","ocean_custom_header_template":"0","ocean_custom_logo":0,"ocean_custom_retina_logo":0,"ocean_custom_logo_max_width":0,"ocean_custom_logo_tablet_max_width":0,"ocean_custom_logo_mobile_max_width":0,"ocean_custom_logo_max_height":0,"ocean_custom_logo_tablet_max_height":0,"ocean_custom_logo_mobile_max_height":0,"ocean_header_custom_menu":"0","ocean_menu_typo_font_family":"0","ocean_menu_typo_font_subset":"","ocean_menu_typo_font_size":0,"ocean_menu_typo_font_size_tablet":0,"ocean_menu_typo_font_size_mobile":0,"ocean_menu_typo_font_size_unit":"px","ocean_menu_typo_font_weight":"","ocean_menu_typo_font_weight_tablet":"","ocean_menu_typo_font_weight_mobile":"","ocean_menu_typo_transform":"","ocean_menu_typo_transform_tablet":"","ocean_menu_typo_transform_mobile":"","ocean_menu_typo_line_height":0,"ocean_menu_typo_line_height_tablet":0,"ocean_menu_typo_line_height_mobile":0,"ocean_menu_typo_line_height_unit":"","ocean_menu_typo_spacing":0,"ocean_menu_typo_spacing_tablet":0,"ocean_menu_typo_spacing_mobile":0,"ocean_menu_typo_spacing_unit":"","ocean_menu_link_color":"","ocean_menu_link_color_hover":"","ocean_menu_link_color_active":"","ocean_menu_link_background":"","ocean_menu_link_hover_background":"","ocean_menu_link_active_background":"","ocean_menu_social_links_bg":"","ocean_menu_social_hover_links_bg":"","ocean_menu_social_links_color":"","ocean_menu_social_hover_links_color":"","ocean_disable_title":"default","ocean_disable_heading":"default","ocean_post_title":"","ocean_post_subheading":"","ocean_post_title_style":"background-image","ocean_post_title_background_color":"","ocean_post_title_background":704,"ocean_post_title_bg_image_position":"","ocean_post_title_bg_image_attachment":"","ocean_post_title_bg_image_repeat":"","ocean_post_title_bg_image_size":"","ocean_post_title_height":0,"ocean_post_title_bg_overlay":0.5,"ocean_post_title_bg_overlay_color":"","ocean_disable_breadcrumbs":"default","ocean_breadcrumbs_color":"","ocean_breadcrumbs_separator_color":"","ocean_breadcrumbs_links_color":"","ocean_breadcrumbs_links_hover_color":"","ocean_display_footer_widgets":"default","ocean_display_footer_bottom":"default","ocean_custom_footer_template":"0","footnotes":""},"class_list":["post-1368","page","type-page","status-publish","hentry","entry"],"uagb_featured_image_src":{"full":false,"thumbnail":false,"medium":false,"medium_large":false,"large":false,"1536x1536":false,"2048x2048":false,"ocean-thumb-m":false,"ocean-thumb-ml":false,"ocean-thumb-l":false},"uagb_author_info":{"display_name":"Markuss","author_link":"https:\/\/kolbus.lv\/?author=4"},"uagb_comment_info":0,"uagb_excerpt":"KOLBUS Autobox AB AutoBox ir visadvenc\u0113t\u0101k\u0101 kastu veido\u0161anas ma\u0161\u012bna pieejama \u0161odien. Ja j\u016bs mekl\u0113jat piln\u012bb\u0101 piel\u0101gojamu, lietot\u0101jam draudz\u012bgu un efekt\u012bvu kastu ra\u017eo\u0161anas ma\u0161\u012bnu, tad ten ir vajadz\u012bgs AutoBox. T\u0101 pied\u0101v\u0101 vis\u0101du veidu risin\u0101jumus gan maziem un vid\u0113jiem produkciju daudzumiem, kas to padara perfektu maziem biznesiem izaugt. T\u0101 nodro\u0161ina vislab\u0101kos r\u012bkus piel\u0101go\u0161anai un elast\u012bbai, t\u0101 pat&hellip;","_links":{"self":[{"href":"https:\/\/kolbus.lv\/index.php?rest_route=\/wp\/v2\/pages\/1368","targetHints":{"allow":["GET"]}}],"collection":[{"href":"https:\/\/kolbus.lv\/index.php?rest_route=\/wp\/v2\/pages"}],"about":[{"href":"https:\/\/kolbus.lv\/index.php?rest_route=\/wp\/v2\/types\/page"}],"author":[{"embeddable":true,"href":"https:\/\/kolbus.lv\/index.php?rest_route=\/wp\/v2\/users\/4"}],"replies":[{"embeddable":true,"href":"https:\/\/kolbus.lv\/index.php?rest_route=%2Fwp%2Fv2%2Fcomments&post=1368"}],"version-history":[{"count":20,"href":"https:\/\/kolbus.lv\/index.php?rest_route=\/wp\/v2\/pages\/1368\/revisions"}],"predecessor-version":[{"id":2029,"href":"https:\/\/kolbus.lv\/index.php?rest_route=\/wp\/v2\/pages\/1368\/revisions\/2029"}],"up":[{"embeddable":true,"href":"https:\/\/kolbus.lv\/index.php?rest_route=\/wp\/v2\/pages\/989"}],"wp:attachment":[{"href":"https:\/\/kolbus.lv\/index.php?rest_route=%2Fwp%2Fv2%2Fmedia&parent=1368"}],"curies":[{"name":"wp","href":"https:\/\/api.w.org\/{rel}","templated":true}]}}