{"id":533,"date":"2019-10-09T09:10:58","date_gmt":"2019-10-09T09:10:58","guid":{"rendered":"https:\/\/kolbus.jd.id.lv\/?page_id=533"},"modified":"2025-03-24T19:41:47","modified_gmt":"2025-03-24T16:41:47","slug":"iekartas","status":"publish","type":"page","link":"https:\/\/kolbus.lv\/?page_id=533","title":{"rendered":"Iek\u0101rtas"},"content":{"rendered":"\t\t<div data-elementor-type=\"wp-page\" data-elementor-id=\"533\" class=\"elementor elementor-533\">\n\t\t\t\t\t\t<section class=\"elementor-section elementor-top-section elementor-element elementor-element-addd1e7 elementor-section-boxed elementor-section-height-default elementor-section-height-default\" data-id=\"addd1e7\" data-element_type=\"section\">\n\t\t\t\t\t\t<div class=\"elementor-container elementor-column-gap-default\">\n\t\t\t\t\t<div class=\"elementor-column elementor-col-100 elementor-top-column elementor-element elementor-element-71f39d8\" data-id=\"71f39d8\" data-element_type=\"column\">\n\t\t\t<div class=\"elementor-widget-wrap\">\n\t\t\t\t\t\t\t<\/div>\n\t\t<\/div>\n\t\t\t\t\t<\/div>\n\t\t<\/section>\n\t\t\t\t<section class=\"elementor-section elementor-top-section elementor-element elementor-element-aaa69cb elementor-section-boxed elementor-section-height-default elementor-section-height-default\" data-id=\"aaa69cb\" data-element_type=\"section\">\n\t\t\t\t\t\t<div class=\"elementor-container elementor-column-gap-default\">\n\t\t\t\t\t<div class=\"elementor-column elementor-col-100 elementor-top-column elementor-element elementor-element-8b5df13\" data-id=\"8b5df13\" data-element_type=\"column\">\n\t\t\t<div class=\"elementor-widget-wrap elementor-element-populated\">\n\t\t\t\t\t\t<div class=\"elementor-element elementor-element-60bb108 elementor-widget elementor-widget-toggle\" data-id=\"60bb108\" data-element_type=\"widget\" data-widget_type=\"toggle.default\">\n\t\t\t\t<div class=\"elementor-widget-container\">\n\t\t\t\t\t\t\t<div class=\"elementor-toggle\">\n\t\t\t\t\t\t\t<div class=\"elementor-toggle-item\">\n\t\t\t\t\t<div id=\"elementor-tab-title-1011\" class=\"elementor-tab-title\" data-tab=\"1\" role=\"button\" aria-controls=\"elementor-tab-content-1011\" aria-expanded=\"false\">\n\t\t\t\t\t\t\t\t\t\t\t\t<span class=\"elementor-toggle-icon elementor-toggle-icon-left\" aria-hidden=\"true\">\n\t\t\t\t\t\t\t\t\t\t\t\t\t\t\t<span class=\"elementor-toggle-icon-closed\"><i class=\"fas fa-caret-right\"><\/i><\/span>\n\t\t\t\t\t\t\t\t<span class=\"elementor-toggle-icon-opened\"><i class=\"elementor-toggle-icon-opened fas fa-caret-up\"><\/i><\/span>\n\t\t\t\t\t\t\t\t\t\t\t\t\t<\/span>\n\t\t\t\t\t\t\t\t\t\t\t\t<a class=\"elementor-toggle-title\" tabindex=\"0\">V\u0101ku izgatavo\u0161as iek\u0101rtas<\/a>\n\t\t\t\t\t<\/div>\n\n\t\t\t\t\t<div id=\"elementor-tab-content-1011\" class=\"elementor-tab-content elementor-clearfix\" data-tab=\"1\" role=\"region\" aria-labelledby=\"elementor-tab-title-1011\"><p><strong>V\u0101ku izgatavo\u0161ana<\/strong><\/p><p><a href=\"https:\/\/kolbus.lv\/?page_id=804\"><b>\u2192 DA 260<\/b><\/a><br \/><a href=\"https:\/\/kolbus.lv\/?page_id=776\"><b>\u2192 DA 370<\/b><\/a><br \/><a href=\"https:\/\/kolbus.lv\/?page_id=764\"><b>\u2192\u00a0DA 280\u00a0<\/b>(100\u00a0cikli\/min)<\/a><br \/><b>\u2192 <\/b><b><a class=\"internal-link\" title=\"Opens internal link in current window\" href=\"https:\/\/kolbus.lv\/?page_id=625\">DA 290 <\/a><\/b><a class=\"internal-link\" title=\"Opens internal link in current window\" href=\"https:\/\/kolbus.lv\/iekartas\/gramatu-vaki-2\/da-290\/\">(XL izm\u0113rs)<\/a><\/p><hr \/><p class=\"bodytext\"><b>Iek\u0161puses apl\u012bm\u0113\u0161ana<\/b><\/p><p class=\"bodytext\"><b><a href=\"https:\/\/kolbus.lv\/?page_id=1001\">\u2192\u00a0SA 260<\/a><\/b><\/p><hr \/><p class=\"bodytext\"><b>Prese iespiedumam un zelt\u012b\u0161anai<\/b><\/p><p class=\"bodytext\"><b><a class=\"internal-link\" title=\"Opens internal link in current window\" href=\"https:\/\/kolbus.lv\/?page_id=1019\">\u2192\u00a0PE 312<\/a><\/b><\/p><\/div>\n\t\t\t\t<\/div>\n\t\t\t\t\t\t\t<div class=\"elementor-toggle-item\">\n\t\t\t\t\t<div id=\"elementor-tab-title-1012\" class=\"elementor-tab-title\" data-tab=\"2\" role=\"button\" aria-controls=\"elementor-tab-content-1012\" aria-expanded=\"false\">\n\t\t\t\t\t\t\t\t\t\t\t\t<span class=\"elementor-toggle-icon elementor-toggle-icon-left\" aria-hidden=\"true\">\n\t\t\t\t\t\t\t\t\t\t\t\t\t\t\t<span class=\"elementor-toggle-icon-closed\"><i class=\"fas fa-caret-right\"><\/i><\/span>\n\t\t\t\t\t\t\t\t<span class=\"elementor-toggle-icon-opened\"><i class=\"elementor-toggle-icon-opened fas fa-caret-up\"><\/i><\/span>\n\t\t\t\t\t\t\t\t\t\t\t\t\t<\/span>\n\t\t\t\t\t\t\t\t\t\t\t\t<a class=\"elementor-toggle-title\" tabindex=\"0\">Kartona grie\u0161ana<\/a>\n\t\t\t\t\t<\/div>\n\n\t\t\t\t\t<div id=\"elementor-tab-content-1012\" class=\"elementor-tab-content elementor-clearfix\" data-tab=\"2\" role=\"region\" aria-labelledby=\"elementor-tab-title-1012\"><p class=\"bodytext\"><b>Iek\u0101rtas kartona grie\u0161anai un &#8220;fr\u0113z\u0113\u0161anai&#8221;<\/b><\/p><p class=\"bodytext\"><b><a class=\"internal-link\" title=\"Opens internal link in current window\" href=\"https:\/\/kolbus.lv\/?page_id=1030\">\u2192\u00a0PK 170<\/a><\/b><\/p><p class=\"bodytext\"><b><a class=\"internal-link\" title=\"Opens internal link in current window\" href=\"https:\/\/kolbus.lv\/?page_id=1035\">\u2192\u00a0PK-PK 170<\/a><\/b><\/p><p class=\"bodytext\"><a class=\"internal-link\" title=\"Opens internal link in current window\" href=\"https:\/\/kolbus.lv\/?page_id=2113\"><b>\u2192\u00a0NM 101<\/b><\/a><\/p><p><strong>NM.H.100<\/strong><\/p><\/div>\n\t\t\t\t<\/div>\n\t\t\t\t\t\t\t<div class=\"elementor-toggle-item\">\n\t\t\t\t\t<div id=\"elementor-tab-title-1013\" class=\"elementor-tab-title\" data-tab=\"3\" role=\"button\" aria-controls=\"elementor-tab-content-1013\" aria-expanded=\"false\">\n\t\t\t\t\t\t\t\t\t\t\t\t<span class=\"elementor-toggle-icon elementor-toggle-icon-left\" aria-hidden=\"true\">\n\t\t\t\t\t\t\t\t\t\t\t\t\t\t\t<span class=\"elementor-toggle-icon-closed\"><i class=\"fas fa-caret-right\"><\/i><\/span>\n\t\t\t\t\t\t\t\t<span class=\"elementor-toggle-icon-opened\"><i class=\"elementor-toggle-icon-opened fas fa-caret-up\"><\/i><\/span>\n\t\t\t\t\t\t\t\t\t\t\t\t\t<\/span>\n\t\t\t\t\t\t\t\t\t\t\t\t<a class=\"elementor-toggle-title\" tabindex=\"0\">Luksuss iepakojums<\/a>\n\t\t\t\t\t<\/div>\n\n\t\t\t\t\t<div id=\"elementor-tab-content-1013\" class=\"elementor-tab-content elementor-clearfix\" data-tab=\"3\" role=\"region\" aria-labelledby=\"elementor-tab-title-1013\"><p><b>Kartona kastu form\u0113\u0161anas un st\u016br\u012b\u0161u \u00a0apl\u012bm\u0113\u0161anas iek\u0101rta BLT un Kast\u012b\u0161u Apl\u012bm\u0113\u0161anas iek\u0101rta ar materi\u0101lu BLW<\/b><\/p><div><p class=\"bodytext\"><b><a title=\"Opens internal link in current window\" href=\"https:\/\/kolbus.lv\/?page_id=1040\">\u2192 BLT 200<\/a><\/b><\/p><\/div><p><b><a title=\"Opens internal link in current window\" href=\"https:\/\/kolbus.lv\/?page_id=1140\">\u2192 BLW 200<\/a><\/b><\/p><div><hr \/><p class=\"bodytext\"><b>St\u016bru izcirt\u0113js un kast\u012b\u0161u izgatavo\u0161anas iek\u0101rta<\/b><\/p><div><p class=\"bodytext\"><b><a title=\"Opens internal link in current window\" href=\"https:\/\/kolbus.lv\/?page_id=1116\">\u2192 BLP-BLF500<\/a><\/b><\/p><\/div><div><hr \/><p><strong>Iek\u0101rta magn\u0113tu iestr\u0101d\u0101\u0161anai<\/strong><\/p><p class=\"bodytext\"><b><a title=\"Opens internal link in current window\" href=\"https:\/\/kolbus.lv\/?page_id=1106\">\u2192 BL.M 500<\/a><\/b><\/p><hr \/><p class=\"bodytext\"><b>Materi\u0101lu apl\u012bm\u0113\u0161anas iek\u0101rta<\/b><\/p><p class=\"bodytext\"><b><a class=\"internal-link\" title=\"Opens internal link in current window\" href=\"https:\/\/kolbus.lv\/?page_id=1001\">\u2192\u00a0SA 260<\/a><\/b><\/p><hr \/><p class=\"bodytext\"><b>Modu\u013ci<\/b><\/p><p class=\"bodytext\"><i>Lai piel\u012bm\u0113tu izcirst\u0101s, pl\u0101n\u0101s (bobst) kastes<\/i><\/p><\/div><\/div><div><p class=\"bodytext\"><b><a title=\"Opens internal link in current window\" href=\"https:\/\/kolbus.lv\/?page_id=1120\">\u2192 BLA-CP 500<\/a><\/b><\/p><p class=\"bodytext\"><i>Form\u0113to Kast\u012b\u0161u piel\u012bm\u0113\u0161anai<\/i><\/p><p class=\"bodytext\"><b><a title=\"Opens internal link in current window\" href=\"https:\/\/kolbus.lv\/?page_id=1148\">\u2192 BLA-BP+SG 500<\/a><\/b><\/p><\/div><\/div>\n\t\t\t\t<\/div>\n\t\t\t\t\t\t\t<div class=\"elementor-toggle-item\">\n\t\t\t\t\t<div id=\"elementor-tab-title-1014\" class=\"elementor-tab-title\" data-tab=\"4\" role=\"button\" aria-controls=\"elementor-tab-content-1014\" aria-expanded=\"false\">\n\t\t\t\t\t\t\t\t\t\t\t\t<span class=\"elementor-toggle-icon elementor-toggle-icon-left\" aria-hidden=\"true\">\n\t\t\t\t\t\t\t\t\t\t\t\t\t\t\t<span class=\"elementor-toggle-icon-closed\"><i class=\"fas fa-caret-right\"><\/i><\/span>\n\t\t\t\t\t\t\t\t<span class=\"elementor-toggle-icon-opened\"><i class=\"elementor-toggle-icon-opened fas fa-caret-up\"><\/i><\/span>\n\t\t\t\t\t\t\t\t\t\t\t\t\t<\/span>\n\t\t\t\t\t\t\t\t\t\t\t\t<a class=\"elementor-toggle-title\" tabindex=\"0\">Gofr\u0113tais iepakojums<\/a>\n\t\t\t\t\t<\/div>\n\n\t\t\t\t\t<div id=\"elementor-tab-content-1014\" class=\"elementor-tab-content elementor-clearfix\" data-tab=\"4\" role=\"region\" aria-labelledby=\"elementor-tab-title-1014\"><p><a href=\"https:\/\/kolbus.lv\/?page_id=1888\"><strong>\u2192Box Mo<\/strong><strong>tionPro<\/strong><\/a><b><\/b><\/p><p><a href=\"https:\/\/kolbus.lv\/?page_id=1374\"><strong>\u2192AutoBox Multinova<\/strong><\/a><\/p><\/div>\n\t\t\t\t<\/div>\n\t\t\t\t\t\t\t\t<\/div>\n\t\t\t\t\t\t<\/div>\n\t\t\t\t<\/div>\n\t\t\t\t\t<\/div>\n\t\t<\/div>\n\t\t\t\t\t<\/div>\n\t\t<\/section>\n\t\t\t\t<\/div>\n\t\t","protected":false},"excerpt":{"rendered":"<p>V\u0101ku izgatavo\u0161as iek\u0101rtas V\u0101ku izgatavo\u0161ana \u2192 DA 260\u2192 DA 370\u2192\u00a0DA 280\u00a0(100\u00a0cikli\/min)\u2192 DA 290 (XL izm\u0113rs) Iek\u0161puses apl\u012bm\u0113\u0161ana \u2192\u00a0SA 260 Prese iespiedumam un zelt\u012b\u0161anai \u2192\u00a0PE 312 Kartona grie\u0161ana Iek\u0101rtas kartona grie\u0161anai un &#8220;fr\u0113z\u0113\u0161anai&#8221; \u2192\u00a0PK 170 \u2192\u00a0PK-PK 170 \u2192\u00a0NM 101 NM.H.100 Luksuss iepakojums Kartona kastu form\u0113\u0161anas un st\u016br\u012b\u0161u \u00a0apl\u012bm\u0113\u0161anas iek\u0101rta BLT un Kast\u012b\u0161u Apl\u012bm\u0113\u0161anas iek\u0101rta ar materi\u0101lu [&hellip;]<\/p>\n","protected":false},"author":1,"featured_media":0,"parent":0,"menu_order":0,"comment_status":"closed","ping_status":"closed","template":"","meta":{"_uag_custom_page_level_css":"","ocean_post_layout":"full-width","ocean_both_sidebars_style":"","ocean_both_sidebars_content_width":0,"ocean_both_sidebars_sidebars_width":0,"ocean_sidebar":"0","ocean_second_sidebar":"0","ocean_disable_margins":"enable","ocean_add_body_class":"","ocean_shortcode_before_top_bar":"","ocean_shortcode_after_top_bar":"","ocean_shortcode_before_header":"","ocean_shortcode_after_header":"","ocean_has_shortcode":"","ocean_shortcode_after_title":"","ocean_shortcode_before_footer_widgets":"","ocean_shortcode_after_footer_widgets":"","ocean_shortcode_before_footer_bottom":"","ocean_shortcode_after_footer_bottom":"","ocean_display_top_bar":"default","ocean_display_header":"default","ocean_header_style":"","ocean_center_header_left_menu":"0","ocean_custom_header_template":"0","ocean_custom_logo":0,"ocean_custom_retina_logo":0,"ocean_custom_logo_max_width":0,"ocean_custom_logo_tablet_max_width":0,"ocean_custom_logo_mobile_max_width":0,"ocean_custom_logo_max_height":0,"ocean_custom_logo_tablet_max_height":0,"ocean_custom_logo_mobile_max_height":0,"ocean_header_custom_menu":"0","ocean_menu_typo_font_family":"0","ocean_menu_typo_font_subset":"","ocean_menu_typo_font_size":0,"ocean_menu_typo_font_size_tablet":0,"ocean_menu_typo_font_size_mobile":0,"ocean_menu_typo_font_size_unit":"px","ocean_menu_typo_font_weight":"","ocean_menu_typo_font_weight_tablet":"","ocean_menu_typo_font_weight_mobile":"","ocean_menu_typo_transform":"","ocean_menu_typo_transform_tablet":"","ocean_menu_typo_transform_mobile":"","ocean_menu_typo_line_height":0,"ocean_menu_typo_line_height_tablet":0,"ocean_menu_typo_line_height_mobile":0,"ocean_menu_typo_line_height_unit":"","ocean_menu_typo_spacing":0,"ocean_menu_typo_spacing_tablet":0,"ocean_menu_typo_spacing_mobile":0,"ocean_menu_typo_spacing_unit":"","ocean_menu_link_color":"","ocean_menu_link_color_hover":"","ocean_menu_link_color_active":"","ocean_menu_link_background":"","ocean_menu_link_hover_background":"","ocean_menu_link_active_background":"","ocean_menu_social_links_bg":"","ocean_menu_social_hover_links_bg":"","ocean_menu_social_links_color":"","ocean_menu_social_hover_links_color":"","ocean_disable_title":"default","ocean_disable_heading":"default","ocean_post_title":"","ocean_post_subheading":"","ocean_post_title_style":"background-image","ocean_post_title_background_color":"","ocean_post_title_background":407,"ocean_post_title_bg_image_position":"","ocean_post_title_bg_image_attachment":"","ocean_post_title_bg_image_repeat":"","ocean_post_title_bg_image_size":"","ocean_post_title_height":0,"ocean_post_title_bg_overlay":0.5,"ocean_post_title_bg_overlay_color":"","ocean_disable_breadcrumbs":"default","ocean_breadcrumbs_color":"","ocean_breadcrumbs_separator_color":"","ocean_breadcrumbs_links_color":"","ocean_breadcrumbs_links_hover_color":"","ocean_display_footer_widgets":"default","ocean_display_footer_bottom":"default","ocean_custom_footer_template":"0","footnotes":""},"class_list":["post-533","page","type-page","status-publish","hentry","entry"],"uagb_featured_image_src":{"full":false,"thumbnail":false,"medium":false,"medium_large":false,"large":false,"1536x1536":false,"2048x2048":false,"ocean-thumb-m":false,"ocean-thumb-ml":false,"ocean-thumb-l":false},"uagb_author_info":{"display_name":"janis.daugavins","author_link":"https:\/\/kolbus.lv\/?author=1"},"uagb_comment_info":0,"uagb_excerpt":"V\u0101ku izgatavo\u0161as iek\u0101rtas V\u0101ku izgatavo\u0161ana \u2192 DA 260\u2192 DA 370\u2192\u00a0DA 280\u00a0(100\u00a0cikli\/min)\u2192 DA 290 (XL izm\u0113rs) Iek\u0161puses apl\u012bm\u0113\u0161ana \u2192\u00a0SA 260 Prese iespiedumam un zelt\u012b\u0161anai \u2192\u00a0PE 312 Kartona grie\u0161ana Iek\u0101rtas kartona grie\u0161anai un &#8220;fr\u0113z\u0113\u0161anai&#8221; \u2192\u00a0PK 170 \u2192\u00a0PK-PK 170 \u2192\u00a0NM 101 NM.H.100 Luksuss iepakojums Kartona kastu form\u0113\u0161anas un st\u016br\u012b\u0161u \u00a0apl\u012bm\u0113\u0161anas iek\u0101rta BLT un Kast\u012b\u0161u Apl\u012bm\u0113\u0161anas iek\u0101rta ar materi\u0101lu&hellip;","_links":{"self":[{"href":"https:\/\/kolbus.lv\/index.php?rest_route=\/wp\/v2\/pages\/533","targetHints":{"allow":["GET"]}}],"collection":[{"href":"https:\/\/kolbus.lv\/index.php?rest_route=\/wp\/v2\/pages"}],"about":[{"href":"https:\/\/kolbus.lv\/index.php?rest_route=\/wp\/v2\/types\/page"}],"author":[{"embeddable":true,"href":"https:\/\/kolbus.lv\/index.php?rest_route=\/wp\/v2\/users\/1"}],"replies":[{"embeddable":true,"href":"https:\/\/kolbus.lv\/index.php?rest_route=%2Fwp%2Fv2%2Fcomments&post=533"}],"version-history":[{"count":97,"href":"https:\/\/kolbus.lv\/index.php?rest_route=\/wp\/v2\/pages\/533\/revisions"}],"predecessor-version":[{"id":2207,"href":"https:\/\/kolbus.lv\/index.php?rest_route=\/wp\/v2\/pages\/533\/revisions\/2207"}],"wp:attachment":[{"href":"https:\/\/kolbus.lv\/index.php?rest_route=%2Fwp%2Fv2%2Fmedia&parent=533"}],"curies":[{"name":"wp","href":"https:\/\/api.w.org\/{rel}","templated":true}]}}