{"id":776,"date":"2019-10-14T09:55:18","date_gmt":"2019-10-14T09:55:18","guid":{"rendered":"https:\/\/kolbus.jd.id.lv\/?page_id=776"},"modified":"2025-02-27T23:57:33","modified_gmt":"2025-02-27T20:57:33","slug":"da-370","status":"publish","type":"page","link":"https:\/\/kolbus.lv\/?page_id=776","title":{"rendered":"DA 370"},"content":{"rendered":"\t\t<div data-elementor-type=\"wp-page\" data-elementor-id=\"776\" class=\"elementor elementor-776\">\n\t\t\t\t\t\t<section class=\"elementor-section elementor-top-section elementor-element elementor-element-54737c3 elementor-section-boxed elementor-section-height-default elementor-section-height-default\" data-id=\"54737c3\" data-element_type=\"section\">\n\t\t\t\t\t\t<div class=\"elementor-container elementor-column-gap-default\">\n\t\t\t\t\t<div class=\"elementor-column elementor-col-100 elementor-top-column elementor-element elementor-element-9562e48\" data-id=\"9562e48\" data-element_type=\"column\">\n\t\t\t<div class=\"elementor-widget-wrap elementor-element-populated\">\n\t\t\t\t\t\t<div class=\"elementor-element elementor-element-ccf49bc elementor-widget-divider--view-line elementor-widget elementor-widget-divider\" data-id=\"ccf49bc\" data-element_type=\"widget\" data-widget_type=\"divider.default\">\n\t\t\t\t<div class=\"elementor-widget-container\">\n\t\t\t\t\t\t\t<div class=\"elementor-divider\">\n\t\t\t<span class=\"elementor-divider-separator\">\n\t\t\t\t\t\t<\/span>\n\t\t<\/div>\n\t\t\t\t\t\t<\/div>\n\t\t\t\t<\/div>\n\t\t\t\t<div class=\"elementor-element elementor-element-9bfc3cb elementor-widget elementor-widget-text-editor\" data-id=\"9bfc3cb\" data-element_type=\"widget\" data-widget_type=\"text-editor.default\">\n\t\t\t\t<div class=\"elementor-widget-container\">\n\t\t\t\t\t\t\t\t\t<h3><span style=\"color: #333333;\"><strong>V\u0101ku izgatavo\u0161anas Iek\u0101rta DA 370<\/strong><\/span><\/h3>\t\t\t\t\t\t\t\t<\/div>\n\t\t\t\t<\/div>\n\t\t\t\t<div class=\"elementor-element elementor-element-7c82ad4 elementor-widget-divider--view-line elementor-widget elementor-widget-divider\" data-id=\"7c82ad4\" data-element_type=\"widget\" data-widget_type=\"divider.default\">\n\t\t\t\t<div class=\"elementor-widget-container\">\n\t\t\t\t\t\t\t<div class=\"elementor-divider\">\n\t\t\t<span class=\"elementor-divider-separator\">\n\t\t\t\t\t\t<\/span>\n\t\t<\/div>\n\t\t\t\t\t\t<\/div>\n\t\t\t\t<\/div>\n\t\t\t\t<div class=\"elementor-element elementor-element-f9b59ff elementor-widget elementor-widget-text-editor\" data-id=\"f9b59ff\" data-element_type=\"widget\" data-widget_type=\"text-editor.default\">\n\t\t\t\t<div class=\"elementor-widget-container\">\n\t\t\t\t\t\t\t\t\t<p>Piln\u012bgi autom\u0101tiskai gr\u0101matu v\u0101ku, mapju, displeju, kaland\u0101ru pamat\u0146u, sp\u0113\u013cu (no kartona) ra\u017eo\u0161anai ar \u0101trumu l\u012bdz 65 cikli\/min\u016bt\u0113.<\/p>\t\t\t\t\t\t\t\t<\/div>\n\t\t\t\t<\/div>\n\t\t\t\t<div class=\"elementor-element elementor-element-860bcc9 elementor-widget-divider--view-line elementor-widget elementor-widget-divider\" data-id=\"860bcc9\" data-element_type=\"widget\" data-widget_type=\"divider.default\">\n\t\t\t\t<div class=\"elementor-widget-container\">\n\t\t\t\t\t\t\t<div class=\"elementor-divider\">\n\t\t\t<span class=\"elementor-divider-separator\">\n\t\t\t\t\t\t<\/span>\n\t\t<\/div>\n\t\t\t\t\t\t<\/div>\n\t\t\t\t<\/div>\n\t\t\t\t<div class=\"elementor-element elementor-element-630f40c elementor-widget elementor-widget-image\" data-id=\"630f40c\" data-element_type=\"widget\" data-widget_type=\"image.default\">\n\t\t\t\t<div class=\"elementor-widget-container\">\n\t\t\t\t\t\t\t\t\t\t\t\t<figure class=\"wp-caption\">\n\t\t\t\t\t\t\t\t\t\t\t<a href=\"https:\/\/kolbus.lv\/wp-content\/uploads\/2025\/02\/DA370_ines-ares_right.png\" data-elementor-open-lightbox=\"yes\" data-elementor-lightbox-title=\"DA370_ines-ares_right\" data-e-action-hash=\"#elementor-action%3Aaction%3Dlightbox%26settings%3DeyJpZCI6MjA4MywidXJsIjoiaHR0cHM6XC9cL2tvbGJ1cy5sdlwvd3AtY29udGVudFwvdXBsb2Fkc1wvMjAyNVwvMDJcL0RBMzcwX2luZXMtYXJlc19yaWdodC5wbmcifQ%3D%3D\">\n\t\t\t\t\t\t\t<img fetchpriority=\"high\" decoding=\"async\" width=\"1024\" height=\"724\" src=\"https:\/\/kolbus.lv\/wp-content\/uploads\/2025\/02\/DA370_ines-ares_right-1024x724.png\" class=\"attachment-large size-large wp-image-2083\" alt=\"\" srcset=\"https:\/\/kolbus.lv\/wp-content\/uploads\/2025\/02\/DA370_ines-ares_right-1024x724.png 1024w, https:\/\/kolbus.lv\/wp-content\/uploads\/2025\/02\/DA370_ines-ares_right-300x212.png 300w, https:\/\/kolbus.lv\/wp-content\/uploads\/2025\/02\/DA370_ines-ares_right-768x543.png 768w, https:\/\/kolbus.lv\/wp-content\/uploads\/2025\/02\/DA370_ines-ares_right-1536x1086.png 1536w, https:\/\/kolbus.lv\/wp-content\/uploads\/2025\/02\/DA370_ines-ares_right.png 1697w\" sizes=\"(max-width: 1024px) 100vw, 1024px\" \/>\t\t\t\t\t\t\t\t<\/a>\n\t\t\t\t\t\t\t\t\t\t\t<figcaption class=\"widget-image-caption wp-caption-text\">V\u0101ku izgatavo\u0161anas Iek\u0101rta DA 270<\/figcaption>\n\t\t\t\t\t\t\t\t\t\t<\/figure>\n\t\t\t\t\t\t\t\t\t<\/div>\n\t\t\t\t<\/div>\n\t\t\t\t<div class=\"elementor-element elementor-element-147bcca elementor-widget-divider--view-line elementor-widget elementor-widget-divider\" data-id=\"147bcca\" data-element_type=\"widget\" data-widget_type=\"divider.default\">\n\t\t\t\t<div class=\"elementor-widget-container\">\n\t\t\t\t\t\t\t<div class=\"elementor-divider\">\n\t\t\t<span class=\"elementor-divider-separator\">\n\t\t\t\t\t\t<\/span>\n\t\t<\/div>\n\t\t\t\t\t\t<\/div>\n\t\t\t\t<\/div>\n\t\t\t\t<div class=\"elementor-element elementor-element-aae4fda elementor-widget elementor-widget-text-editor\" data-id=\"aae4fda\" data-element_type=\"widget\" data-widget_type=\"text-editor.default\">\n\t\t\t\t<div class=\"elementor-widget-container\">\n\t\t\t\t\t\t\t\t\t<p><span style=\"color: #333333;\"><strong>Ieguvumi<\/strong><\/span><\/p><p>DA 370 ir univers\u0101la v\u0101ku izgatavojam\u0101 iek\u0101rta pla\u0161am pielietojumam. Iek\u0101rta ar t\u0101s past\u0101v\u012bgo materi\u0101la padevi ir konstru\u0113ta t\u0101, lai t\u0101 b\u016btu ergonomiska un lai to var\u0113tu viegli vad\u012bt viens operators.<\/p><p><span style=\"color: #333333;\"><strong>Iesp\u0113jas<\/strong><\/span><\/p><p>Integr\u0113t materi\u0101la st\u016bru apcir\u0161anas sekciju, t.sk. apr\u012bkojumu v\u0101ku ar noapa\u013cotiem st\u016briem ra\u017eo\u0161anu.<\/p>\t\t\t\t\t\t\t\t<\/div>\n\t\t\t\t<\/div>\n\t\t\t\t<div class=\"elementor-element elementor-element-eb63ea3 elementor-widget-divider--view-line elementor-widget elementor-widget-divider\" data-id=\"eb63ea3\" data-element_type=\"widget\" data-widget_type=\"divider.default\">\n\t\t\t\t<div class=\"elementor-widget-container\">\n\t\t\t\t\t\t\t<div class=\"elementor-divider\">\n\t\t\t<span class=\"elementor-divider-separator\">\n\t\t\t\t\t\t<\/span>\n\t\t<\/div>\n\t\t\t\t\t\t<\/div>\n\t\t\t\t<\/div>\n\t\t\t\t<section class=\"elementor-section elementor-inner-section elementor-element elementor-element-6d62d7f elementor-section-boxed elementor-section-height-default elementor-section-height-default\" data-id=\"6d62d7f\" data-element_type=\"section\">\n\t\t\t\t\t\t<div class=\"elementor-container elementor-column-gap-default\">\n\t\t\t\t\t<div class=\"elementor-column elementor-col-50 elementor-inner-column elementor-element elementor-element-deb659e\" data-id=\"deb659e\" data-element_type=\"column\">\n\t\t\t<div class=\"elementor-widget-wrap elementor-element-populated\">\n\t\t\t\t\t\t<div class=\"elementor-element elementor-element-abe06f1 elementor-widget elementor-widget-image\" data-id=\"abe06f1\" data-element_type=\"widget\" data-widget_type=\"image.default\">\n\t\t\t\t<div class=\"elementor-widget-container\">\n\t\t\t\t\t\t\t\t\t\t\t\t<figure class=\"wp-caption\">\n\t\t\t\t\t\t\t\t\t\t\t<a href=\"https:\/\/kolbus.jd.id.lv\/wp-content\/uploads\/2019\/10\/csm_da270-deckenautomatINES-kolbus_b078ad6bfc.jpg\" data-elementor-open-lightbox=\"yes\" data-elementor-lightbox-title=\"Integr\u0113ta sekcija materi\u0101la st\u016bru apcir\u0161anai 45\u00b0\" data-elementor-lightbox-description=\"Integr\u0113ta sekcija materi\u0101la st\u016bru apcir\u0161anai 45\u00b0\" data-e-action-hash=\"#elementor-action%3Aaction%3Dlightbox%26settings%3DeyJpZCI6NzgwLCJ1cmwiOiJodHRwczpcL1wva29sYnVzLmx2XC93cC1jb250ZW50XC91cGxvYWRzXC8yMDE5XC8xMFwvY3NtX2RhMjcwLWRlY2tlbmF1dG9tYXRJTkVTLWtvbGJ1c19iMDc4YWQ2YmZjLmpwZyJ9\">\n\t\t\t\t\t\t\t<img decoding=\"async\" width=\"475\" height=\"357\" src=\"https:\/\/kolbus.lv\/wp-content\/uploads\/2019\/10\/csm_da270-deckenautomatINES-kolbus_b078ad6bfc.jpg\" class=\"attachment-medium_large size-medium_large wp-image-780\" alt=\"Integr\u0113ta sekcija materi\u0101la st\u016bru apcir\u0161anai 45\u00b0\" srcset=\"https:\/\/kolbus.lv\/wp-content\/uploads\/2019\/10\/csm_da270-deckenautomatINES-kolbus_b078ad6bfc.jpg 475w, https:\/\/kolbus.lv\/wp-content\/uploads\/2019\/10\/csm_da270-deckenautomatINES-kolbus_b078ad6bfc-300x225.jpg 300w\" sizes=\"(max-width: 475px) 100vw, 475px\" \/>\t\t\t\t\t\t\t\t<\/a>\n\t\t\t\t\t\t\t\t\t\t\t<figcaption class=\"widget-image-caption wp-caption-text\">Integr\u0113ta sekcija materi\u0101la st\u016bru apcir\u0161anai 45\u00b0<\/figcaption>\n\t\t\t\t\t\t\t\t\t\t<\/figure>\n\t\t\t\t\t\t\t\t\t<\/div>\n\t\t\t\t<\/div>\n\t\t\t\t\t<\/div>\n\t\t<\/div>\n\t\t\t\t<div class=\"elementor-column elementor-col-50 elementor-inner-column elementor-element elementor-element-f924589\" data-id=\"f924589\" data-element_type=\"column\">\n\t\t\t<div class=\"elementor-widget-wrap elementor-element-populated\">\n\t\t\t\t\t\t<div class=\"elementor-element elementor-element-db9625b elementor-widget elementor-widget-image\" data-id=\"db9625b\" data-element_type=\"widget\" data-widget_type=\"image.default\">\n\t\t\t\t<div class=\"elementor-widget-container\">\n\t\t\t\t\t\t\t\t\t\t\t\t<figure class=\"wp-caption\">\n\t\t\t\t\t\t\t\t\t\t\t<a href=\"https:\/\/kolbus.jd.id.lv\/wp-content\/uploads\/2019\/10\/csm_da270-deckenautomatINES-rundecken-kolbus_9947c69b22.jpg\" data-elementor-open-lightbox=\"yes\" data-elementor-lightbox-title=\"Apr\u012bkojums v\u0101kiem ar noapa\u013cotiem st\u016briem\" data-e-action-hash=\"#elementor-action%3Aaction%3Dlightbox%26settings%3DeyJpZCI6NzgzLCJ1cmwiOiJodHRwczpcL1wva29sYnVzLmx2XC93cC1jb250ZW50XC91cGxvYWRzXC8yMDE5XC8xMFwvY3NtX2RhMjcwLWRlY2tlbmF1dG9tYXRJTkVTLXJ1bmRlY2tlbi1rb2xidXNfOTk0N2M2OWIyMi5qcGcifQ%3D%3D\">\n\t\t\t\t\t\t\t<img decoding=\"async\" width=\"475\" height=\"357\" src=\"https:\/\/kolbus.lv\/wp-content\/uploads\/2019\/10\/csm_da270-deckenautomatINES-rundecken-kolbus_9947c69b22.jpg\" class=\"attachment-medium_large size-medium_large wp-image-783\" alt=\"\" srcset=\"https:\/\/kolbus.lv\/wp-content\/uploads\/2019\/10\/csm_da270-deckenautomatINES-rundecken-kolbus_9947c69b22.jpg 475w, https:\/\/kolbus.lv\/wp-content\/uploads\/2019\/10\/csm_da270-deckenautomatINES-rundecken-kolbus_9947c69b22-300x225.jpg 300w\" sizes=\"(max-width: 475px) 100vw, 475px\" \/>\t\t\t\t\t\t\t\t<\/a>\n\t\t\t\t\t\t\t\t\t\t\t<figcaption class=\"widget-image-caption wp-caption-text\">Apr\u012bkojums v\u0101kiem ar noapa\u013cotiem st\u016briem<\/figcaption>\n\t\t\t\t\t\t\t\t\t\t<\/figure>\n\t\t\t\t\t\t\t\t\t<\/div>\n\t\t\t\t<\/div>\n\t\t\t\t\t<\/div>\n\t\t<\/div>\n\t\t\t\t\t<\/div>\n\t\t<\/section>\n\t\t\t\t<section class=\"elementor-section elementor-inner-section elementor-element elementor-element-1e2a1f6 elementor-section-boxed elementor-section-height-default elementor-section-height-default\" data-id=\"1e2a1f6\" data-element_type=\"section\">\n\t\t\t\t\t\t<div class=\"elementor-container elementor-column-gap-default\">\n\t\t\t\t\t<div class=\"elementor-column elementor-col-50 elementor-inner-column elementor-element elementor-element-2dcff6f\" data-id=\"2dcff6f\" data-element_type=\"column\">\n\t\t\t<div class=\"elementor-widget-wrap elementor-element-populated\">\n\t\t\t\t\t\t<div class=\"elementor-element elementor-element-be6e711 elementor-widget elementor-widget-image\" data-id=\"be6e711\" data-element_type=\"widget\" data-widget_type=\"image.default\">\n\t\t\t\t<div class=\"elementor-widget-container\">\n\t\t\t\t\t\t\t\t\t\t\t\t<figure class=\"wp-caption\">\n\t\t\t\t\t\t\t\t\t\t\t<a href=\"https:\/\/kolbus.jd.id.lv\/wp-content\/uploads\/2019\/10\/csm_da270-handling-matrizenwechsel-kolbus_c9d32f16b1.jpg\" data-elementor-open-lightbox=\"yes\" data-elementor-lightbox-title=\"Vienk\u0101r\u0161a darba pierikte, pie izvilktas l\u012bmes sekcijas\" data-elementor-lightbox-description=\"Vienk\u0101r\u0161a darba pierikte, pie izvilktas l\u012bmes sekcijas\" data-e-action-hash=\"#elementor-action%3Aaction%3Dlightbox%26settings%3DeyJpZCI6Nzg0LCJ1cmwiOiJodHRwczpcL1wva29sYnVzLmx2XC93cC1jb250ZW50XC91cGxvYWRzXC8yMDE5XC8xMFwvY3NtX2RhMjcwLWhhbmRsaW5nLW1hdHJpemVud2VjaHNlbC1rb2xidXNfYzlkMzJmMTZiMS5qcGcifQ%3D%3D\">\n\t\t\t\t\t\t\t<img loading=\"lazy\" decoding=\"async\" width=\"475\" height=\"357\" src=\"https:\/\/kolbus.lv\/wp-content\/uploads\/2019\/10\/csm_da270-handling-matrizenwechsel-kolbus_c9d32f16b1.jpg\" class=\"attachment-medium_large size-medium_large wp-image-784\" alt=\"Vienk\u0101r\u0161a darba pierikte, pie izvilktas l\u012bmes sekcijas\" srcset=\"https:\/\/kolbus.lv\/wp-content\/uploads\/2019\/10\/csm_da270-handling-matrizenwechsel-kolbus_c9d32f16b1.jpg 475w, https:\/\/kolbus.lv\/wp-content\/uploads\/2019\/10\/csm_da270-handling-matrizenwechsel-kolbus_c9d32f16b1-300x225.jpg 300w\" sizes=\"(max-width: 475px) 100vw, 475px\" \/>\t\t\t\t\t\t\t\t<\/a>\n\t\t\t\t\t\t\t\t\t\t\t<figcaption class=\"widget-image-caption wp-caption-text\">Vienk\u0101r\u0161a darba pierikte, pie izvilktas l\u012bmes sekcijas<\/figcaption>\n\t\t\t\t\t\t\t\t\t\t<\/figure>\n\t\t\t\t\t\t\t\t\t<\/div>\n\t\t\t\t<\/div>\n\t\t\t\t\t<\/div>\n\t\t<\/div>\n\t\t\t\t<div class=\"elementor-column elementor-col-50 elementor-inner-column elementor-element elementor-element-d840fc9\" data-id=\"d840fc9\" data-element_type=\"column\">\n\t\t\t<div class=\"elementor-widget-wrap elementor-element-populated\">\n\t\t\t\t\t\t<div class=\"elementor-element elementor-element-b55279a elementor-widget elementor-widget-image\" data-id=\"b55279a\" data-element_type=\"widget\" data-widget_type=\"image.default\">\n\t\t\t\t<div class=\"elementor-widget-container\">\n\t\t\t\t\t\t\t\t\t\t\t\t<figure class=\"wp-caption\">\n\t\t\t\t\t\t\t\t\t\t\t<a href=\"https:\/\/kolbus.lv\/wp-content\/uploads\/2025\/02\/DA-370-Digital-43.jpg\" data-elementor-open-lightbox=\"yes\" data-elementor-lightbox-title=\"DA-370-Digital-43\" data-e-action-hash=\"#elementor-action%3Aaction%3Dlightbox%26settings%3DeyJpZCI6MjA4NSwidXJsIjoiaHR0cHM6XC9cL2tvbGJ1cy5sdlwvd3AtY29udGVudFwvdXBsb2Fkc1wvMjAyNVwvMDJcL0RBLTM3MC1EaWdpdGFsLTQzLmpwZyJ9\">\n\t\t\t\t\t\t\t<img loading=\"lazy\" decoding=\"async\" width=\"768\" height=\"503\" src=\"https:\/\/kolbus.lv\/wp-content\/uploads\/2025\/02\/DA-370-Digital-43-768x503.jpg\" class=\"attachment-medium_large size-medium_large wp-image-2085\" alt=\"\" srcset=\"https:\/\/kolbus.lv\/wp-content\/uploads\/2025\/02\/DA-370-Digital-43-768x503.jpg 768w, https:\/\/kolbus.lv\/wp-content\/uploads\/2025\/02\/DA-370-Digital-43-300x196.jpg 300w, https:\/\/kolbus.lv\/wp-content\/uploads\/2025\/02\/DA-370-Digital-43-1024x670.jpg 1024w, https:\/\/kolbus.lv\/wp-content\/uploads\/2025\/02\/DA-370-Digital-43-1536x1005.jpg 1536w, https:\/\/kolbus.lv\/wp-content\/uploads\/2025\/02\/DA-370-Digital-43.jpg 1800w\" sizes=\"(max-width: 768px) 100vw, 768px\" \/>\t\t\t\t\t\t\t\t<\/a>\n\t\t\t\t\t\t\t\t\t\t\t<figcaption class=\"widget-image-caption wp-caption-text\">               Plan\u0161ete on-line servisa piesl\u0113gumam un digit\u0101lai versijai, sist\u0113ma darbu iel\u0101dei iek\u0101rt\u0101 <\/figcaption>\n\t\t\t\t\t\t\t\t\t\t<\/figure>\n\t\t\t\t\t\t\t\t\t<\/div>\n\t\t\t\t<\/div>\n\t\t\t\t\t<\/div>\n\t\t<\/div>\n\t\t\t\t\t<\/div>\n\t\t<\/section>\n\t\t\t\t<div class=\"elementor-element elementor-element-eae2787 elementor-widget-divider--view-line elementor-widget elementor-widget-divider\" data-id=\"eae2787\" data-element_type=\"widget\" data-widget_type=\"divider.default\">\n\t\t\t\t<div class=\"elementor-widget-container\">\n\t\t\t\t\t\t\t<div class=\"elementor-divider\">\n\t\t\t<span class=\"elementor-divider-separator\">\n\t\t\t\t\t\t<\/span>\n\t\t<\/div>\n\t\t\t\t\t\t<\/div>\n\t\t\t\t<\/div>\n\t\t\t\t<div class=\"elementor-element elementor-element-3482f48 elementor-widget elementor-widget-toggle\" data-id=\"3482f48\" data-element_type=\"widget\" data-widget_type=\"toggle.default\">\n\t\t\t\t<div class=\"elementor-widget-container\">\n\t\t\t\t\t\t\t<div class=\"elementor-toggle\">\n\t\t\t\t\t\t\t<div class=\"elementor-toggle-item\">\n\t\t\t\t\t<div id=\"elementor-tab-title-5501\" class=\"elementor-tab-title\" data-tab=\"1\" role=\"button\" aria-controls=\"elementor-tab-content-5501\" aria-expanded=\"false\">\n\t\t\t\t\t\t\t\t\t\t\t\t<span class=\"elementor-toggle-icon elementor-toggle-icon-left\" aria-hidden=\"true\">\n\t\t\t\t\t\t\t\t\t\t\t\t\t\t\t<span class=\"elementor-toggle-icon-closed\"><i class=\"fas fa-caret-right\"><\/i><\/span>\n\t\t\t\t\t\t\t\t<span class=\"elementor-toggle-icon-opened\"><i class=\"elementor-toggle-icon-opened fas fa-caret-up\"><\/i><\/span>\n\t\t\t\t\t\t\t\t\t\t\t\t\t<\/span>\n\t\t\t\t\t\t\t\t\t\t\t\t<a class=\"elementor-toggle-title\" tabindex=\"0\">Tehniskie dati<\/a>\n\t\t\t\t\t<\/div>\n\n\t\t\t\t\t<div id=\"elementor-tab-content-5501\" class=\"elementor-tab-content elementor-clearfix\" data-tab=\"1\" role=\"region\" aria-labelledby=\"elementor-tab-title-5501\"><p><strong>V\u0101ks<\/strong> \u2013 izm\u0113ru amplit\u016bda atv\u0113rtam v\u0101kam (platums x augstums)<br \/>min. 205 x 140 mm<br \/>maks. 670 x 390 mm<\/p><hr style=\"margin-bottom: 25px;\" \/><p><strong>V\u0101ka materi\u0101ls<\/strong><br \/>platums 708 &#8211; 223 mm<br \/>augstums 428 &#8211; 130 mm<\/p><hr style=\"margin-bottom: 25px;\" \/><p><strong>Kartons<\/strong><br \/>Biezums 1- 4 mm<br \/>Platums 328 &#8211; 95 mm<br \/>Augstums 390 &#8211; 140 mm<\/p><hr style=\"margin-bottom: 25px;\" \/><p><strong>Meh\u0101niskkais \u0101trums<\/strong><br \/>l\u012bdz 65 cikliem \/ min\u016bt\u0113<br \/>darba ra\u017e\u012bgums ir atkar\u012bgs no izm\u0113riem, materi\u0101liem (ar\u012b no t\u0101 cik kvalitat\u012bvi tie ir sagatavoti un no darba vides)<\/p><\/div>\n\t\t\t\t<\/div>\n\t\t\t\t\t\t\t<div class=\"elementor-toggle-item\">\n\t\t\t\t\t<div id=\"elementor-tab-title-5502\" class=\"elementor-tab-title\" data-tab=\"2\" role=\"button\" aria-controls=\"elementor-tab-content-5502\" aria-expanded=\"false\">\n\t\t\t\t\t\t\t\t\t\t\t\t<span class=\"elementor-toggle-icon elementor-toggle-icon-left\" aria-hidden=\"true\">\n\t\t\t\t\t\t\t\t\t\t\t\t\t\t\t<span class=\"elementor-toggle-icon-closed\"><i class=\"fas fa-caret-right\"><\/i><\/span>\n\t\t\t\t\t\t\t\t<span class=\"elementor-toggle-icon-opened\"><i class=\"elementor-toggle-icon-opened fas fa-caret-up\"><\/i><\/span>\n\t\t\t\t\t\t\t\t\t\t\t\t\t<\/span>\n\t\t\t\t\t\t\t\t\t\t\t\t<a class=\"elementor-toggle-title\" tabindex=\"0\">Kontaktpersona<\/a>\n\t\t\t\t\t<\/div>\n\n\t\t\t\t\t<div id=\"elementor-tab-content-5502\" class=\"elementor-tab-content elementor-clearfix\" data-tab=\"2\" role=\"region\" aria-labelledby=\"elementor-tab-title-5502\"><p><img loading=\"lazy\" decoding=\"async\" class=\"alignnone wp-image-733 size-thumbnail\" src=\"https:\/\/kolbus.jd.id.lv\/wp-content\/uploads\/2019\/10\/IMG_9220-150x150.jpg\" alt=\"\" width=\"150\" height=\"150\" \/><\/p><p>P\u0101rdo\u0161anas vad\u012bt\u0101js<br \/>Zandis Zvirbulis<br \/>SIA Kolbus<br \/>Tel. 27769059<br \/><a href=\"mailto:zandis@kolbus.lv\">zandis@kolbus.lv<\/a><\/p><\/div>\n\t\t\t\t<\/div>\n\t\t\t\t\t\t\t\t<\/div>\n\t\t\t\t\t\t<\/div>\n\t\t\t\t<\/div>\n\t\t\t\t\t<\/div>\n\t\t<\/div>\n\t\t\t\t\t<\/div>\n\t\t<\/section>\n\t\t\t\t<\/div>\n\t\t","protected":false},"excerpt":{"rendered":"<p>V\u0101ku izgatavo\u0161anas Iek\u0101rta DA 370 Piln\u012bgi autom\u0101tiskai gr\u0101matu v\u0101ku, mapju, displeju, kaland\u0101ru pamat\u0146u, sp\u0113\u013cu (no kartona) ra\u017eo\u0161anai ar \u0101trumu l\u012bdz 65 cikli\/min\u016bt\u0113. V\u0101ku izgatavo\u0161anas Iek\u0101rta DA 270 Ieguvumi DA 370 ir univers\u0101la v\u0101ku izgatavojam\u0101 iek\u0101rta pla\u0161am pielietojumam. Iek\u0101rta ar t\u0101s past\u0101v\u012bgo materi\u0101la padevi ir konstru\u0113ta t\u0101, lai t\u0101 b\u016btu ergonomiska un lai to var\u0113tu viegli [&hellip;]<\/p>\n","protected":false},"author":1,"featured_media":0,"parent":989,"menu_order":0,"comment_status":"closed","ping_status":"closed","template":"","meta":{"_uag_custom_page_level_css":"","ocean_post_layout":"full-width","ocean_both_sidebars_style":"","ocean_both_sidebars_content_width":0,"ocean_both_sidebars_sidebars_width":0,"ocean_sidebar":"0","ocean_second_sidebar":"0","ocean_disable_margins":"enable","ocean_add_body_class":"","ocean_shortcode_before_top_bar":"","ocean_shortcode_after_top_bar":"","ocean_shortcode_before_header":"","ocean_shortcode_after_header":"","ocean_has_shortcode":"","ocean_shortcode_after_title":"","ocean_shortcode_before_footer_widgets":"","ocean_shortcode_after_footer_widgets":"","ocean_shortcode_before_footer_bottom":"","ocean_shortcode_after_footer_bottom":"","ocean_display_top_bar":"default","ocean_display_header":"default","ocean_header_style":"","ocean_center_header_left_menu":"0","ocean_custom_header_template":"0","ocean_custom_logo":0,"ocean_custom_retina_logo":0,"ocean_custom_logo_max_width":0,"ocean_custom_logo_tablet_max_width":0,"ocean_custom_logo_mobile_max_width":0,"ocean_custom_logo_max_height":0,"ocean_custom_logo_tablet_max_height":0,"ocean_custom_logo_mobile_max_height":0,"ocean_header_custom_menu":"0","ocean_menu_typo_font_family":"0","ocean_menu_typo_font_subset":"","ocean_menu_typo_font_size":0,"ocean_menu_typo_font_size_tablet":0,"ocean_menu_typo_font_size_mobile":0,"ocean_menu_typo_font_size_unit":"px","ocean_menu_typo_font_weight":"","ocean_menu_typo_font_weight_tablet":"","ocean_menu_typo_font_weight_mobile":"","ocean_menu_typo_transform":"","ocean_menu_typo_transform_tablet":"","ocean_menu_typo_transform_mobile":"","ocean_menu_typo_line_height":0,"ocean_menu_typo_line_height_tablet":0,"ocean_menu_typo_line_height_mobile":0,"ocean_menu_typo_line_height_unit":"","ocean_menu_typo_spacing":0,"ocean_menu_typo_spacing_tablet":0,"ocean_menu_typo_spacing_mobile":0,"ocean_menu_typo_spacing_unit":"","ocean_menu_link_color":"","ocean_menu_link_color_hover":"","ocean_menu_link_color_active":"","ocean_menu_link_background":"","ocean_menu_link_hover_background":"","ocean_menu_link_active_background":"","ocean_menu_social_links_bg":"","ocean_menu_social_hover_links_bg":"","ocean_menu_social_links_color":"","ocean_menu_social_hover_links_color":"","ocean_disable_title":"default","ocean_disable_heading":"default","ocean_post_title":"","ocean_post_subheading":"","ocean_post_title_style":"background-image","ocean_post_title_background_color":"","ocean_post_title_background":704,"ocean_post_title_bg_image_position":"","ocean_post_title_bg_image_attachment":"","ocean_post_title_bg_image_repeat":"","ocean_post_title_bg_image_size":"","ocean_post_title_height":0,"ocean_post_title_bg_overlay":0.5,"ocean_post_title_bg_overlay_color":"","ocean_disable_breadcrumbs":"default","ocean_breadcrumbs_color":"","ocean_breadcrumbs_separator_color":"","ocean_breadcrumbs_links_color":"","ocean_breadcrumbs_links_hover_color":"","ocean_display_footer_widgets":"default","ocean_display_footer_bottom":"default","ocean_custom_footer_template":"0","footnotes":""},"class_list":["post-776","page","type-page","status-publish","hentry","entry"],"uagb_featured_image_src":{"full":false,"thumbnail":false,"medium":false,"medium_large":false,"large":false,"1536x1536":false,"2048x2048":false,"ocean-thumb-m":false,"ocean-thumb-ml":false,"ocean-thumb-l":false},"uagb_author_info":{"display_name":"janis.daugavins","author_link":"https:\/\/kolbus.lv\/?author=1"},"uagb_comment_info":0,"uagb_excerpt":"V\u0101ku izgatavo\u0161anas Iek\u0101rta DA 370 Piln\u012bgi autom\u0101tiskai gr\u0101matu v\u0101ku, mapju, displeju, kaland\u0101ru pamat\u0146u, sp\u0113\u013cu (no kartona) ra\u017eo\u0161anai ar \u0101trumu l\u012bdz 65 cikli\/min\u016bt\u0113. V\u0101ku izgatavo\u0161anas Iek\u0101rta DA 270 Ieguvumi DA 370 ir univers\u0101la v\u0101ku izgatavojam\u0101 iek\u0101rta pla\u0161am pielietojumam. Iek\u0101rta ar t\u0101s past\u0101v\u012bgo materi\u0101la padevi ir konstru\u0113ta t\u0101, lai t\u0101 b\u016btu ergonomiska un lai to var\u0113tu viegli&hellip;","_links":{"self":[{"href":"https:\/\/kolbus.lv\/index.php?rest_route=\/wp\/v2\/pages\/776","targetHints":{"allow":["GET"]}}],"collection":[{"href":"https:\/\/kolbus.lv\/index.php?rest_route=\/wp\/v2\/pages"}],"about":[{"href":"https:\/\/kolbus.lv\/index.php?rest_route=\/wp\/v2\/types\/page"}],"author":[{"embeddable":true,"href":"https:\/\/kolbus.lv\/index.php?rest_route=\/wp\/v2\/users\/1"}],"replies":[{"embeddable":true,"href":"https:\/\/kolbus.lv\/index.php?rest_route=%2Fwp%2Fv2%2Fcomments&post=776"}],"version-history":[{"count":10,"href":"https:\/\/kolbus.lv\/index.php?rest_route=\/wp\/v2\/pages\/776\/revisions"}],"predecessor-version":[{"id":2088,"href":"https:\/\/kolbus.lv\/index.php?rest_route=\/wp\/v2\/pages\/776\/revisions\/2088"}],"up":[{"embeddable":true,"href":"https:\/\/kolbus.lv\/index.php?rest_route=\/wp\/v2\/pages\/989"}],"wp:attachment":[{"href":"https:\/\/kolbus.lv\/index.php?rest_route=%2Fwp%2Fv2%2Fmedia&parent=776"}],"curies":[{"name":"wp","href":"https:\/\/api.w.org\/{rel}","templated":true}]}}