{"id":966,"date":"2019-10-22T10:01:15","date_gmt":"2019-10-22T07:01:15","guid":{"rendered":"https:\/\/kolbus.jd.id.lv\/?page_id=966"},"modified":"2019-10-22T10:14:06","modified_gmt":"2019-10-22T07:14:06","slug":"case-production","status":"publish","type":"page","link":"https:\/\/kolbus.lv\/?page_id=966&lang=en","title":{"rendered":"Case production"},"content":{"rendered":"\t\t<div data-elementor-type=\"wp-page\" data-elementor-id=\"966\" class=\"elementor elementor-966\">\n\t\t\t\t\t\t<section class=\"elementor-section elementor-top-section elementor-element elementor-element-b7d5a86 elementor-section-boxed elementor-section-height-default elementor-section-height-default\" data-id=\"b7d5a86\" data-element_type=\"section\">\n\t\t\t\t\t\t<div class=\"elementor-container elementor-column-gap-default\">\n\t\t\t\t\t<div class=\"elementor-column elementor-col-100 elementor-top-column elementor-element elementor-element-a923e2a\" data-id=\"a923e2a\" data-element_type=\"column\">\n\t\t\t<div class=\"elementor-widget-wrap elementor-element-populated\">\n\t\t\t\t\t\t<div class=\"elementor-element elementor-element-86337be elementor-widget-divider--view-line elementor-widget elementor-widget-divider\" data-id=\"86337be\" data-element_type=\"widget\" data-widget_type=\"divider.default\">\n\t\t\t\t<div class=\"elementor-widget-container\">\n\t\t\t\t\t\t\t<div class=\"elementor-divider\">\n\t\t\t<span class=\"elementor-divider-separator\">\n\t\t\t\t\t\t<\/span>\n\t\t<\/div>\n\t\t\t\t\t\t<\/div>\n\t\t\t\t<\/div>\n\t\t\t\t<div class=\"elementor-element elementor-element-ab81e9d elementor-invisible elementor-widget elementor-widget-text-editor\" data-id=\"ab81e9d\" data-element_type=\"widget\" data-settings=\"{&quot;_animation&quot;:&quot;fadeIn&quot;,&quot;_animation_delay&quot;:200}\" data-widget_type=\"text-editor.default\">\n\t\t\t\t<div class=\"elementor-widget-container\">\n\t\t\t\t\t\t\t\t\t<h3 style=\"text-align: left;\">KOLBUS case makers are in action around the world \u2013\nand are among the &#8220;classics&#8221; in bookbinding machinery for the industrial processing of bookbinding board and binding material.<\/h3>\nFrom personalized photo book covers and customised small series for the insurance and financial services industries to multilingual covers, from Book-on-Demand production or scientific publications, including document management for the hardcover production \u2013  KOLBUS innovations to enable format changes on the fly \u2013 with no break in production \u2013 play a key role in delivering maximum speed and efficiency.\t\t\t\t\t\t\t\t<\/div>\n\t\t\t\t<\/div>\n\t\t\t\t<div class=\"elementor-element elementor-element-5726127 elementor-widget-divider--view-line elementor-widget elementor-widget-divider\" data-id=\"5726127\" data-element_type=\"widget\" data-widget_type=\"divider.default\">\n\t\t\t\t<div class=\"elementor-widget-container\">\n\t\t\t\t\t\t\t<div class=\"elementor-divider\">\n\t\t\t<span class=\"elementor-divider-separator\">\n\t\t\t\t\t\t<\/span>\n\t\t<\/div>\n\t\t\t\t\t\t<\/div>\n\t\t\t\t<\/div>\n\t\t\t\t<div class=\"elementor-element elementor-element-c4c269c elementor-invisible elementor-widget elementor-widget-image-gallery\" data-id=\"c4c269c\" data-element_type=\"widget\" data-settings=\"{&quot;_animation&quot;:&quot;fadeIn&quot;,&quot;_animation_delay&quot;:300}\" data-widget_type=\"image-gallery.default\">\n\t\t\t\t<div class=\"elementor-widget-container\">\n\t\t\t\t\t\t\t<div class=\"elementor-image-gallery\">\n\t\t\t<div id='gallery-1' class='gallery galleryid-966 gallery-columns-4 gallery-size-medium'><figure class='gallery-item'>\n\t\t\t<div class='gallery-icon landscape'>\n\t\t\t\t<img decoding=\"async\" width=\"233\" height=\"175\" src=\"https:\/\/kolbus.lv\/wp-content\/uploads\/2019\/09\/csm_image-HC-belletr-kolbus_1d73f9c648.jpg\" class=\"attachment-medium size-medium\" alt=\"Gr\u0101matu v\u0101ki\" \/>\n\t\t\t<\/div><\/figure><figure class='gallery-item'>\n\t\t\t<div class='gallery-icon landscape'>\n\t\t\t\t<img decoding=\"async\" width=\"232\" height=\"174\" src=\"https:\/\/kolbus.lv\/wp-content\/uploads\/2019\/09\/csm_imageSC-digital2-kolbus_a3d87b19d8.jpg\" class=\"attachment-medium size-medium\" alt=\"Gr\u0101matu v\u0101ki\" \/>\n\t\t\t<\/div><\/figure><figure class='gallery-item'>\n\t\t\t<div class='gallery-icon landscape'>\n\t\t\t\t<img decoding=\"async\" width=\"232\" height=\"174\" src=\"https:\/\/kolbus.lv\/wp-content\/uploads\/2019\/10\/csm_imageHC-SC-fotobuch2-kolbus_4159755215.jpg\" class=\"attachment-medium size-medium\" alt=\"Gr\u0101matu v\u0101ki\" \/>\n\t\t\t<\/div><\/figure><figure class='gallery-item'>\n\t\t\t<div class='gallery-icon landscape'>\n\t\t\t\t<img loading=\"lazy\" decoding=\"async\" width=\"233\" height=\"175\" src=\"https:\/\/kolbus.lv\/wp-content\/uploads\/2019\/10\/csm_imageHC-SC-fotobuch-kolbus_5b959fec59.jpg\" class=\"attachment-medium size-medium\" alt=\"Gr\u0101matu v\u0101ki\" \/>\n\t\t\t<\/div><\/figure>\n\t\t<\/div>\n\t\t<\/div>\n\t\t\t\t\t\t<\/div>\n\t\t\t\t<\/div>\n\t\t\t\t<div class=\"elementor-element elementor-element-580fe5e elementor-widget-divider--view-line elementor-widget elementor-widget-divider\" data-id=\"580fe5e\" data-element_type=\"widget\" data-widget_type=\"divider.default\">\n\t\t\t\t<div class=\"elementor-widget-container\">\n\t\t\t\t\t\t\t<div class=\"elementor-divider\">\n\t\t\t<span class=\"elementor-divider-separator\">\n\t\t\t\t\t\t<\/span>\n\t\t<\/div>\n\t\t\t\t\t\t<\/div>\n\t\t\t\t<\/div>\n\t\t\t\t<section class=\"elementor-section elementor-inner-section elementor-element elementor-element-53656c0 elementor-section-boxed elementor-section-height-default elementor-section-height-default\" data-id=\"53656c0\" data-element_type=\"section\">\n\t\t\t\t\t\t<div class=\"elementor-container elementor-column-gap-default\">\n\t\t\t\t\t<div class=\"elementor-column elementor-col-50 elementor-inner-column elementor-element elementor-element-68f636c\" data-id=\"68f636c\" data-element_type=\"column\">\n\t\t\t<div class=\"elementor-widget-wrap elementor-element-populated\">\n\t\t\t\t\t\t<div class=\"elementor-element elementor-element-29940a2 elementor-invisible elementor-widget elementor-widget-text-editor\" data-id=\"29940a2\" data-element_type=\"widget\" data-settings=\"{&quot;_animation&quot;:&quot;fadeIn&quot;,&quot;_animation_delay&quot;:500}\" data-widget_type=\"text-editor.default\">\n\t\t\t\t<div class=\"elementor-widget-container\">\n\t\t\t\t\t\t\t\t\t<p class=\"bodytext\">Customised finishing concepts to match the high speeds and large production volumes. KOLBUS offers automated case production lines capable of short run production, like personalized photo book cases and industrial volumes of multi piece cases.<\/p><p class=\"bodytext\"><strong>KOLBUS casemakers:<\/strong><br \/><a href=\"https:\/\/kolbus.jd.id.lv\/gramatu-vaki\/da-290\"><strong>DA 290<\/strong><\/a> &#8211; for large formats up to max. 1,050 x 735 mm<br \/><a href=\"https:\/\/kolbus.jd.id.lv\/iekartas\/gramatu-vaki\/da-280\/\"><strong>DA 280<\/strong><\/a> \u2013 for high performance up to 100 cycles \/ min.<br \/><a href=\"https:\/\/kolbus.jd.id.lv\/iekartas\/gramatu-vaki\/da-270\/\"><strong>DA 270<\/strong><\/a> with extensive equipment variants, e.g. the integrated corner cutter and the round corner tool for reshaping<br \/><a href=\"https:\/\/kolbus.jd.id.lv\/iekartas\/gramatu-vaki\/da-270-bookjet\/\"><strong>DA 270<\/strong><\/a> Bookjet system for variable centre strip widths of continuous production for digital printing products<br \/><a href=\"https:\/\/kolbus.jd.id.lv\/en\/products\/case-production\/da-260\/\"><strong>DA 260<\/strong><\/a> is the all &#8211; rounder for versatile applications, contour cases, packaging production, etc<\/p>\t\t\t\t\t\t\t\t<\/div>\n\t\t\t\t<\/div>\n\t\t\t\t\t<\/div>\n\t\t<\/div>\n\t\t\t\t<div class=\"elementor-column elementor-col-50 elementor-inner-column elementor-element elementor-element-6bcaeca\" data-id=\"6bcaeca\" data-element_type=\"column\">\n\t\t\t<div class=\"elementor-widget-wrap elementor-element-populated\">\n\t\t\t\t\t\t<div class=\"elementor-element elementor-element-c5a62f8 elementor-invisible elementor-widget elementor-widget-image\" data-id=\"c5a62f8\" data-element_type=\"widget\" data-settings=\"{&quot;_animation&quot;:&quot;fadeIn&quot;,&quot;_animation_delay&quot;:600}\" data-widget_type=\"image.default\">\n\t\t\t\t<div class=\"elementor-widget-container\">\n\t\t\t\t\t\t\t\t\t\t\t\t\t\t\t<img loading=\"lazy\" decoding=\"async\" width=\"480\" height=\"304\" src=\"https:\/\/kolbus.lv\/wp-content\/uploads\/2019\/09\/csm_DA_290-280-260_kolbus_e7a57c01ab.jpg\" class=\"attachment-large size-large wp-image-428\" alt=\"KOLBUS v\u0101ku izgatavojam\u0101s iek\u0101rtas\" srcset=\"https:\/\/kolbus.lv\/wp-content\/uploads\/2019\/09\/csm_DA_290-280-260_kolbus_e7a57c01ab.jpg 480w, https:\/\/kolbus.lv\/wp-content\/uploads\/2019\/09\/csm_DA_290-280-260_kolbus_e7a57c01ab-300x190.jpg 300w\" sizes=\"(max-width: 480px) 100vw, 480px\" \/>\t\t\t\t\t\t\t\t\t\t\t\t\t\t\t<\/div>\n\t\t\t\t<\/div>\n\t\t\t\t\t<\/div>\n\t\t<\/div>\n\t\t\t\t\t<\/div>\n\t\t<\/section>\n\t\t\t\t\t<\/div>\n\t\t<\/div>\n\t\t\t\t\t<\/div>\n\t\t<\/section>\n\t\t\t\t<\/div>\n\t\t","protected":false},"excerpt":{"rendered":"<p>KOLBUS case makers are in action around the world \u2013 and are among the &#8220;classics&#8221; in bookbinding machinery for the industrial processing of bookbinding board and binding material. From personalized photo book covers and customised small series for the insurance and financial services industries to multilingual covers, from Book-on-Demand production or scientific publications, including document [&hellip;]<\/p>\n","protected":false},"author":1,"featured_media":0,"parent":964,"menu_order":0,"comment_status":"closed","ping_status":"closed","template":"","meta":{"_uag_custom_page_level_css":"","ocean_post_layout":"full-width","ocean_both_sidebars_style":"","ocean_both_sidebars_content_width":0,"ocean_both_sidebars_sidebars_width":0,"ocean_sidebar":"0","ocean_second_sidebar":"0","ocean_disable_margins":"enable","ocean_add_body_class":"","ocean_shortcode_before_top_bar":"","ocean_shortcode_after_top_bar":"","ocean_shortcode_before_header":"","ocean_shortcode_after_header":"","ocean_has_shortcode":"","ocean_shortcode_after_title":"","ocean_shortcode_before_footer_widgets":"","ocean_shortcode_after_footer_widgets":"","ocean_shortcode_before_footer_bottom":"","ocean_shortcode_after_footer_bottom":"","ocean_display_top_bar":"default","ocean_display_header":"default","ocean_header_style":"","ocean_center_header_left_menu":"0","ocean_custom_header_template":"0","ocean_custom_logo":0,"ocean_custom_retina_logo":0,"ocean_custom_logo_max_width":0,"ocean_custom_logo_tablet_max_width":0,"ocean_custom_logo_mobile_max_width":0,"ocean_custom_logo_max_height":0,"ocean_custom_logo_tablet_max_height":0,"ocean_custom_logo_mobile_max_height":0,"ocean_header_custom_menu":"0","ocean_menu_typo_font_family":"0","ocean_menu_typo_font_subset":"","ocean_menu_typo_font_size":0,"ocean_menu_typo_font_size_tablet":0,"ocean_menu_typo_font_size_mobile":0,"ocean_menu_typo_font_size_unit":"px","ocean_menu_typo_font_weight":"","ocean_menu_typo_font_weight_tablet":"","ocean_menu_typo_font_weight_mobile":"","ocean_menu_typo_transform":"","ocean_menu_typo_transform_tablet":"","ocean_menu_typo_transform_mobile":"","ocean_menu_typo_line_height":0,"ocean_menu_typo_line_height_tablet":0,"ocean_menu_typo_line_height_mobile":0,"ocean_menu_typo_line_height_unit":"","ocean_menu_typo_spacing":0,"ocean_menu_typo_spacing_tablet":0,"ocean_menu_typo_spacing_mobile":0,"ocean_menu_typo_spacing_unit":"","ocean_menu_link_color":"","ocean_menu_link_color_hover":"","ocean_menu_link_color_active":"","ocean_menu_link_background":"","ocean_menu_link_hover_background":"","ocean_menu_link_active_background":"","ocean_menu_social_links_bg":"","ocean_menu_social_hover_links_bg":"","ocean_menu_social_links_color":"","ocean_menu_social_hover_links_color":"","ocean_disable_title":"default","ocean_disable_heading":"default","ocean_post_title":"","ocean_post_subheading":"","ocean_post_title_style":"background-image","ocean_post_title_background_color":"","ocean_post_title_background":407,"ocean_post_title_bg_image_position":"","ocean_post_title_bg_image_attachment":"","ocean_post_title_bg_image_repeat":"","ocean_post_title_bg_image_size":"","ocean_post_title_height":0,"ocean_post_title_bg_overlay":0.5,"ocean_post_title_bg_overlay_color":"","ocean_disable_breadcrumbs":"default","ocean_breadcrumbs_color":"","ocean_breadcrumbs_separator_color":"","ocean_breadcrumbs_links_color":"","ocean_breadcrumbs_links_hover_color":"","ocean_display_footer_widgets":"default","ocean_display_footer_bottom":"default","ocean_custom_footer_template":"0","footnotes":""},"class_list":["post-966","page","type-page","status-publish","hentry","entry"],"uagb_featured_image_src":{"full":false,"thumbnail":false,"medium":false,"medium_large":false,"large":false,"1536x1536":false,"2048x2048":false,"ocean-thumb-m":false,"ocean-thumb-ml":false,"ocean-thumb-l":false},"uagb_author_info":{"display_name":"janis.daugavins","author_link":"https:\/\/kolbus.lv\/?author=1"},"uagb_comment_info":0,"uagb_excerpt":"KOLBUS case makers are in action around the world \u2013 and are among the &#8220;classics&#8221; in bookbinding machinery for the industrial processing of bookbinding board and binding material. From personalized photo book covers and customised small series for the insurance and financial services industries to multilingual covers, from Book-on-Demand production or scientific publications, including document&hellip;","_links":{"self":[{"href":"https:\/\/kolbus.lv\/index.php?rest_route=\/wp\/v2\/pages\/966","targetHints":{"allow":["GET"]}}],"collection":[{"href":"https:\/\/kolbus.lv\/index.php?rest_route=\/wp\/v2\/pages"}],"about":[{"href":"https:\/\/kolbus.lv\/index.php?rest_route=\/wp\/v2\/types\/page"}],"author":[{"embeddable":true,"href":"https:\/\/kolbus.lv\/index.php?rest_route=\/wp\/v2\/users\/1"}],"replies":[{"embeddable":true,"href":"https:\/\/kolbus.lv\/index.php?rest_route=%2Fwp%2Fv2%2Fcomments&post=966"}],"version-history":[{"count":7,"href":"https:\/\/kolbus.lv\/index.php?rest_route=\/wp\/v2\/pages\/966\/revisions"}],"predecessor-version":[{"id":980,"href":"https:\/\/kolbus.lv\/index.php?rest_route=\/wp\/v2\/pages\/966\/revisions\/980"}],"up":[{"embeddable":true,"href":"https:\/\/kolbus.lv\/index.php?rest_route=\/wp\/v2\/pages\/964"}],"wp:attachment":[{"href":"https:\/\/kolbus.lv\/index.php?rest_route=%2Fwp%2Fv2%2Fmedia&parent=966"}],"curies":[{"name":"wp","href":"https:\/\/api.w.org\/{rel}","templated":true}]}}